{"id":2229,"date":"2021-03-08T17:02:01","date_gmt":"2021-03-08T16:02:01","guid":{"rendered":"https:\/\/ffb.webbics.de\/?page_id=2229"},"modified":"2021-03-08T17:02:01","modified_gmt":"2021-03-08T16:02:01","slug":"niedersaechsisches-forschungszentrum-fahrzeugtechnik-nff","status":"publish","type":"page","link":"https:\/\/www.forschungsflughafen.de\/de\/standort\/grossvorhaben\/niedersaechsisches-forschungszentrum-fahrzeugtechnik-nff\/","title":{"rendered":"Nieders\u00e4chsisches Forschungszentrum Fahrzeugtechnik (NFF)"},"content":{"rendered":"<div class=\"fusion-fullwidth fullwidth-box fusion-builder-row-1 fusion-flex-container nonhundred-percent-fullwidth non-hundred-percent-height-scrolling\" style=\"--awb-border-radius-top-left:0px;--awb-border-radius-top-right:0px;--awb-border-radius-bottom-right:0px;--awb-border-radius-bottom-left:0px;--awb-flex-wrap:wrap;\" ><div class=\"fusion-builder-row fusion-row fusion-flex-align-items-flex-start fusion-flex-content-wrap\" style=\"max-width:832px;margin-left: calc(-4% \/ 2 );margin-right: calc(-4% \/ 2 );\"><div class=\"fusion-layout-column fusion_builder_column fusion-builder-column-0 fusion_builder_column_1_1 1_1 fusion-flex-column\" style=\"--awb-bg-size:cover;--awb-width-large:100%;--awb-margin-top-large:15px;--awb-spacing-right-large:1.92%;--awb-margin-bottom-large:15px;--awb-spacing-left-large:1.92%;--awb-width-medium:100%;--awb-order-medium:0;--awb-spacing-right-medium:1.92%;--awb-spacing-left-medium:1.92%;--awb-width-small:100%;--awb-order-small:0;--awb-spacing-right-small:1.92%;--awb-spacing-left-small:1.92%;\"><div class=\"fusion-column-wrapper fusion-column-has-shadow fusion-flex-justify-content-flex-start fusion-content-layout-column\"><div class=\"fusion-title title fusion-title-1 fusion-sep-none fusion-title-text fusion-title-size-three\"><h3 class=\"fusion-title-heading title-heading-left fusion-responsive-typography-calculated\" style=\"margin:0;--fontSize:16;--minFontSize:16;line-height:1.25;\">Nieders\u00e4chsisches Forschungszentrum Fahrzeugtechnik (NFF)<\/h3><\/div><div class=\"fusion-text fusion-text-1\"><p><img decoding=\"async\" class=\"alignright size-fusion-200 wp-image-2230\" title=\"\" src=\"https:\/\/www.forschungsflughafen.de\/wp-content\/uploads\/2021\/03\/NFF-200x196.jpg\" alt=\"\" width=\"200\" height=\"196\" srcset=\"https:\/\/www.forschungsflughafen.de\/wp-content\/uploads\/2021\/03\/NFF-66x66.jpg 66w, https:\/\/www.forschungsflughafen.de\/wp-content\/uploads\/2021\/03\/NFF-200x196.jpg 200w, https:\/\/www.forschungsflughafen.de\/wp-content\/uploads\/2021\/03\/NFF.jpg 350w\" sizes=\"(max-width: 200px) 100vw, 200px\" \/>Als interdisziplin\u00e4res Zentrum wurde das<br \/>\nNFF 2007 von der TU Braunschweig mit Unterst\u00fctzung der Nieders\u00e4chsischen Landesregierung und der Volkswagen AG gegr\u00fcndet, um die Forschungsregion Braunschweig als Spitzenstandort in der Fahrzeugtechnik mit internationalem Rang zu etablieren.<\/p>\n<p>Es entstand damit eine effektive Kooperationsplattform f\u00fcr die gemeinsame Forschung von Industrie und Wissenschaft, die Anfang 2009 einen weiteren Impuls durch die Er\u00f6ffnung des Standortes Wolfsburg im MobileLifeCampus erhielt. Drei der insgesamt 12 Mitgliedsinstitute der TU Braunschweig sind hier angesiedelt. Als weiterer Standort ist der Neubau am Forschungsflughafens Braunschweig geplant.<br \/>\nDas NFF konzentriert sich auf zukunftstr\u00e4chtige Themen der fahrzeugtechnischen Forschung. Forschungsfelder, die in interdisziplin\u00e4ren Forscherteams bearbeitet und von Projektleitern der NFF-Gesch\u00e4ftsstelle gesteuert werden, sind:<\/p>\n<ul>\n<li>\u201eDas Intelligente Fahrzeug\u201c<\/li>\n<li>\u201eDas emissionsarme Fahrzeug\u201c<\/li>\n<li>\u201eFlexible Fahrzeugkonzepte\u201c<\/li>\n<li>\u201eRahmenbedingungen und Mobili\u00e4tskonzepte\u201c<\/li>\n<\/ul>\n<p>Die Forschungsprogrammatik des NFF basiert auf der Vision des Metropolitan Car. Es fokussiert die Entwicklung zuk\u00fcnftiger fahrzeugbezogener Technologien und Nutzungsmodelle f\u00fcr die nachhaltige Sicherstellung der individuellen Mobilit\u00e4tsbed\u00fcrfnisse in Ballungsr\u00e4umen.<\/p>\n<p><a href=\"http:\/\/www.nff.tu-bs.de\/\" target=\"_blank\" rel=\"noopener noreferrer\">www.nff.tu-bs.de<\/a><\/p>\n<\/div><div class=\"fusion-text fusion-text-2\" style=\"--awb-content-alignment:right;\"><p><a href=\"https:\/\/www.forschungsflughafen.de\/standort\/grossvorhaben\/\">zur\u00fcck \u00bb<\/a><\/p>\n<\/div><\/div><\/div><\/div><\/div>\n","protected":false},"excerpt":{"rendered":"","protected":false},"author":6,"featured_media":0,"parent":2218,"menu_order":0,"comment_status":"closed","ping_status":"closed","template":"","meta":{"footnotes":""},"class_list":["post-2229","page","type-page","status-publish","hentry"],"yoast_head":"<!-- This site is optimized with the Yoast SEO plugin v27.6 - https:\/\/yoast.com\/product\/yoast-seo-wordpress\/ -->\n<title>Nieders\u00e4chsisches Forschungszentrum Fahrzeugtechnik (NFF) - Forschungsflughafen Braunschweig GmbH<\/title>\n<meta name=\"robots\" content=\"index, follow, max-snippet:-1, max-image-preview:large, max-video-preview:-1\" \/>\n<link rel=\"canonical\" href=\"https:\/\/www.forschungsflughafen.de\/de\/standort\/grossvorhaben\/niedersaechsisches-forschungszentrum-fahrzeugtechnik-nff\/\" \/>\n<meta property=\"og:locale\" content=\"de_DE\" \/>\n<meta property=\"og:type\" content=\"article\" \/>\n<meta property=\"og:title\" content=\"Nieders\u00e4chsisches Forschungszentrum Fahrzeugtechnik (NFF) - Forschungsflughafen Braunschweig GmbH\" \/>\n<meta property=\"og:url\" content=\"https:\/\/www.forschungsflughafen.de\/de\/standort\/grossvorhaben\/niedersaechsisches-forschungszentrum-fahrzeugtechnik-nff\/\" \/>\n<meta property=\"og:site_name\" content=\"Forschungsflughafen Braunschweig GmbH\" \/>\n<meta property=\"og:image\" content=\"https:\/\/www.forschungsflughafen.de\/wp-content\/uploads\/2021\/03\/NFF-200x196.jpg\" \/>\n<meta name=\"twitter:card\" content=\"summary_large_image\" \/>\n<meta name=\"twitter:label1\" content=\"Gesch\u00e4tzte Lesezeit\" \/>\n\t<meta name=\"twitter:data1\" content=\"5\u00a0Minuten\" \/>\n<script type=\"application\/ld+json\" class=\"yoast-schema-graph\">{\"@context\":\"https:\\\/\\\/schema.org\",\"@graph\":[{\"@type\":\"WebPage\",\"@id\":\"https:\\\/\\\/www.forschungsflughafen.de\\\/de\\\/standort\\\/grossvorhaben\\\/niedersaechsisches-forschungszentrum-fahrzeugtechnik-nff\\\/\",\"url\":\"https:\\\/\\\/www.forschungsflughafen.de\\\/de\\\/standort\\\/grossvorhaben\\\/niedersaechsisches-forschungszentrum-fahrzeugtechnik-nff\\\/\",\"name\":\"Nieders\u00e4chsisches Forschungszentrum Fahrzeugtechnik (NFF) - Forschungsflughafen Braunschweig GmbH\",\"isPartOf\":{\"@id\":\"https:\\\/\\\/www.forschungsflughafen.de\\\/de\\\/#website\"},\"primaryImageOfPage\":{\"@id\":\"https:\\\/\\\/www.forschungsflughafen.de\\\/de\\\/standort\\\/grossvorhaben\\\/niedersaechsisches-forschungszentrum-fahrzeugtechnik-nff\\\/#primaryimage\"},\"image\":{\"@id\":\"https:\\\/\\\/www.forschungsflughafen.de\\\/de\\\/standort\\\/grossvorhaben\\\/niedersaechsisches-forschungszentrum-fahrzeugtechnik-nff\\\/#primaryimage\"},\"thumbnailUrl\":\"https:\\\/\\\/www.forschungsflughafen.de\\\/wp-content\\\/uploads\\\/2021\\\/03\\\/NFF-200x196.jpg\",\"datePublished\":\"2021-03-08T16:02:01+00:00\",\"breadcrumb\":{\"@id\":\"https:\\\/\\\/www.forschungsflughafen.de\\\/de\\\/standort\\\/grossvorhaben\\\/niedersaechsisches-forschungszentrum-fahrzeugtechnik-nff\\\/#breadcrumb\"},\"inLanguage\":\"de\",\"potentialAction\":[{\"@type\":\"ReadAction\",\"target\":[\"https:\\\/\\\/www.forschungsflughafen.de\\\/de\\\/standort\\\/grossvorhaben\\\/niedersaechsisches-forschungszentrum-fahrzeugtechnik-nff\\\/\"]}]},{\"@type\":\"ImageObject\",\"inLanguage\":\"de\",\"@id\":\"https:\\\/\\\/www.forschungsflughafen.de\\\/de\\\/standort\\\/grossvorhaben\\\/niedersaechsisches-forschungszentrum-fahrzeugtechnik-nff\\\/#primaryimage\",\"url\":\"https:\\\/\\\/www.forschungsflughafen.de\\\/wp-content\\\/uploads\\\/2021\\\/03\\\/NFF-200x196.jpg\",\"contentUrl\":\"https:\\\/\\\/www.forschungsflughafen.de\\\/wp-content\\\/uploads\\\/2021\\\/03\\\/NFF-200x196.jpg\"},{\"@type\":\"BreadcrumbList\",\"@id\":\"https:\\\/\\\/www.forschungsflughafen.de\\\/de\\\/standort\\\/grossvorhaben\\\/niedersaechsisches-forschungszentrum-fahrzeugtechnik-nff\\\/#breadcrumb\",\"itemListElement\":[{\"@type\":\"ListItem\",\"position\":1,\"name\":\"Startseite\",\"item\":\"https:\\\/\\\/www.forschungsflughafen.de\\\/de\\\/\"},{\"@type\":\"ListItem\",\"position\":2,\"name\":\"Standort\",\"item\":\"https:\\\/\\\/www.forschungsflughafen.de\\\/de\\\/standort\\\/\"},{\"@type\":\"ListItem\",\"position\":3,\"name\":\"Gro\u00dfvorhaben\",\"item\":\"https:\\\/\\\/www.forschungsflughafen.de\\\/de\\\/standort\\\/grossvorhaben\\\/\"},{\"@type\":\"ListItem\",\"position\":4,\"name\":\"Nieders\u00e4chsisches Forschungszentrum Fahrzeugtechnik (NFF)\"}]},{\"@type\":\"WebSite\",\"@id\":\"https:\\\/\\\/www.forschungsflughafen.de\\\/de\\\/#website\",\"url\":\"https:\\\/\\\/www.forschungsflughafen.de\\\/de\\\/\",\"name\":\"Forschungsflughafen Braunschweig GmbH\",\"description\":\"Eines der innovativsten Wirtschafts- und Wissenschaftscluster Europas\",\"publisher\":{\"@id\":\"https:\\\/\\\/www.forschungsflughafen.de\\\/de\\\/#organization\"},\"potentialAction\":[{\"@type\":\"SearchAction\",\"target\":{\"@type\":\"EntryPoint\",\"urlTemplate\":\"https:\\\/\\\/www.forschungsflughafen.de\\\/de\\\/?s={search_term_string}\"},\"query-input\":{\"@type\":\"PropertyValueSpecification\",\"valueRequired\":true,\"valueName\":\"search_term_string\"}}],\"inLanguage\":\"de\"},{\"@type\":\"Organization\",\"@id\":\"https:\\\/\\\/www.forschungsflughafen.de\\\/de\\\/#organization\",\"name\":\"Forschungsflughafen Braunschweig GmbH\",\"url\":\"https:\\\/\\\/www.forschungsflughafen.de\\\/de\\\/\",\"logo\":{\"@type\":\"ImageObject\",\"inLanguage\":\"de\",\"@id\":\"https:\\\/\\\/www.forschungsflughafen.de\\\/de\\\/#\\\/schema\\\/logo\\\/image\\\/\",\"url\":\"https:\\\/\\\/www.forschungsflughafen.de\\\/wp-content\\\/uploads\\\/2021\\\/09\\\/Rosette.png\",\"contentUrl\":\"https:\\\/\\\/www.forschungsflughafen.de\\\/wp-content\\\/uploads\\\/2021\\\/09\\\/Rosette.png\",\"width\":130,\"height\":129,\"caption\":\"Forschungsflughafen Braunschweig GmbH\"},\"image\":{\"@id\":\"https:\\\/\\\/www.forschungsflughafen.de\\\/de\\\/#\\\/schema\\\/logo\\\/image\\\/\"}}]}<\/script>\n<!-- \/ Yoast SEO plugin. -->","yoast_head_json":{"title":"Nieders\u00e4chsisches Forschungszentrum Fahrzeugtechnik (NFF) - Forschungsflughafen Braunschweig GmbH","robots":{"index":"index","follow":"follow","max-snippet":"max-snippet:-1","max-image-preview":"max-image-preview:large","max-video-preview":"max-video-preview:-1"},"canonical":"https:\/\/www.forschungsflughafen.de\/de\/standort\/grossvorhaben\/niedersaechsisches-forschungszentrum-fahrzeugtechnik-nff\/","og_locale":"de_DE","og_type":"article","og_title":"Nieders\u00e4chsisches Forschungszentrum Fahrzeugtechnik (NFF) - Forschungsflughafen Braunschweig GmbH","og_url":"https:\/\/www.forschungsflughafen.de\/de\/standort\/grossvorhaben\/niedersaechsisches-forschungszentrum-fahrzeugtechnik-nff\/","og_site_name":"Forschungsflughafen Braunschweig GmbH","og_image":[{"url":"https:\/\/www.forschungsflughafen.de\/wp-content\/uploads\/2021\/03\/NFF-200x196.jpg","type":"","width":"","height":""}],"twitter_card":"summary_large_image","twitter_misc":{"Gesch\u00e4tzte Lesezeit":"5\u00a0Minuten"},"schema":{"@context":"https:\/\/schema.org","@graph":[{"@type":"WebPage","@id":"https:\/\/www.forschungsflughafen.de\/de\/standort\/grossvorhaben\/niedersaechsisches-forschungszentrum-fahrzeugtechnik-nff\/","url":"https:\/\/www.forschungsflughafen.de\/de\/standort\/grossvorhaben\/niedersaechsisches-forschungszentrum-fahrzeugtechnik-nff\/","name":"Nieders\u00e4chsisches Forschungszentrum Fahrzeugtechnik (NFF) - Forschungsflughafen Braunschweig GmbH","isPartOf":{"@id":"https:\/\/www.forschungsflughafen.de\/de\/#website"},"primaryImageOfPage":{"@id":"https:\/\/www.forschungsflughafen.de\/de\/standort\/grossvorhaben\/niedersaechsisches-forschungszentrum-fahrzeugtechnik-nff\/#primaryimage"},"image":{"@id":"https:\/\/www.forschungsflughafen.de\/de\/standort\/grossvorhaben\/niedersaechsisches-forschungszentrum-fahrzeugtechnik-nff\/#primaryimage"},"thumbnailUrl":"https:\/\/www.forschungsflughafen.de\/wp-content\/uploads\/2021\/03\/NFF-200x196.jpg","datePublished":"2021-03-08T16:02:01+00:00","breadcrumb":{"@id":"https:\/\/www.forschungsflughafen.de\/de\/standort\/grossvorhaben\/niedersaechsisches-forschungszentrum-fahrzeugtechnik-nff\/#breadcrumb"},"inLanguage":"de","potentialAction":[{"@type":"ReadAction","target":["https:\/\/www.forschungsflughafen.de\/de\/standort\/grossvorhaben\/niedersaechsisches-forschungszentrum-fahrzeugtechnik-nff\/"]}]},{"@type":"ImageObject","inLanguage":"de","@id":"https:\/\/www.forschungsflughafen.de\/de\/standort\/grossvorhaben\/niedersaechsisches-forschungszentrum-fahrzeugtechnik-nff\/#primaryimage","url":"https:\/\/www.forschungsflughafen.de\/wp-content\/uploads\/2021\/03\/NFF-200x196.jpg","contentUrl":"https:\/\/www.forschungsflughafen.de\/wp-content\/uploads\/2021\/03\/NFF-200x196.jpg"},{"@type":"BreadcrumbList","@id":"https:\/\/www.forschungsflughafen.de\/de\/standort\/grossvorhaben\/niedersaechsisches-forschungszentrum-fahrzeugtechnik-nff\/#breadcrumb","itemListElement":[{"@type":"ListItem","position":1,"name":"Startseite","item":"https:\/\/www.forschungsflughafen.de\/de\/"},{"@type":"ListItem","position":2,"name":"Standort","item":"https:\/\/www.forschungsflughafen.de\/de\/standort\/"},{"@type":"ListItem","position":3,"name":"Gro\u00dfvorhaben","item":"https:\/\/www.forschungsflughafen.de\/de\/standort\/grossvorhaben\/"},{"@type":"ListItem","position":4,"name":"Nieders\u00e4chsisches Forschungszentrum Fahrzeugtechnik (NFF)"}]},{"@type":"WebSite","@id":"https:\/\/www.forschungsflughafen.de\/de\/#website","url":"https:\/\/www.forschungsflughafen.de\/de\/","name":"Forschungsflughafen Braunschweig GmbH","description":"Eines der innovativsten Wirtschafts- und Wissenschaftscluster Europas","publisher":{"@id":"https:\/\/www.forschungsflughafen.de\/de\/#organization"},"potentialAction":[{"@type":"SearchAction","target":{"@type":"EntryPoint","urlTemplate":"https:\/\/www.forschungsflughafen.de\/de\/?s={search_term_string}"},"query-input":{"@type":"PropertyValueSpecification","valueRequired":true,"valueName":"search_term_string"}}],"inLanguage":"de"},{"@type":"Organization","@id":"https:\/\/www.forschungsflughafen.de\/de\/#organization","name":"Forschungsflughafen Braunschweig GmbH","url":"https:\/\/www.forschungsflughafen.de\/de\/","logo":{"@type":"ImageObject","inLanguage":"de","@id":"https:\/\/www.forschungsflughafen.de\/de\/#\/schema\/logo\/image\/","url":"https:\/\/www.forschungsflughafen.de\/wp-content\/uploads\/2021\/09\/Rosette.png","contentUrl":"https:\/\/www.forschungsflughafen.de\/wp-content\/uploads\/2021\/09\/Rosette.png","width":130,"height":129,"caption":"Forschungsflughafen Braunschweig GmbH"},"image":{"@id":"https:\/\/www.forschungsflughafen.de\/de\/#\/schema\/logo\/image\/"}}]}},"_links":{"self":[{"href":"https:\/\/www.forschungsflughafen.de\/de\/wp-json\/wp\/v2\/pages\/2229","targetHints":{"allow":["GET"]}}],"collection":[{"href":"https:\/\/www.forschungsflughafen.de\/de\/wp-json\/wp\/v2\/pages"}],"about":[{"href":"https:\/\/www.forschungsflughafen.de\/de\/wp-json\/wp\/v2\/types\/page"}],"author":[{"embeddable":true,"href":"https:\/\/www.forschungsflughafen.de\/de\/wp-json\/wp\/v2\/users\/6"}],"replies":[{"embeddable":true,"href":"https:\/\/www.forschungsflughafen.de\/de\/wp-json\/wp\/v2\/comments?post=2229"}],"version-history":[{"count":2,"href":"https:\/\/www.forschungsflughafen.de\/de\/wp-json\/wp\/v2\/pages\/2229\/revisions"}],"predecessor-version":[{"id":2232,"href":"https:\/\/www.forschungsflughafen.de\/de\/wp-json\/wp\/v2\/pages\/2229\/revisions\/2232"}],"up":[{"embeddable":true,"href":"https:\/\/www.forschungsflughafen.de\/de\/wp-json\/wp\/v2\/pages\/2218"}],"wp:attachment":[{"href":"https:\/\/www.forschungsflughafen.de\/de\/wp-json\/wp\/v2\/media?parent=2229"}],"curies":[{"name":"wp","href":"https:\/\/api.w.org\/{rel}","templated":true}]}}