{"id":2218,"date":"2021-03-08T16:54:18","date_gmt":"2021-03-08T15:54:18","guid":{"rendered":"https:\/\/ffb.webbics.de\/?page_id=2218"},"modified":"2022-03-09T10:25:03","modified_gmt":"2022-03-09T09:25:03","slug":"grossvorhaben","status":"publish","type":"page","link":"https:\/\/www.forschungsflughafen.de\/de\/standort\/grossvorhaben\/","title":{"rendered":"Gro\u00dfvorhaben"},"content":{"rendered":"<div class=\"fusion-fullwidth fullwidth-box fusion-builder-row-1 fusion-flex-container nonhundred-percent-fullwidth non-hundred-percent-height-scrolling\" style=\"--awb-border-radius-top-left:0px;--awb-border-radius-top-right:0px;--awb-border-radius-bottom-right:0px;--awb-border-radius-bottom-left:0px;--awb-flex-wrap:wrap;\" ><div class=\"fusion-builder-row fusion-row fusion-flex-align-items-flex-start fusion-flex-content-wrap\" style=\"max-width:832px;margin-left: calc(-4% \/ 2 );margin-right: calc(-4% \/ 2 );\"><div class=\"fusion-layout-column fusion_builder_column fusion-builder-column-0 fusion_builder_column_1_1 1_1 fusion-flex-column\" style=\"--awb-bg-size:cover;--awb-width-large:100%;--awb-margin-top-large:15px;--awb-spacing-right-large:1.92%;--awb-margin-bottom-large:15px;--awb-spacing-left-large:1.92%;--awb-width-medium:100%;--awb-order-medium:0;--awb-spacing-right-medium:1.92%;--awb-spacing-left-medium:1.92%;--awb-width-small:100%;--awb-order-small:0;--awb-spacing-right-small:1.92%;--awb-spacing-left-small:1.92%;\"><div class=\"fusion-column-wrapper fusion-column-has-shadow fusion-flex-justify-content-flex-start fusion-content-layout-column\"><div class=\"fusion-title title fusion-title-1 fusion-sep-none fusion-title-text fusion-title-size-three\"><h3 class=\"fusion-title-heading title-heading-left fusion-responsive-typography-calculated\" style=\"margin:0;--fontSize:16;--minFontSize:16;line-height:1.25;\">Gro\u00dfvorhaben<\/h3><\/div><\/div><\/div><div class=\"fusion-layout-column fusion_builder_column fusion-builder-column-1 fusion_builder_column_1_1 1_1 fusion-flex-column\" style=\"--awb-bg-size:cover;--awb-width-large:100%;--awb-margin-top-large:15px;--awb-spacing-right-large:1.92%;--awb-margin-bottom-large:15px;--awb-spacing-left-large:1.92%;--awb-width-medium:100%;--awb-order-medium:0;--awb-spacing-right-medium:1.92%;--awb-spacing-left-medium:1.92%;--awb-width-small:100%;--awb-order-small:0;--awb-spacing-right-small:1.92%;--awb-spacing-left-small:1.92%;\"><div class=\"fusion-column-wrapper fusion-column-has-shadow fusion-flex-justify-content-flex-start fusion-content-layout-column\"><div class=\"fusion-title title fusion-title-2 fusion-sep-none fusion-title-text fusion-title-size-four\"><h4 class=\"fusion-title-heading title-heading-left fusion-responsive-typography-calculated\" style=\"margin:0;--fontSize:14;--minFontSize:14;line-height:1.29;\">Nieders\u00e4chsisches Forschungszentrum f\u00fcr Luftfahrt (NFL)<\/h4><\/div><div class=\"fusion-text fusion-text-1\"><p><img decoding=\"async\" class=\"alignright size-fusion-200 wp-image-2189\" title=\"\" src=\"https:\/\/www.forschungsflughafen.de\/wp-content\/uploads\/2021\/03\/Logo_NFL_150px-200x91.jpg\" alt=\"\" width=\"200\" height=\"91\" srcset=\"https:\/\/www.forschungsflughafen.de\/wp-content\/uploads\/2021\/03\/Logo_NFL_150px-200x91.jpg 200w, https:\/\/www.forschungsflughafen.de\/wp-content\/uploads\/2021\/03\/Logo_NFL_150px-400x182.jpg 400w, https:\/\/www.forschungsflughafen.de\/wp-content\/uploads\/2021\/03\/Logo_NFL_150px-500x228.jpg 500w, https:\/\/www.forschungsflughafen.de\/wp-content\/uploads\/2021\/03\/Logo_NFL_150px-600x273.jpg 600w, https:\/\/www.forschungsflughafen.de\/wp-content\/uploads\/2021\/03\/Logo_NFL_150px-768x349.jpg 768w, https:\/\/www.forschungsflughafen.de\/wp-content\/uploads\/2021\/03\/Logo_NFL_150px.jpg 789w\" sizes=\"(max-width: 200px) 100vw, 200px\" \/>Der Luftfahrt-Forschungsstandort gewinnt mit dem Nieders\u00e4chsisches Forschungszentrum f\u00fcr Luftfahrt am Forschungsflughafen internationale Sichtbarkeit und ein weiteres Alleinstellungsmerkmal. Die Technische Universit\u00e4t Braunschweig und das Deutsche Zentrum f\u00fcr Luft- und Raumfahrt b\u00fcndeln ihre breit gef\u00e4cherten Kompetenzen.<\/p>\n<\/div><div class=\"fusion-text fusion-text-2\" style=\"--awb-content-alignment:right;\"><p><a href=\"https:\/\/www.forschungsflughafen.de\/standort\/grossvorhaben\/niedersaechsisches-forschungszentrum-fuer-luftfahrt-nfl\/\">weiterlesen \u00bb<\/a><\/p>\n<\/div><\/div><\/div><div class=\"fusion-layout-column fusion_builder_column fusion-builder-column-2 fusion_builder_column_1_1 1_1 fusion-flex-column\" style=\"--awb-bg-size:cover;--awb-width-large:100%;--awb-margin-top-large:15px;--awb-spacing-right-large:1.92%;--awb-margin-bottom-large:15px;--awb-spacing-left-large:1.92%;--awb-width-medium:100%;--awb-order-medium:0;--awb-spacing-right-medium:1.92%;--awb-spacing-left-medium:1.92%;--awb-width-small:100%;--awb-order-small:0;--awb-spacing-right-small:1.92%;--awb-spacing-left-small:1.92%;\"><div class=\"fusion-column-wrapper fusion-column-has-shadow fusion-flex-justify-content-flex-start fusion-content-layout-column\"><div class=\"fusion-title title fusion-title-3 fusion-sep-none fusion-title-text fusion-title-size-four\"><h4 class=\"fusion-title-heading title-heading-left fusion-responsive-typography-calculated\" style=\"margin:0;--fontSize:14;--minFontSize:14;line-height:1.29;\">Nieders\u00e4chsisches Forschungszentrum Fahrzeugtechnik (NFF)<\/h4><\/div><div class=\"fusion-text fusion-text-3\"><p><img decoding=\"async\" class=\"alignright size-full wp-image-2219\" src=\"https:\/\/www.forschungsflughafen.de\/wp-content\/uploads\/2021\/03\/Logo_NFF_150px.jpg\" alt=\"\" width=\"150\" height=\"22\" \/>Als interdisziplin\u00e4res Zentrum wurde das NFF 2007 von der TU Braunschweig mit Unterst\u00fctzung der Nieders\u00e4chsischen Landesregierung und der Volkswagen AG gegr\u00fcndet, um die Forschungsregion Braunschweig als Spitzenstandort in der Fahrzeugtechnik mit internationalem Rang zu etablieren.<\/p>\n<\/div><div class=\"fusion-text fusion-text-4\" style=\"--awb-content-alignment:right;\"><p><a href=\"https:\/\/www.forschungsflughafen.de\/standort\/grossvorhaben\/niedersaechsisches-forschungszentrum-fahrzeugtechnik-nff\/\">weiterlesen \u00bb<\/a><\/p>\n<\/div><\/div><\/div><\/div><\/div>\n","protected":false},"excerpt":{"rendered":"","protected":false},"author":6,"featured_media":0,"parent":2196,"menu_order":0,"comment_status":"closed","ping_status":"closed","template":"","meta":{"footnotes":""},"class_list":["post-2218","page","type-page","status-publish","hentry"],"yoast_head":"<!-- This site is optimized with the Yoast SEO plugin v27.6 - https:\/\/yoast.com\/product\/yoast-seo-wordpress\/ -->\n<title>Gro\u00dfvorhaben - Forschungsflughafen Braunschweig GmbH<\/title>\n<meta name=\"robots\" content=\"index, follow, max-snippet:-1, max-image-preview:large, max-video-preview:-1\" \/>\n<link rel=\"canonical\" href=\"https:\/\/www.forschungsflughafen.de\/de\/standort\/grossvorhaben\/\" \/>\n<meta property=\"og:locale\" content=\"de_DE\" \/>\n<meta property=\"og:type\" content=\"article\" \/>\n<meta property=\"og:title\" content=\"Gro\u00dfvorhaben - Forschungsflughafen Braunschweig GmbH\" \/>\n<meta property=\"og:url\" content=\"https:\/\/www.forschungsflughafen.de\/de\/standort\/grossvorhaben\/\" \/>\n<meta property=\"og:site_name\" content=\"Forschungsflughafen Braunschweig GmbH\" \/>\n<meta property=\"article:modified_time\" content=\"2022-03-09T09:25:03+00:00\" \/>\n<meta property=\"og:image\" content=\"https:\/\/www.forschungsflughafen.de\/wp-content\/uploads\/2021\/03\/Logo_NFL_150px-200x91.jpg\" \/>\n<meta name=\"twitter:card\" content=\"summary_large_image\" \/>\n<meta name=\"twitter:label1\" content=\"Gesch\u00e4tzte Lesezeit\" \/>\n\t<meta name=\"twitter:data1\" content=\"5\u00a0Minuten\" \/>\n<script type=\"application\/ld+json\" class=\"yoast-schema-graph\">{\"@context\":\"https:\\\/\\\/schema.org\",\"@graph\":[{\"@type\":\"WebPage\",\"@id\":\"https:\\\/\\\/www.forschungsflughafen.de\\\/de\\\/standort\\\/grossvorhaben\\\/\",\"url\":\"https:\\\/\\\/www.forschungsflughafen.de\\\/de\\\/standort\\\/grossvorhaben\\\/\",\"name\":\"Gro\u00dfvorhaben - Forschungsflughafen Braunschweig GmbH\",\"isPartOf\":{\"@id\":\"https:\\\/\\\/www.forschungsflughafen.de\\\/de\\\/#website\"},\"primaryImageOfPage\":{\"@id\":\"https:\\\/\\\/www.forschungsflughafen.de\\\/de\\\/standort\\\/grossvorhaben\\\/#primaryimage\"},\"image\":{\"@id\":\"https:\\\/\\\/www.forschungsflughafen.de\\\/de\\\/standort\\\/grossvorhaben\\\/#primaryimage\"},\"thumbnailUrl\":\"https:\\\/\\\/www.forschungsflughafen.de\\\/wp-content\\\/uploads\\\/2021\\\/03\\\/Logo_NFL_150px-200x91.jpg\",\"datePublished\":\"2021-03-08T15:54:18+00:00\",\"dateModified\":\"2022-03-09T09:25:03+00:00\",\"breadcrumb\":{\"@id\":\"https:\\\/\\\/www.forschungsflughafen.de\\\/de\\\/standort\\\/grossvorhaben\\\/#breadcrumb\"},\"inLanguage\":\"de\",\"potentialAction\":[{\"@type\":\"ReadAction\",\"target\":[\"https:\\\/\\\/www.forschungsflughafen.de\\\/de\\\/standort\\\/grossvorhaben\\\/\"]}]},{\"@type\":\"ImageObject\",\"inLanguage\":\"de\",\"@id\":\"https:\\\/\\\/www.forschungsflughafen.de\\\/de\\\/standort\\\/grossvorhaben\\\/#primaryimage\",\"url\":\"https:\\\/\\\/www.forschungsflughafen.de\\\/wp-content\\\/uploads\\\/2021\\\/03\\\/Logo_NFL_150px-200x91.jpg\",\"contentUrl\":\"https:\\\/\\\/www.forschungsflughafen.de\\\/wp-content\\\/uploads\\\/2021\\\/03\\\/Logo_NFL_150px-200x91.jpg\"},{\"@type\":\"BreadcrumbList\",\"@id\":\"https:\\\/\\\/www.forschungsflughafen.de\\\/de\\\/standort\\\/grossvorhaben\\\/#breadcrumb\",\"itemListElement\":[{\"@type\":\"ListItem\",\"position\":1,\"name\":\"Startseite\",\"item\":\"https:\\\/\\\/www.forschungsflughafen.de\\\/de\\\/\"},{\"@type\":\"ListItem\",\"position\":2,\"name\":\"Standort\",\"item\":\"https:\\\/\\\/www.forschungsflughafen.de\\\/de\\\/standort\\\/\"},{\"@type\":\"ListItem\",\"position\":3,\"name\":\"Gro\u00dfvorhaben\"}]},{\"@type\":\"WebSite\",\"@id\":\"https:\\\/\\\/www.forschungsflughafen.de\\\/de\\\/#website\",\"url\":\"https:\\\/\\\/www.forschungsflughafen.de\\\/de\\\/\",\"name\":\"Forschungsflughafen Braunschweig GmbH\",\"description\":\"Eines der innovativsten Wirtschafts- und Wissenschaftscluster Europas\",\"publisher\":{\"@id\":\"https:\\\/\\\/www.forschungsflughafen.de\\\/de\\\/#organization\"},\"potentialAction\":[{\"@type\":\"SearchAction\",\"target\":{\"@type\":\"EntryPoint\",\"urlTemplate\":\"https:\\\/\\\/www.forschungsflughafen.de\\\/de\\\/?s={search_term_string}\"},\"query-input\":{\"@type\":\"PropertyValueSpecification\",\"valueRequired\":true,\"valueName\":\"search_term_string\"}}],\"inLanguage\":\"de\"},{\"@type\":\"Organization\",\"@id\":\"https:\\\/\\\/www.forschungsflughafen.de\\\/de\\\/#organization\",\"name\":\"Forschungsflughafen Braunschweig GmbH\",\"url\":\"https:\\\/\\\/www.forschungsflughafen.de\\\/de\\\/\",\"logo\":{\"@type\":\"ImageObject\",\"inLanguage\":\"de\",\"@id\":\"https:\\\/\\\/www.forschungsflughafen.de\\\/de\\\/#\\\/schema\\\/logo\\\/image\\\/\",\"url\":\"https:\\\/\\\/www.forschungsflughafen.de\\\/wp-content\\\/uploads\\\/2021\\\/09\\\/Rosette.png\",\"contentUrl\":\"https:\\\/\\\/www.forschungsflughafen.de\\\/wp-content\\\/uploads\\\/2021\\\/09\\\/Rosette.png\",\"width\":130,\"height\":129,\"caption\":\"Forschungsflughafen Braunschweig GmbH\"},\"image\":{\"@id\":\"https:\\\/\\\/www.forschungsflughafen.de\\\/de\\\/#\\\/schema\\\/logo\\\/image\\\/\"}}]}<\/script>\n<!-- \/ Yoast SEO plugin. -->","yoast_head_json":{"title":"Gro\u00dfvorhaben - Forschungsflughafen Braunschweig GmbH","robots":{"index":"index","follow":"follow","max-snippet":"max-snippet:-1","max-image-preview":"max-image-preview:large","max-video-preview":"max-video-preview:-1"},"canonical":"https:\/\/www.forschungsflughafen.de\/de\/standort\/grossvorhaben\/","og_locale":"de_DE","og_type":"article","og_title":"Gro\u00dfvorhaben - Forschungsflughafen Braunschweig GmbH","og_url":"https:\/\/www.forschungsflughafen.de\/de\/standort\/grossvorhaben\/","og_site_name":"Forschungsflughafen Braunschweig GmbH","article_modified_time":"2022-03-09T09:25:03+00:00","og_image":[{"url":"https:\/\/www.forschungsflughafen.de\/wp-content\/uploads\/2021\/03\/Logo_NFL_150px-200x91.jpg","type":"","width":"","height":""}],"twitter_card":"summary_large_image","twitter_misc":{"Gesch\u00e4tzte Lesezeit":"5\u00a0Minuten"},"schema":{"@context":"https:\/\/schema.org","@graph":[{"@type":"WebPage","@id":"https:\/\/www.forschungsflughafen.de\/de\/standort\/grossvorhaben\/","url":"https:\/\/www.forschungsflughafen.de\/de\/standort\/grossvorhaben\/","name":"Gro\u00dfvorhaben - Forschungsflughafen Braunschweig GmbH","isPartOf":{"@id":"https:\/\/www.forschungsflughafen.de\/de\/#website"},"primaryImageOfPage":{"@id":"https:\/\/www.forschungsflughafen.de\/de\/standort\/grossvorhaben\/#primaryimage"},"image":{"@id":"https:\/\/www.forschungsflughafen.de\/de\/standort\/grossvorhaben\/#primaryimage"},"thumbnailUrl":"https:\/\/www.forschungsflughafen.de\/wp-content\/uploads\/2021\/03\/Logo_NFL_150px-200x91.jpg","datePublished":"2021-03-08T15:54:18+00:00","dateModified":"2022-03-09T09:25:03+00:00","breadcrumb":{"@id":"https:\/\/www.forschungsflughafen.de\/de\/standort\/grossvorhaben\/#breadcrumb"},"inLanguage":"de","potentialAction":[{"@type":"ReadAction","target":["https:\/\/www.forschungsflughafen.de\/de\/standort\/grossvorhaben\/"]}]},{"@type":"ImageObject","inLanguage":"de","@id":"https:\/\/www.forschungsflughafen.de\/de\/standort\/grossvorhaben\/#primaryimage","url":"https:\/\/www.forschungsflughafen.de\/wp-content\/uploads\/2021\/03\/Logo_NFL_150px-200x91.jpg","contentUrl":"https:\/\/www.forschungsflughafen.de\/wp-content\/uploads\/2021\/03\/Logo_NFL_150px-200x91.jpg"},{"@type":"BreadcrumbList","@id":"https:\/\/www.forschungsflughafen.de\/de\/standort\/grossvorhaben\/#breadcrumb","itemListElement":[{"@type":"ListItem","position":1,"name":"Startseite","item":"https:\/\/www.forschungsflughafen.de\/de\/"},{"@type":"ListItem","position":2,"name":"Standort","item":"https:\/\/www.forschungsflughafen.de\/de\/standort\/"},{"@type":"ListItem","position":3,"name":"Gro\u00dfvorhaben"}]},{"@type":"WebSite","@id":"https:\/\/www.forschungsflughafen.de\/de\/#website","url":"https:\/\/www.forschungsflughafen.de\/de\/","name":"Forschungsflughafen Braunschweig GmbH","description":"Eines der innovativsten Wirtschafts- und Wissenschaftscluster Europas","publisher":{"@id":"https:\/\/www.forschungsflughafen.de\/de\/#organization"},"potentialAction":[{"@type":"SearchAction","target":{"@type":"EntryPoint","urlTemplate":"https:\/\/www.forschungsflughafen.de\/de\/?s={search_term_string}"},"query-input":{"@type":"PropertyValueSpecification","valueRequired":true,"valueName":"search_term_string"}}],"inLanguage":"de"},{"@type":"Organization","@id":"https:\/\/www.forschungsflughafen.de\/de\/#organization","name":"Forschungsflughafen Braunschweig GmbH","url":"https:\/\/www.forschungsflughafen.de\/de\/","logo":{"@type":"ImageObject","inLanguage":"de","@id":"https:\/\/www.forschungsflughafen.de\/de\/#\/schema\/logo\/image\/","url":"https:\/\/www.forschungsflughafen.de\/wp-content\/uploads\/2021\/09\/Rosette.png","contentUrl":"https:\/\/www.forschungsflughafen.de\/wp-content\/uploads\/2021\/09\/Rosette.png","width":130,"height":129,"caption":"Forschungsflughafen Braunschweig GmbH"},"image":{"@id":"https:\/\/www.forschungsflughafen.de\/de\/#\/schema\/logo\/image\/"}}]}},"_links":{"self":[{"href":"https:\/\/www.forschungsflughafen.de\/de\/wp-json\/wp\/v2\/pages\/2218","targetHints":{"allow":["GET"]}}],"collection":[{"href":"https:\/\/www.forschungsflughafen.de\/de\/wp-json\/wp\/v2\/pages"}],"about":[{"href":"https:\/\/www.forschungsflughafen.de\/de\/wp-json\/wp\/v2\/types\/page"}],"author":[{"embeddable":true,"href":"https:\/\/www.forschungsflughafen.de\/de\/wp-json\/wp\/v2\/users\/6"}],"replies":[{"embeddable":true,"href":"https:\/\/www.forschungsflughafen.de\/de\/wp-json\/wp\/v2\/comments?post=2218"}],"version-history":[{"count":6,"href":"https:\/\/www.forschungsflughafen.de\/de\/wp-json\/wp\/v2\/pages\/2218\/revisions"}],"predecessor-version":[{"id":2773,"href":"https:\/\/www.forschungsflughafen.de\/de\/wp-json\/wp\/v2\/pages\/2218\/revisions\/2773"}],"up":[{"embeddable":true,"href":"https:\/\/www.forschungsflughafen.de\/de\/wp-json\/wp\/v2\/pages\/2196"}],"wp:attachment":[{"href":"https:\/\/www.forschungsflughafen.de\/de\/wp-json\/wp\/v2\/media?parent=2218"}],"curies":[{"name":"wp","href":"https:\/\/api.w.org\/{rel}","templated":true}]}}