{"id":2213,"date":"2021-03-08T16:39:31","date_gmt":"2021-03-08T15:39:31","guid":{"rendered":"https:\/\/ffb.webbics.de\/?page_id=2213"},"modified":"2024-06-07T19:46:53","modified_gmt":"2024-06-07T17:46:53","slug":"historie","status":"publish","type":"page","link":"https:\/\/www.forschungsflughafen.de\/de\/standort\/historie\/","title":{"rendered":"Historie"},"content":{"rendered":"<div class=\"fusion-fullwidth fullwidth-box fusion-builder-row-1 fusion-flex-container nonhundred-percent-fullwidth non-hundred-percent-height-scrolling\" style=\"--awb-border-radius-top-left:0px;--awb-border-radius-top-right:0px;--awb-border-radius-bottom-right:0px;--awb-border-radius-bottom-left:0px;--awb-flex-wrap:wrap;\" ><div class=\"fusion-builder-row fusion-row fusion-flex-align-items-flex-start fusion-flex-content-wrap\" style=\"max-width:832px;margin-left: calc(-4% \/ 2 );margin-right: calc(-4% \/ 2 );\"><div class=\"fusion-layout-column fusion_builder_column fusion-builder-column-0 fusion_builder_column_1_1 1_1 fusion-flex-column\" style=\"--awb-bg-size:cover;--awb-width-large:100%;--awb-margin-top-large:15px;--awb-spacing-right-large:1.92%;--awb-margin-bottom-large:15px;--awb-spacing-left-large:1.92%;--awb-width-medium:100%;--awb-order-medium:0;--awb-spacing-right-medium:1.92%;--awb-spacing-left-medium:1.92%;--awb-width-small:100%;--awb-order-small:0;--awb-spacing-right-small:1.92%;--awb-spacing-left-small:1.92%;\"><div class=\"fusion-column-wrapper fusion-column-has-shadow fusion-flex-justify-content-flex-start fusion-content-layout-column\"><div class=\"fusion-title title fusion-title-1 fusion-sep-none fusion-title-text fusion-title-size-three\"><h3 class=\"fusion-title-heading title-heading-left fusion-responsive-typography-calculated\" style=\"margin:0;--fontSize:16;--minFontSize:16;line-height:1.25;\">Historie<\/h3><\/div><div class=\"fusion-text fusion-text-1\"><p><img decoding=\"async\" class=\"alignright size-full wp-image-2214\" src=\"https:\/\/www.forschungsflughafen.de\/wp-content\/uploads\/2021\/03\/foto_flughafengebaude_200px.jpg\" alt=\"\" width=\"200\" height=\"131\">Die Anf\u00e4nge des Flugbetriebs in Braunschweig gehen bis ins Jahr 1916 zur\u00fcck. Der Braunschweigische Verein f\u00fcr Luftschifffahrt schuf einen Flugplatz in Broitzem, der ab 1917 auch milit\u00e4risch genutzt wurde. In den fr\u00fchen 30er Jahren entschied das Reichsluftfahrtministerium den Betrieb aufgrund besserer Wetterbedingungen in den Norden der Stadt auf das heutige Gel\u00e4nde zu verlagern und gr\u00fcndete im Juni 1934 die Flughafengesellschaft Braunschweig-Waggum. Nach Abschluss der Erdarbeiten folgte die Erstlandung im September 1935 und die offizielle Er\u00f6ffnung im Mai des folgenden Jahres. Ebenfalls 1936 entstand mit der Deutschen Forschungsanstalt f\u00fcr Luftfahrt (DFL) eine Vorg\u00e4ngerin des heutigen Deutschen Zentrums f\u00fcr Luft- und Raumfahrt (DLR). Als Infrastruktureinrichtungen standen ein zentrales Abfertigungsgeb\u00e4ude, die Flugschule des Deutschen Luftsportverbandes, Reparaturwerkst\u00e4tten, Flugzeughallen sowie die Segelfliegerschule mitsamt Gel\u00e4nde zur Verf\u00fcgung.<\/p>\n<p>Mit der Einbindung ins Streckennetz der Deutschen Lufthansa &#8211; es gab u. a. Direktfl\u00fcge nach Berlin, Halle und Hannover sowie Umsteigeverbindungen nach Dresden, M\u00fcnster und N\u00fcrnberg &#8211; erhielt der Flugverkehr rasch Auftrieb, der jedoch durch den Zweiten Weltkrieg ein abruptes Ende fand.<br \/>\nIm Jahr 1953 nahm die Deutsche Forschungsanstalt f\u00fcr Luft- und Raumfahrt als Nachfolgerin der DFL ihre Forschungsarbeiten wieder auf. Mit dem Flugbetrieb konnte erst 1955 begonnen werden. Im gleichen Jahr siedelte sich das Luftfahrtbundesamt (LBA) in Waggum an. Haupts\u00e4chliche Nutzer des Flughafens waren Flugsportvereine und die akademische Fliegergruppe der Technischen Universit\u00e4t Braunschweig.<\/p>\n<p>Durch seine N\u00e4he zur Grenze der DDR fiel dem Flughafen eine Sonderstellung im Bereich der Sport- und Segelfliegerei zu. West-Berliner wichen h\u00e4ufig auf den Flughafen Braunschweig aus, der aufgrund seiner Lage an der damaligen Transitautobahn g\u00fcnstige Nutzungsm\u00f6glichkeiten bot.<\/p>\n<p><img decoding=\"async\" class=\"alignleft size-full wp-image-2215\" src=\"https:\/\/www.forschungsflughafen.de\/wp-content\/uploads\/2021\/03\/grafik_erster_ballonflug_200px.jpg\" alt=\"\" width=\"200\" height=\"286\">Nach dem Bau einer Asphalt-Landebahn im Jahre 1967 konnten auch schwerere Flugzeuge Braunschweig anfliegen. Dieses kam vor allem der Volkswagen AG zugute, die ihre konzerneigene Flugzeugflotte nun in unmittelbarer N\u00e4he zum Hauptfirmensitz in Wolfsburg stationieren konnte.<br \/>\nMitte der 80er Jahre wurde der Flughafen f\u00fcr den eingeschr\u00e4nkten Instrumentenflugbetrieb zugelassen. Seit der Wiedervereinigung Deutschlands am 03.10.1990 diente er in erster Linie als Regionalflughafen f\u00fcr den kommerziellen Verkehr der hier ans\u00e4ssigen Unternehmen und Beh\u00f6rden sowie als Testgel\u00e4nde f\u00fcr das DLR und Institute der Technischen Universit\u00e4t Braunschweig.<\/p>\n<p>Betreiberin ist die Flughafen Braunschweig-Wolfsburg GmbH. Ihre Hauptgesellschafter sind die Stadt Braunschweig (42,6 %), die Stadt Wolfsburg (17,8%), eigene Anteile (35,6%) und die Landkreise Gifhorn und Helmstedt (je 2%).<\/p>\n<p>Informationen zum Thema &#8222;Braunschweigische Luftfahrtgeschichte&#8220; erhalten Sie auf den Seiten des <a href=\"http:\/\/braunschweiger-luftfahrtgeschichte.de\/\" target=\"_blank\" rel=\"noopener noreferrer\">Arbeitskreises Braunschweiger Luftfahrtgeschichte e.V. <\/a><\/p>\n<\/div><\/div><\/div><\/div><\/div>\n","protected":false},"excerpt":{"rendered":"","protected":false},"author":6,"featured_media":0,"parent":2196,"menu_order":0,"comment_status":"closed","ping_status":"closed","template":"","meta":{"footnotes":""},"class_list":["post-2213","page","type-page","status-publish","hentry"],"yoast_head":"<!-- This site is optimized with the Yoast SEO plugin v27.3 - https:\/\/yoast.com\/product\/yoast-seo-wordpress\/ -->\n<title>Historie - Forschungsflughafen Braunschweig GmbH<\/title>\n<meta name=\"robots\" content=\"index, follow, max-snippet:-1, max-image-preview:large, max-video-preview:-1\" \/>\n<link rel=\"canonical\" href=\"https:\/\/www.forschungsflughafen.de\/de\/standort\/historie\/\" \/>\n<meta property=\"og:locale\" content=\"de_DE\" \/>\n<meta property=\"og:type\" content=\"article\" \/>\n<meta property=\"og:title\" content=\"Historie - Forschungsflughafen Braunschweig GmbH\" \/>\n<meta property=\"og:url\" content=\"https:\/\/www.forschungsflughafen.de\/de\/standort\/historie\/\" \/>\n<meta property=\"og:site_name\" content=\"Forschungsflughafen Braunschweig GmbH\" \/>\n<meta property=\"article:modified_time\" content=\"2024-06-07T17:46:53+00:00\" \/>\n<meta property=\"og:image\" content=\"https:\/\/www.forschungsflughafen.de\/wp-content\/uploads\/2021\/03\/foto_flughafengebaude_200px.jpg\" \/>\n<meta name=\"twitter:card\" content=\"summary_large_image\" \/>\n<meta name=\"twitter:label1\" content=\"Gesch\u00e4tzte Lesezeit\" \/>\n\t<meta name=\"twitter:data1\" content=\"4\u00a0Minuten\" \/>\n<script type=\"application\/ld+json\" class=\"yoast-schema-graph\">{\"@context\":\"https:\\\/\\\/schema.org\",\"@graph\":[{\"@type\":\"WebPage\",\"@id\":\"https:\\\/\\\/www.forschungsflughafen.de\\\/de\\\/standort\\\/historie\\\/\",\"url\":\"https:\\\/\\\/www.forschungsflughafen.de\\\/de\\\/standort\\\/historie\\\/\",\"name\":\"Historie - Forschungsflughafen Braunschweig GmbH\",\"isPartOf\":{\"@id\":\"https:\\\/\\\/www.forschungsflughafen.de\\\/de\\\/#website\"},\"primaryImageOfPage\":{\"@id\":\"https:\\\/\\\/www.forschungsflughafen.de\\\/de\\\/standort\\\/historie\\\/#primaryimage\"},\"image\":{\"@id\":\"https:\\\/\\\/www.forschungsflughafen.de\\\/de\\\/standort\\\/historie\\\/#primaryimage\"},\"thumbnailUrl\":\"https:\\\/\\\/www.forschungsflughafen.de\\\/wp-content\\\/uploads\\\/2021\\\/03\\\/foto_flughafengebaude_200px.jpg\",\"datePublished\":\"2021-03-08T15:39:31+00:00\",\"dateModified\":\"2024-06-07T17:46:53+00:00\",\"breadcrumb\":{\"@id\":\"https:\\\/\\\/www.forschungsflughafen.de\\\/de\\\/standort\\\/historie\\\/#breadcrumb\"},\"inLanguage\":\"de\",\"potentialAction\":[{\"@type\":\"ReadAction\",\"target\":[\"https:\\\/\\\/www.forschungsflughafen.de\\\/de\\\/standort\\\/historie\\\/\"]}]},{\"@type\":\"ImageObject\",\"inLanguage\":\"de\",\"@id\":\"https:\\\/\\\/www.forschungsflughafen.de\\\/de\\\/standort\\\/historie\\\/#primaryimage\",\"url\":\"https:\\\/\\\/www.forschungsflughafen.de\\\/wp-content\\\/uploads\\\/2021\\\/03\\\/foto_flughafengebaude_200px.jpg\",\"contentUrl\":\"https:\\\/\\\/www.forschungsflughafen.de\\\/wp-content\\\/uploads\\\/2021\\\/03\\\/foto_flughafengebaude_200px.jpg\"},{\"@type\":\"BreadcrumbList\",\"@id\":\"https:\\\/\\\/www.forschungsflughafen.de\\\/de\\\/standort\\\/historie\\\/#breadcrumb\",\"itemListElement\":[{\"@type\":\"ListItem\",\"position\":1,\"name\":\"Startseite\",\"item\":\"https:\\\/\\\/www.forschungsflughafen.de\\\/de\\\/\"},{\"@type\":\"ListItem\",\"position\":2,\"name\":\"Standort\",\"item\":\"https:\\\/\\\/www.forschungsflughafen.de\\\/de\\\/standort\\\/\"},{\"@type\":\"ListItem\",\"position\":3,\"name\":\"Historie\"}]},{\"@type\":\"WebSite\",\"@id\":\"https:\\\/\\\/www.forschungsflughafen.de\\\/de\\\/#website\",\"url\":\"https:\\\/\\\/www.forschungsflughafen.de\\\/de\\\/\",\"name\":\"Forschungsflughafen Braunschweig GmbH\",\"description\":\"Eines der innovativsten Wirtschafts- und Wissenschaftscluster Europas\",\"publisher\":{\"@id\":\"https:\\\/\\\/www.forschungsflughafen.de\\\/de\\\/#organization\"},\"potentialAction\":[{\"@type\":\"SearchAction\",\"target\":{\"@type\":\"EntryPoint\",\"urlTemplate\":\"https:\\\/\\\/www.forschungsflughafen.de\\\/de\\\/?s={search_term_string}\"},\"query-input\":{\"@type\":\"PropertyValueSpecification\",\"valueRequired\":true,\"valueName\":\"search_term_string\"}}],\"inLanguage\":\"de\"},{\"@type\":\"Organization\",\"@id\":\"https:\\\/\\\/www.forschungsflughafen.de\\\/de\\\/#organization\",\"name\":\"Forschungsflughafen Braunschweig GmbH\",\"url\":\"https:\\\/\\\/www.forschungsflughafen.de\\\/de\\\/\",\"logo\":{\"@type\":\"ImageObject\",\"inLanguage\":\"de\",\"@id\":\"https:\\\/\\\/www.forschungsflughafen.de\\\/de\\\/#\\\/schema\\\/logo\\\/image\\\/\",\"url\":\"https:\\\/\\\/www.forschungsflughafen.de\\\/wp-content\\\/uploads\\\/2021\\\/09\\\/Rosette.png\",\"contentUrl\":\"https:\\\/\\\/www.forschungsflughafen.de\\\/wp-content\\\/uploads\\\/2021\\\/09\\\/Rosette.png\",\"width\":130,\"height\":129,\"caption\":\"Forschungsflughafen Braunschweig GmbH\"},\"image\":{\"@id\":\"https:\\\/\\\/www.forschungsflughafen.de\\\/de\\\/#\\\/schema\\\/logo\\\/image\\\/\"}}]}<\/script>\n<!-- \/ Yoast SEO plugin. -->","yoast_head_json":{"title":"Historie - Forschungsflughafen Braunschweig GmbH","robots":{"index":"index","follow":"follow","max-snippet":"max-snippet:-1","max-image-preview":"max-image-preview:large","max-video-preview":"max-video-preview:-1"},"canonical":"https:\/\/www.forschungsflughafen.de\/de\/standort\/historie\/","og_locale":"de_DE","og_type":"article","og_title":"Historie - Forschungsflughafen Braunschweig GmbH","og_url":"https:\/\/www.forschungsflughafen.de\/de\/standort\/historie\/","og_site_name":"Forschungsflughafen Braunschweig GmbH","article_modified_time":"2024-06-07T17:46:53+00:00","og_image":[{"url":"https:\/\/www.forschungsflughafen.de\/wp-content\/uploads\/2021\/03\/foto_flughafengebaude_200px.jpg","type":"","width":"","height":""}],"twitter_card":"summary_large_image","twitter_misc":{"Gesch\u00e4tzte Lesezeit":"4\u00a0Minuten"},"schema":{"@context":"https:\/\/schema.org","@graph":[{"@type":"WebPage","@id":"https:\/\/www.forschungsflughafen.de\/de\/standort\/historie\/","url":"https:\/\/www.forschungsflughafen.de\/de\/standort\/historie\/","name":"Historie - Forschungsflughafen Braunschweig GmbH","isPartOf":{"@id":"https:\/\/www.forschungsflughafen.de\/de\/#website"},"primaryImageOfPage":{"@id":"https:\/\/www.forschungsflughafen.de\/de\/standort\/historie\/#primaryimage"},"image":{"@id":"https:\/\/www.forschungsflughafen.de\/de\/standort\/historie\/#primaryimage"},"thumbnailUrl":"https:\/\/www.forschungsflughafen.de\/wp-content\/uploads\/2021\/03\/foto_flughafengebaude_200px.jpg","datePublished":"2021-03-08T15:39:31+00:00","dateModified":"2024-06-07T17:46:53+00:00","breadcrumb":{"@id":"https:\/\/www.forschungsflughafen.de\/de\/standort\/historie\/#breadcrumb"},"inLanguage":"de","potentialAction":[{"@type":"ReadAction","target":["https:\/\/www.forschungsflughafen.de\/de\/standort\/historie\/"]}]},{"@type":"ImageObject","inLanguage":"de","@id":"https:\/\/www.forschungsflughafen.de\/de\/standort\/historie\/#primaryimage","url":"https:\/\/www.forschungsflughafen.de\/wp-content\/uploads\/2021\/03\/foto_flughafengebaude_200px.jpg","contentUrl":"https:\/\/www.forschungsflughafen.de\/wp-content\/uploads\/2021\/03\/foto_flughafengebaude_200px.jpg"},{"@type":"BreadcrumbList","@id":"https:\/\/www.forschungsflughafen.de\/de\/standort\/historie\/#breadcrumb","itemListElement":[{"@type":"ListItem","position":1,"name":"Startseite","item":"https:\/\/www.forschungsflughafen.de\/de\/"},{"@type":"ListItem","position":2,"name":"Standort","item":"https:\/\/www.forschungsflughafen.de\/de\/standort\/"},{"@type":"ListItem","position":3,"name":"Historie"}]},{"@type":"WebSite","@id":"https:\/\/www.forschungsflughafen.de\/de\/#website","url":"https:\/\/www.forschungsflughafen.de\/de\/","name":"Forschungsflughafen Braunschweig GmbH","description":"Eines der innovativsten Wirtschafts- und Wissenschaftscluster Europas","publisher":{"@id":"https:\/\/www.forschungsflughafen.de\/de\/#organization"},"potentialAction":[{"@type":"SearchAction","target":{"@type":"EntryPoint","urlTemplate":"https:\/\/www.forschungsflughafen.de\/de\/?s={search_term_string}"},"query-input":{"@type":"PropertyValueSpecification","valueRequired":true,"valueName":"search_term_string"}}],"inLanguage":"de"},{"@type":"Organization","@id":"https:\/\/www.forschungsflughafen.de\/de\/#organization","name":"Forschungsflughafen Braunschweig GmbH","url":"https:\/\/www.forschungsflughafen.de\/de\/","logo":{"@type":"ImageObject","inLanguage":"de","@id":"https:\/\/www.forschungsflughafen.de\/de\/#\/schema\/logo\/image\/","url":"https:\/\/www.forschungsflughafen.de\/wp-content\/uploads\/2021\/09\/Rosette.png","contentUrl":"https:\/\/www.forschungsflughafen.de\/wp-content\/uploads\/2021\/09\/Rosette.png","width":130,"height":129,"caption":"Forschungsflughafen Braunschweig GmbH"},"image":{"@id":"https:\/\/www.forschungsflughafen.de\/de\/#\/schema\/logo\/image\/"}}]}},"_links":{"self":[{"href":"https:\/\/www.forschungsflughafen.de\/de\/wp-json\/wp\/v2\/pages\/2213","targetHints":{"allow":["GET"]}}],"collection":[{"href":"https:\/\/www.forschungsflughafen.de\/de\/wp-json\/wp\/v2\/pages"}],"about":[{"href":"https:\/\/www.forschungsflughafen.de\/de\/wp-json\/wp\/v2\/types\/page"}],"author":[{"embeddable":true,"href":"https:\/\/www.forschungsflughafen.de\/de\/wp-json\/wp\/v2\/users\/6"}],"replies":[{"embeddable":true,"href":"https:\/\/www.forschungsflughafen.de\/de\/wp-json\/wp\/v2\/comments?post=2213"}],"version-history":[{"count":2,"href":"https:\/\/www.forschungsflughafen.de\/de\/wp-json\/wp\/v2\/pages\/2213\/revisions"}],"predecessor-version":[{"id":2876,"href":"https:\/\/www.forschungsflughafen.de\/de\/wp-json\/wp\/v2\/pages\/2213\/revisions\/2876"}],"up":[{"embeddable":true,"href":"https:\/\/www.forschungsflughafen.de\/de\/wp-json\/wp\/v2\/pages\/2196"}],"wp:attachment":[{"href":"https:\/\/www.forschungsflughafen.de\/de\/wp-json\/wp\/v2\/media?parent=2213"}],"curies":[{"name":"wp","href":"https:\/\/api.w.org\/{rel}","templated":true}]}}