{"id":2196,"date":"2021-03-08T16:15:53","date_gmt":"2021-03-08T15:15:53","guid":{"rendered":"https:\/\/ffb.webbics.de\/?page_id=2196"},"modified":"2021-03-08T16:15:53","modified_gmt":"2021-03-08T15:15:53","slug":"standort","status":"publish","type":"page","link":"https:\/\/www.forschungsflughafen.de\/de\/standort\/","title":{"rendered":"Standort"},"content":{"rendered":"<div class=\"fusion-fullwidth fullwidth-box fusion-builder-row-1 fusion-flex-container nonhundred-percent-fullwidth non-hundred-percent-height-scrolling\" style=\"--awb-border-radius-top-left:0px;--awb-border-radius-top-right:0px;--awb-border-radius-bottom-right:0px;--awb-border-radius-bottom-left:0px;--awb-flex-wrap:wrap;\" ><div class=\"fusion-builder-row fusion-row fusion-flex-align-items-flex-start fusion-flex-content-wrap\" style=\"max-width:832px;margin-left: calc(-4% \/ 2 );margin-right: calc(-4% \/ 2 );\"><div class=\"fusion-layout-column fusion_builder_column fusion-builder-column-0 fusion_builder_column_1_1 1_1 fusion-flex-column\" style=\"--awb-bg-size:cover;--awb-width-large:100%;--awb-margin-top-large:15px;--awb-spacing-right-large:1.92%;--awb-margin-bottom-large:15px;--awb-spacing-left-large:1.92%;--awb-width-medium:100%;--awb-order-medium:0;--awb-spacing-right-medium:1.92%;--awb-spacing-left-medium:1.92%;--awb-width-small:100%;--awb-order-small:0;--awb-spacing-right-small:1.92%;--awb-spacing-left-small:1.92%;\"><div class=\"fusion-column-wrapper fusion-column-has-shadow fusion-flex-justify-content-flex-start fusion-content-layout-column\"><div class=\"fusion-title title fusion-title-1 fusion-sep-none fusion-title-text fusion-title-size-three\"><h3 class=\"fusion-title-heading title-heading-left fusion-responsive-typography-calculated\" style=\"margin:0;--fontSize:16;--minFontSize:16;line-height:1.25;\">Standort<\/h3><\/div><div class=\"fusion-text fusion-text-1\"><p>Der Forschungsflughafen liegt in der Metropolregion Hannover-Braunschweig-Wolfsburg-G\u00f6ttingen in S\u00fcdostniedersachsen, ca. 8 km im Norden der Stadt Braunschweig, mit eigener Anschlussstelle direkt an der A2 Hannover-Berlin.<\/p>\n<p><img decoding=\"async\" class=\"alignnone size-fusion-400 wp-image-2197\" src=\"https:\/\/www.forschungsflughafen.de\/wp-content\/uploads\/2021\/03\/Standortkarte_Deutschland-400x486.jpg\" alt=\"\" width=\"400\" height=\"486\" srcset=\"https:\/\/www.forschungsflughafen.de\/wp-content\/uploads\/2021\/03\/Standortkarte_Deutschland-200x243.jpg 200w, https:\/\/www.forschungsflughafen.de\/wp-content\/uploads\/2021\/03\/Standortkarte_Deutschland-400x486.jpg 400w, https:\/\/www.forschungsflughafen.de\/wp-content\/uploads\/2021\/03\/Standortkarte_Deutschland-412x500.jpg 412w, https:\/\/www.forschungsflughafen.de\/wp-content\/uploads\/2021\/03\/Standortkarte_Deutschland.jpg 600w\" sizes=\"(max-width: 400px) 100vw, 400px\" \/><\/p>\n<p>Braunschweig ist mit rund 250.000 Einwohnern die zweitgr\u00f6\u00dfte Stadt Niedersachsens.<\/p>\n<p>Der Standort Braunschweig verbindet Tradition mit Hochtechnologie und hat eine hervorragende Infrastruktur mit bester Lage im Herzen Nordeuropas. Das Spektrum reicht von der Biotechnologie \u00fcber die Finanzwirtschaft bis hin zur Verkehrstechnik. Die Technische Universit\u00e4t sowie die zahlreichen international renommierten Forschungseinrichtungen sind Grund daf\u00fcr, dass Braunschweig eine sehr hohe Quote an Unternehmensgr\u00fcndungen in den Hochtechnologie-Branchen aufweist.<\/p>\n<p>Braunschweig ist ein f\u00fchrender Standort f\u00fcr Wissenschaft und Forschung mit zahlreichen Gro\u00dfforschungseinrichtungen des Bundes. So gibt die Atomuhr der Physikalisch-Technischen Bundesanstalt (PTB) nicht nur hierzulande den Takt der Zeit an. Braunschweigs Technische Universit\u00e4t Carolo Wilhelmina ist die \u00e4lteste in Deutschland.<\/p>\n<p>Das wirtschaftliche und wissenschaftliche Potential der Stadt aber auch der Reichtum an Architektur, Kunst und Kultur haben das Fundament f\u00fcr die erfolgreiche Bewerbung zur &#8222;Stadt der Wissenschaft 2007&#8220; gelegt.<\/p>\n<p>Braunschweig ist laut der aktuellen EU-Studie die forschungsintensivste Region in Europa mit der h\u00f6chsten Wissenschaftlerdichte. Rund 20.000 Studentinnen und Studenten lernen an der Technischen Universit\u00e4t, der Fachhochschule und Kunsthochschule (HBK), davon rund 15.000 in den technischen Fachbereichen. Intensiv geforscht wird in 27 renommierten Einrichtungen und 250 Firmen des Hochtechnologie-Sektors der Region. Die Wissenschaftsregion Braunschweig vernetzt auf effektive Weise die verschiedenen Hochtechnologie-Kernkompetenzen. Wissenschaftliche Organisationen und Forschungseinrichtungen sowie Firmen arbeiten eng verzahnt.<\/p>\n<p>Eine wichtige S\u00e4ule des Wirtschafts- und Forschungsstandortes Braunschweig ist der Forschungsflughafen, dessen Ausbau mit h\u00f6chster Priorit\u00e4t verfolgt wird. Hier entsteht ein europ\u00e4isches Kompetenzzentrum f\u00fcr Mobilit\u00e4tsfragen, insbesondere der Luft- und Raumfahrt.<\/p>\n<p>Die Bezeichnung Forschungsflughafen ist die beste Interpretation dessen, was den Standort ausmacht: die effektive Verbindung von Forschung, Wissenschaft und Unternehmen. Hier wird ein Mehrwert geschaffen, der weit \u00fcber die Einzelleistungen hinaus geht. Die positiven Entwicklungen im Bereich der Mitarbeiterzahlen sind f\u00fcr Braunschweig und die Region von gro\u00dfer Bedeutung. Neben den kreativen und innovativen K\u00f6pfen entstehen hier die Techniken der Zukunft.<\/p>\n<p>Um dies zu f\u00f6rdern, wurden im Rahmen des \u201eAvionik-Cluster Ausbaus\u201c neben der Ausweisung neuer Gewerbefl\u00e4chen im Umfeld des Flughafengel\u00e4ndes die Start- und Landebahn verl\u00e4ngert und die Hermann-Blenk Stra\u00dfe saniert. Somit bestehen ideale Bedingungen, das Cluster voranzubringen.<\/p>\n<\/div><\/div><\/div><\/div><\/div>\n","protected":false},"excerpt":{"rendered":"","protected":false},"author":6,"featured_media":0,"parent":0,"menu_order":0,"comment_status":"closed","ping_status":"closed","template":"","meta":{"footnotes":""},"class_list":["post-2196","page","type-page","status-publish","hentry"],"yoast_head":"<!-- This site is optimized with the Yoast SEO plugin v27.5 - https:\/\/yoast.com\/product\/yoast-seo-wordpress\/ -->\n<title>Standort - Forschungsflughafen Braunschweig GmbH<\/title>\n<meta name=\"robots\" content=\"index, follow, max-snippet:-1, max-image-preview:large, max-video-preview:-1\" \/>\n<link rel=\"canonical\" href=\"https:\/\/www.forschungsflughafen.de\/de\/standort\/\" \/>\n<meta property=\"og:locale\" content=\"de_DE\" \/>\n<meta property=\"og:type\" content=\"article\" \/>\n<meta property=\"og:title\" content=\"Standort - Forschungsflughafen Braunschweig GmbH\" \/>\n<meta property=\"og:url\" content=\"https:\/\/www.forschungsflughafen.de\/de\/standort\/\" \/>\n<meta property=\"og:site_name\" content=\"Forschungsflughafen Braunschweig GmbH\" \/>\n<meta property=\"og:image\" content=\"https:\/\/www.forschungsflughafen.de\/wp-content\/uploads\/2021\/03\/Standortkarte_Deutschland-400x486.jpg\" \/>\n<meta name=\"twitter:card\" content=\"summary_large_image\" \/>\n<meta name=\"twitter:label1\" content=\"Gesch\u00e4tzte Lesezeit\" \/>\n\t<meta name=\"twitter:data1\" content=\"6\u00a0Minuten\" \/>\n<script type=\"application\/ld+json\" class=\"yoast-schema-graph\">{\"@context\":\"https:\\\/\\\/schema.org\",\"@graph\":[{\"@type\":\"WebPage\",\"@id\":\"https:\\\/\\\/www.forschungsflughafen.de\\\/de\\\/standort\\\/\",\"url\":\"https:\\\/\\\/www.forschungsflughafen.de\\\/de\\\/standort\\\/\",\"name\":\"Standort - Forschungsflughafen Braunschweig GmbH\",\"isPartOf\":{\"@id\":\"https:\\\/\\\/www.forschungsflughafen.de\\\/de\\\/#website\"},\"primaryImageOfPage\":{\"@id\":\"https:\\\/\\\/www.forschungsflughafen.de\\\/de\\\/standort\\\/#primaryimage\"},\"image\":{\"@id\":\"https:\\\/\\\/www.forschungsflughafen.de\\\/de\\\/standort\\\/#primaryimage\"},\"thumbnailUrl\":\"https:\\\/\\\/www.forschungsflughafen.de\\\/wp-content\\\/uploads\\\/2021\\\/03\\\/Standortkarte_Deutschland-400x486.jpg\",\"datePublished\":\"2021-03-08T15:15:53+00:00\",\"breadcrumb\":{\"@id\":\"https:\\\/\\\/www.forschungsflughafen.de\\\/de\\\/standort\\\/#breadcrumb\"},\"inLanguage\":\"de\",\"potentialAction\":[{\"@type\":\"ReadAction\",\"target\":[\"https:\\\/\\\/www.forschungsflughafen.de\\\/de\\\/standort\\\/\"]}]},{\"@type\":\"ImageObject\",\"inLanguage\":\"de\",\"@id\":\"https:\\\/\\\/www.forschungsflughafen.de\\\/de\\\/standort\\\/#primaryimage\",\"url\":\"https:\\\/\\\/www.forschungsflughafen.de\\\/wp-content\\\/uploads\\\/2021\\\/03\\\/Standortkarte_Deutschland-400x486.jpg\",\"contentUrl\":\"https:\\\/\\\/www.forschungsflughafen.de\\\/wp-content\\\/uploads\\\/2021\\\/03\\\/Standortkarte_Deutschland-400x486.jpg\"},{\"@type\":\"BreadcrumbList\",\"@id\":\"https:\\\/\\\/www.forschungsflughafen.de\\\/de\\\/standort\\\/#breadcrumb\",\"itemListElement\":[{\"@type\":\"ListItem\",\"position\":1,\"name\":\"Startseite\",\"item\":\"https:\\\/\\\/www.forschungsflughafen.de\\\/de\\\/\"},{\"@type\":\"ListItem\",\"position\":2,\"name\":\"Standort\"}]},{\"@type\":\"WebSite\",\"@id\":\"https:\\\/\\\/www.forschungsflughafen.de\\\/de\\\/#website\",\"url\":\"https:\\\/\\\/www.forschungsflughafen.de\\\/de\\\/\",\"name\":\"Forschungsflughafen Braunschweig GmbH\",\"description\":\"Eines der innovativsten Wirtschafts- und Wissenschaftscluster Europas\",\"publisher\":{\"@id\":\"https:\\\/\\\/www.forschungsflughafen.de\\\/de\\\/#organization\"},\"potentialAction\":[{\"@type\":\"SearchAction\",\"target\":{\"@type\":\"EntryPoint\",\"urlTemplate\":\"https:\\\/\\\/www.forschungsflughafen.de\\\/de\\\/?s={search_term_string}\"},\"query-input\":{\"@type\":\"PropertyValueSpecification\",\"valueRequired\":true,\"valueName\":\"search_term_string\"}}],\"inLanguage\":\"de\"},{\"@type\":\"Organization\",\"@id\":\"https:\\\/\\\/www.forschungsflughafen.de\\\/de\\\/#organization\",\"name\":\"Forschungsflughafen Braunschweig GmbH\",\"url\":\"https:\\\/\\\/www.forschungsflughafen.de\\\/de\\\/\",\"logo\":{\"@type\":\"ImageObject\",\"inLanguage\":\"de\",\"@id\":\"https:\\\/\\\/www.forschungsflughafen.de\\\/de\\\/#\\\/schema\\\/logo\\\/image\\\/\",\"url\":\"https:\\\/\\\/www.forschungsflughafen.de\\\/wp-content\\\/uploads\\\/2021\\\/09\\\/Rosette.png\",\"contentUrl\":\"https:\\\/\\\/www.forschungsflughafen.de\\\/wp-content\\\/uploads\\\/2021\\\/09\\\/Rosette.png\",\"width\":130,\"height\":129,\"caption\":\"Forschungsflughafen Braunschweig GmbH\"},\"image\":{\"@id\":\"https:\\\/\\\/www.forschungsflughafen.de\\\/de\\\/#\\\/schema\\\/logo\\\/image\\\/\"}}]}<\/script>\n<!-- \/ Yoast SEO plugin. -->","yoast_head_json":{"title":"Standort - Forschungsflughafen Braunschweig GmbH","robots":{"index":"index","follow":"follow","max-snippet":"max-snippet:-1","max-image-preview":"max-image-preview:large","max-video-preview":"max-video-preview:-1"},"canonical":"https:\/\/www.forschungsflughafen.de\/de\/standort\/","og_locale":"de_DE","og_type":"article","og_title":"Standort - Forschungsflughafen Braunschweig GmbH","og_url":"https:\/\/www.forschungsflughafen.de\/de\/standort\/","og_site_name":"Forschungsflughafen Braunschweig GmbH","og_image":[{"url":"https:\/\/www.forschungsflughafen.de\/wp-content\/uploads\/2021\/03\/Standortkarte_Deutschland-400x486.jpg","type":"","width":"","height":""}],"twitter_card":"summary_large_image","twitter_misc":{"Gesch\u00e4tzte Lesezeit":"6\u00a0Minuten"},"schema":{"@context":"https:\/\/schema.org","@graph":[{"@type":"WebPage","@id":"https:\/\/www.forschungsflughafen.de\/de\/standort\/","url":"https:\/\/www.forschungsflughafen.de\/de\/standort\/","name":"Standort - Forschungsflughafen Braunschweig GmbH","isPartOf":{"@id":"https:\/\/www.forschungsflughafen.de\/de\/#website"},"primaryImageOfPage":{"@id":"https:\/\/www.forschungsflughafen.de\/de\/standort\/#primaryimage"},"image":{"@id":"https:\/\/www.forschungsflughafen.de\/de\/standort\/#primaryimage"},"thumbnailUrl":"https:\/\/www.forschungsflughafen.de\/wp-content\/uploads\/2021\/03\/Standortkarte_Deutschland-400x486.jpg","datePublished":"2021-03-08T15:15:53+00:00","breadcrumb":{"@id":"https:\/\/www.forschungsflughafen.de\/de\/standort\/#breadcrumb"},"inLanguage":"de","potentialAction":[{"@type":"ReadAction","target":["https:\/\/www.forschungsflughafen.de\/de\/standort\/"]}]},{"@type":"ImageObject","inLanguage":"de","@id":"https:\/\/www.forschungsflughafen.de\/de\/standort\/#primaryimage","url":"https:\/\/www.forschungsflughafen.de\/wp-content\/uploads\/2021\/03\/Standortkarte_Deutschland-400x486.jpg","contentUrl":"https:\/\/www.forschungsflughafen.de\/wp-content\/uploads\/2021\/03\/Standortkarte_Deutschland-400x486.jpg"},{"@type":"BreadcrumbList","@id":"https:\/\/www.forschungsflughafen.de\/de\/standort\/#breadcrumb","itemListElement":[{"@type":"ListItem","position":1,"name":"Startseite","item":"https:\/\/www.forschungsflughafen.de\/de\/"},{"@type":"ListItem","position":2,"name":"Standort"}]},{"@type":"WebSite","@id":"https:\/\/www.forschungsflughafen.de\/de\/#website","url":"https:\/\/www.forschungsflughafen.de\/de\/","name":"Forschungsflughafen Braunschweig GmbH","description":"Eines der innovativsten Wirtschafts- und Wissenschaftscluster Europas","publisher":{"@id":"https:\/\/www.forschungsflughafen.de\/de\/#organization"},"potentialAction":[{"@type":"SearchAction","target":{"@type":"EntryPoint","urlTemplate":"https:\/\/www.forschungsflughafen.de\/de\/?s={search_term_string}"},"query-input":{"@type":"PropertyValueSpecification","valueRequired":true,"valueName":"search_term_string"}}],"inLanguage":"de"},{"@type":"Organization","@id":"https:\/\/www.forschungsflughafen.de\/de\/#organization","name":"Forschungsflughafen Braunschweig GmbH","url":"https:\/\/www.forschungsflughafen.de\/de\/","logo":{"@type":"ImageObject","inLanguage":"de","@id":"https:\/\/www.forschungsflughafen.de\/de\/#\/schema\/logo\/image\/","url":"https:\/\/www.forschungsflughafen.de\/wp-content\/uploads\/2021\/09\/Rosette.png","contentUrl":"https:\/\/www.forschungsflughafen.de\/wp-content\/uploads\/2021\/09\/Rosette.png","width":130,"height":129,"caption":"Forschungsflughafen Braunschweig GmbH"},"image":{"@id":"https:\/\/www.forschungsflughafen.de\/de\/#\/schema\/logo\/image\/"}}]}},"_links":{"self":[{"href":"https:\/\/www.forschungsflughafen.de\/de\/wp-json\/wp\/v2\/pages\/2196","targetHints":{"allow":["GET"]}}],"collection":[{"href":"https:\/\/www.forschungsflughafen.de\/de\/wp-json\/wp\/v2\/pages"}],"about":[{"href":"https:\/\/www.forschungsflughafen.de\/de\/wp-json\/wp\/v2\/types\/page"}],"author":[{"embeddable":true,"href":"https:\/\/www.forschungsflughafen.de\/de\/wp-json\/wp\/v2\/users\/6"}],"replies":[{"embeddable":true,"href":"https:\/\/www.forschungsflughafen.de\/de\/wp-json\/wp\/v2\/comments?post=2196"}],"version-history":[{"count":1,"href":"https:\/\/www.forschungsflughafen.de\/de\/wp-json\/wp\/v2\/pages\/2196\/revisions"}],"predecessor-version":[{"id":2198,"href":"https:\/\/www.forschungsflughafen.de\/de\/wp-json\/wp\/v2\/pages\/2196\/revisions\/2198"}],"wp:attachment":[{"href":"https:\/\/www.forschungsflughafen.de\/de\/wp-json\/wp\/v2\/media?parent=2196"}],"curies":[{"name":"wp","href":"https:\/\/api.w.org\/{rel}","templated":true}]}}