{"id":2190,"date":"2021-03-08T15:52:36","date_gmt":"2021-03-08T14:52:36","guid":{"rendered":"https:\/\/ffb.webbics.de\/?page_id=2190"},"modified":"2021-03-08T17:06:14","modified_gmt":"2021-03-08T16:06:14","slug":"niedersaechsisches-forschungszentrum-fuer-luftfahrt-nfl","status":"publish","type":"page","link":"https:\/\/www.forschungsflughafen.de\/de\/ueber-uns\/niedersaechsisches-forschungszentrum-fuer-luftfahrt-nfl\/","title":{"rendered":"Nieders\u00e4chsisches Forschungszentrum f\u00fcr Luftfahrt (NFL)"},"content":{"rendered":"<div class=\"fusion-fullwidth fullwidth-box fusion-builder-row-1 fusion-flex-container nonhundred-percent-fullwidth non-hundred-percent-height-scrolling\" style=\"--awb-border-radius-top-left:0px;--awb-border-radius-top-right:0px;--awb-border-radius-bottom-right:0px;--awb-border-radius-bottom-left:0px;--awb-flex-wrap:wrap;\" ><div class=\"fusion-builder-row fusion-row fusion-flex-align-items-flex-start fusion-flex-content-wrap\" style=\"max-width:832px;margin-left: calc(-4% \/ 2 );margin-right: calc(-4% \/ 2 );\"><div class=\"fusion-layout-column fusion_builder_column fusion-builder-column-0 fusion_builder_column_1_1 1_1 fusion-flex-column\" style=\"--awb-bg-size:cover;--awb-width-large:100%;--awb-margin-top-large:15px;--awb-spacing-right-large:1.92%;--awb-margin-bottom-large:15px;--awb-spacing-left-large:1.92%;--awb-width-medium:100%;--awb-order-medium:0;--awb-spacing-right-medium:1.92%;--awb-spacing-left-medium:1.92%;--awb-width-small:100%;--awb-order-small:0;--awb-spacing-right-small:1.92%;--awb-spacing-left-small:1.92%;\"><div class=\"fusion-column-wrapper fusion-column-has-shadow fusion-flex-justify-content-flex-start fusion-content-layout-column\"><div class=\"fusion-title title fusion-title-1 fusion-sep-none fusion-title-text fusion-title-size-three\"><h3 class=\"fusion-title-heading title-heading-left fusion-responsive-typography-calculated\" style=\"margin:0;--fontSize:16;--minFontSize:16;line-height:1.25;\">Nieders\u00e4chsisches Forschungszentrum f\u00fcr Luftfahrt (NFL)<\/h3><\/div><div class=\"fusion-text fusion-text-1\"><p><img decoding=\"async\" class=\"alignright size-fusion-400 wp-image-2191\" src=\"https:\/\/www.forschungsflughafen.de\/wp-content\/uploads\/2021\/03\/CFF_Hofansicht-400x266.jpg\" alt=\"\" width=\"300\" height=\"225\" \/>Der Luftfahrt-Forschungsstandort Braunschweig gewinnt mit dem Nieders\u00e4chsisches Forschungszentrum f\u00fcr Luftfahrt am Campus Forschungsflughafen internationale Sichtbarkeit und ein weiteres Alleinstellungsmerkmal. Die Technische Universit\u00e4t Braunschweig und das Deutsche Zentrum f\u00fcr Luft- und Raumfahrt b\u00fcndeln ihre breit gef\u00e4cherten Kompetenzen. Gemeinsam haben sie den Campus Forschungsflughafen als neue Einrichtung gegr\u00fcndet.<\/p>\n<p>Sechs TU-Institute der Luft- und Raumfahrttechnik und vier luftfahrttechnische Institute des Deutschen Zentrums f\u00fcr Luft- und Raumfahrt arbeiten am Forschungsflughafen in Braunschweig Seite an Seite und schaffen Synergien. Durch die B\u00fcndelung breit gef\u00e4cherter Kompetenzen und die Einbindung weiterer Partnerinstitute der Nieders\u00e4chsischen Technischen Hochschule und des Deutschen Zentrum f\u00fcr Luft- und Raumfahrt kann der Standort eine f\u00fchrende Rolle in der Luftfahrtforschung national und in Europa einnehmen.<\/p>\n<p>Die einmalige Ausstattung des Forschungsflughafens mit Gro\u00dfforschungseinrichtungen \u2013 Forschungsflugzeuge, Simulatoren, Windkan\u00e4le und Pr\u00fcfst\u00e4nde \u2013 sowie die Flughafeninfrastruktur geben den beteiligten Wissenschaftlern herausragende Forschungs- und Entwicklungsm\u00f6glichkeiten. Der direkte Draht zwischen den Beh\u00f6rden, Technologietransferstellen sowie kleinen und mittleren Unternehmen vor Ort und das engmaschige Netzwerk mit den gro\u00dfen Systemfirmen der Luftfahrttechnik machen es m\u00f6glich, dass Forschungsergebnisse schnell und effizient in neue Produkte und Dienstleistungen umgesetzt werden.<\/p>\n<\/div><div class=\"fusion-text fusion-text-2\" style=\"--awb-content-alignment:right;\"><p><a href=\"https:\/\/www.forschungsflughafen.de\/ueber-uns\/\">zur\u00fcck \u00bb<\/a><\/p>\n<\/div><\/div><\/div><\/div><\/div>\n","protected":false},"excerpt":{"rendered":"","protected":false},"author":6,"featured_media":0,"parent":1639,"menu_order":0,"comment_status":"closed","ping_status":"closed","template":"","meta":{"footnotes":""},"class_list":["post-2190","page","type-page","status-publish","hentry"],"yoast_head":"<!-- This site is optimized with the Yoast SEO plugin v27.5 - https:\/\/yoast.com\/product\/yoast-seo-wordpress\/ -->\n<title>Nieders\u00e4chsisches Forschungszentrum f\u00fcr Luftfahrt (NFL) - Forschungsflughafen Braunschweig GmbH<\/title>\n<meta name=\"robots\" content=\"index, follow, max-snippet:-1, max-image-preview:large, max-video-preview:-1\" \/>\n<link rel=\"canonical\" href=\"https:\/\/www.forschungsflughafen.de\/de\/ueber-uns\/niedersaechsisches-forschungszentrum-fuer-luftfahrt-nfl\/\" \/>\n<meta property=\"og:locale\" content=\"de_DE\" \/>\n<meta property=\"og:type\" content=\"article\" \/>\n<meta property=\"og:title\" content=\"Nieders\u00e4chsisches Forschungszentrum f\u00fcr Luftfahrt (NFL) - Forschungsflughafen Braunschweig GmbH\" \/>\n<meta property=\"og:url\" content=\"https:\/\/www.forschungsflughafen.de\/de\/ueber-uns\/niedersaechsisches-forschungszentrum-fuer-luftfahrt-nfl\/\" \/>\n<meta property=\"og:site_name\" content=\"Forschungsflughafen Braunschweig GmbH\" \/>\n<meta property=\"article:modified_time\" content=\"2021-03-08T16:06:14+00:00\" \/>\n<meta property=\"og:image\" content=\"https:\/\/www.forschungsflughafen.de\/wp-content\/uploads\/2021\/03\/CFF_Hofansicht-400x266.jpg\" \/>\n<meta name=\"twitter:card\" content=\"summary_large_image\" \/>\n<meta name=\"twitter:label1\" content=\"Gesch\u00e4tzte Lesezeit\" \/>\n\t<meta name=\"twitter:data1\" content=\"5\u00a0Minuten\" \/>\n<script type=\"application\/ld+json\" class=\"yoast-schema-graph\">{\"@context\":\"https:\\\/\\\/schema.org\",\"@graph\":[{\"@type\":\"WebPage\",\"@id\":\"https:\\\/\\\/www.forschungsflughafen.de\\\/de\\\/ueber-uns\\\/niedersaechsisches-forschungszentrum-fuer-luftfahrt-nfl\\\/\",\"url\":\"https:\\\/\\\/www.forschungsflughafen.de\\\/de\\\/ueber-uns\\\/niedersaechsisches-forschungszentrum-fuer-luftfahrt-nfl\\\/\",\"name\":\"Nieders\u00e4chsisches Forschungszentrum f\u00fcr Luftfahrt (NFL) - Forschungsflughafen Braunschweig GmbH\",\"isPartOf\":{\"@id\":\"https:\\\/\\\/www.forschungsflughafen.de\\\/de\\\/#website\"},\"primaryImageOfPage\":{\"@id\":\"https:\\\/\\\/www.forschungsflughafen.de\\\/de\\\/ueber-uns\\\/niedersaechsisches-forschungszentrum-fuer-luftfahrt-nfl\\\/#primaryimage\"},\"image\":{\"@id\":\"https:\\\/\\\/www.forschungsflughafen.de\\\/de\\\/ueber-uns\\\/niedersaechsisches-forschungszentrum-fuer-luftfahrt-nfl\\\/#primaryimage\"},\"thumbnailUrl\":\"https:\\\/\\\/www.forschungsflughafen.de\\\/wp-content\\\/uploads\\\/2021\\\/03\\\/CFF_Hofansicht-400x266.jpg\",\"datePublished\":\"2021-03-08T14:52:36+00:00\",\"dateModified\":\"2021-03-08T16:06:14+00:00\",\"breadcrumb\":{\"@id\":\"https:\\\/\\\/www.forschungsflughafen.de\\\/de\\\/ueber-uns\\\/niedersaechsisches-forschungszentrum-fuer-luftfahrt-nfl\\\/#breadcrumb\"},\"inLanguage\":\"de\",\"potentialAction\":[{\"@type\":\"ReadAction\",\"target\":[\"https:\\\/\\\/www.forschungsflughafen.de\\\/de\\\/ueber-uns\\\/niedersaechsisches-forschungszentrum-fuer-luftfahrt-nfl\\\/\"]}]},{\"@type\":\"ImageObject\",\"inLanguage\":\"de\",\"@id\":\"https:\\\/\\\/www.forschungsflughafen.de\\\/de\\\/ueber-uns\\\/niedersaechsisches-forschungszentrum-fuer-luftfahrt-nfl\\\/#primaryimage\",\"url\":\"https:\\\/\\\/www.forschungsflughafen.de\\\/wp-content\\\/uploads\\\/2021\\\/03\\\/CFF_Hofansicht-400x266.jpg\",\"contentUrl\":\"https:\\\/\\\/www.forschungsflughafen.de\\\/wp-content\\\/uploads\\\/2021\\\/03\\\/CFF_Hofansicht-400x266.jpg\"},{\"@type\":\"BreadcrumbList\",\"@id\":\"https:\\\/\\\/www.forschungsflughafen.de\\\/de\\\/ueber-uns\\\/niedersaechsisches-forschungszentrum-fuer-luftfahrt-nfl\\\/#breadcrumb\",\"itemListElement\":[{\"@type\":\"ListItem\",\"position\":1,\"name\":\"Startseite\",\"item\":\"https:\\\/\\\/www.forschungsflughafen.de\\\/de\\\/\"},{\"@type\":\"ListItem\",\"position\":2,\"name\":\"\u00dcber Uns\",\"item\":\"https:\\\/\\\/www.forschungsflughafen.de\\\/de\\\/ueber-uns\\\/\"},{\"@type\":\"ListItem\",\"position\":3,\"name\":\"Nieders\u00e4chsisches Forschungszentrum f\u00fcr Luftfahrt (NFL)\"}]},{\"@type\":\"WebSite\",\"@id\":\"https:\\\/\\\/www.forschungsflughafen.de\\\/de\\\/#website\",\"url\":\"https:\\\/\\\/www.forschungsflughafen.de\\\/de\\\/\",\"name\":\"Forschungsflughafen Braunschweig GmbH\",\"description\":\"Eines der innovativsten Wirtschafts- und Wissenschaftscluster Europas\",\"publisher\":{\"@id\":\"https:\\\/\\\/www.forschungsflughafen.de\\\/de\\\/#organization\"},\"potentialAction\":[{\"@type\":\"SearchAction\",\"target\":{\"@type\":\"EntryPoint\",\"urlTemplate\":\"https:\\\/\\\/www.forschungsflughafen.de\\\/de\\\/?s={search_term_string}\"},\"query-input\":{\"@type\":\"PropertyValueSpecification\",\"valueRequired\":true,\"valueName\":\"search_term_string\"}}],\"inLanguage\":\"de\"},{\"@type\":\"Organization\",\"@id\":\"https:\\\/\\\/www.forschungsflughafen.de\\\/de\\\/#organization\",\"name\":\"Forschungsflughafen Braunschweig GmbH\",\"url\":\"https:\\\/\\\/www.forschungsflughafen.de\\\/de\\\/\",\"logo\":{\"@type\":\"ImageObject\",\"inLanguage\":\"de\",\"@id\":\"https:\\\/\\\/www.forschungsflughafen.de\\\/de\\\/#\\\/schema\\\/logo\\\/image\\\/\",\"url\":\"https:\\\/\\\/www.forschungsflughafen.de\\\/wp-content\\\/uploads\\\/2021\\\/09\\\/Rosette.png\",\"contentUrl\":\"https:\\\/\\\/www.forschungsflughafen.de\\\/wp-content\\\/uploads\\\/2021\\\/09\\\/Rosette.png\",\"width\":130,\"height\":129,\"caption\":\"Forschungsflughafen Braunschweig GmbH\"},\"image\":{\"@id\":\"https:\\\/\\\/www.forschungsflughafen.de\\\/de\\\/#\\\/schema\\\/logo\\\/image\\\/\"}}]}<\/script>\n<!-- \/ Yoast SEO plugin. -->","yoast_head_json":{"title":"Nieders\u00e4chsisches Forschungszentrum f\u00fcr Luftfahrt (NFL) - Forschungsflughafen Braunschweig GmbH","robots":{"index":"index","follow":"follow","max-snippet":"max-snippet:-1","max-image-preview":"max-image-preview:large","max-video-preview":"max-video-preview:-1"},"canonical":"https:\/\/www.forschungsflughafen.de\/de\/ueber-uns\/niedersaechsisches-forschungszentrum-fuer-luftfahrt-nfl\/","og_locale":"de_DE","og_type":"article","og_title":"Nieders\u00e4chsisches Forschungszentrum f\u00fcr Luftfahrt (NFL) - Forschungsflughafen Braunschweig GmbH","og_url":"https:\/\/www.forschungsflughafen.de\/de\/ueber-uns\/niedersaechsisches-forschungszentrum-fuer-luftfahrt-nfl\/","og_site_name":"Forschungsflughafen Braunschweig GmbH","article_modified_time":"2021-03-08T16:06:14+00:00","og_image":[{"url":"https:\/\/www.forschungsflughafen.de\/wp-content\/uploads\/2021\/03\/CFF_Hofansicht-400x266.jpg","type":"","width":"","height":""}],"twitter_card":"summary_large_image","twitter_misc":{"Gesch\u00e4tzte Lesezeit":"5\u00a0Minuten"},"schema":{"@context":"https:\/\/schema.org","@graph":[{"@type":"WebPage","@id":"https:\/\/www.forschungsflughafen.de\/de\/ueber-uns\/niedersaechsisches-forschungszentrum-fuer-luftfahrt-nfl\/","url":"https:\/\/www.forschungsflughafen.de\/de\/ueber-uns\/niedersaechsisches-forschungszentrum-fuer-luftfahrt-nfl\/","name":"Nieders\u00e4chsisches Forschungszentrum f\u00fcr Luftfahrt (NFL) - Forschungsflughafen Braunschweig GmbH","isPartOf":{"@id":"https:\/\/www.forschungsflughafen.de\/de\/#website"},"primaryImageOfPage":{"@id":"https:\/\/www.forschungsflughafen.de\/de\/ueber-uns\/niedersaechsisches-forschungszentrum-fuer-luftfahrt-nfl\/#primaryimage"},"image":{"@id":"https:\/\/www.forschungsflughafen.de\/de\/ueber-uns\/niedersaechsisches-forschungszentrum-fuer-luftfahrt-nfl\/#primaryimage"},"thumbnailUrl":"https:\/\/www.forschungsflughafen.de\/wp-content\/uploads\/2021\/03\/CFF_Hofansicht-400x266.jpg","datePublished":"2021-03-08T14:52:36+00:00","dateModified":"2021-03-08T16:06:14+00:00","breadcrumb":{"@id":"https:\/\/www.forschungsflughafen.de\/de\/ueber-uns\/niedersaechsisches-forschungszentrum-fuer-luftfahrt-nfl\/#breadcrumb"},"inLanguage":"de","potentialAction":[{"@type":"ReadAction","target":["https:\/\/www.forschungsflughafen.de\/de\/ueber-uns\/niedersaechsisches-forschungszentrum-fuer-luftfahrt-nfl\/"]}]},{"@type":"ImageObject","inLanguage":"de","@id":"https:\/\/www.forschungsflughafen.de\/de\/ueber-uns\/niedersaechsisches-forschungszentrum-fuer-luftfahrt-nfl\/#primaryimage","url":"https:\/\/www.forschungsflughafen.de\/wp-content\/uploads\/2021\/03\/CFF_Hofansicht-400x266.jpg","contentUrl":"https:\/\/www.forschungsflughafen.de\/wp-content\/uploads\/2021\/03\/CFF_Hofansicht-400x266.jpg"},{"@type":"BreadcrumbList","@id":"https:\/\/www.forschungsflughafen.de\/de\/ueber-uns\/niedersaechsisches-forschungszentrum-fuer-luftfahrt-nfl\/#breadcrumb","itemListElement":[{"@type":"ListItem","position":1,"name":"Startseite","item":"https:\/\/www.forschungsflughafen.de\/de\/"},{"@type":"ListItem","position":2,"name":"\u00dcber Uns","item":"https:\/\/www.forschungsflughafen.de\/de\/ueber-uns\/"},{"@type":"ListItem","position":3,"name":"Nieders\u00e4chsisches Forschungszentrum f\u00fcr Luftfahrt (NFL)"}]},{"@type":"WebSite","@id":"https:\/\/www.forschungsflughafen.de\/de\/#website","url":"https:\/\/www.forschungsflughafen.de\/de\/","name":"Forschungsflughafen Braunschweig GmbH","description":"Eines der innovativsten Wirtschafts- und Wissenschaftscluster Europas","publisher":{"@id":"https:\/\/www.forschungsflughafen.de\/de\/#organization"},"potentialAction":[{"@type":"SearchAction","target":{"@type":"EntryPoint","urlTemplate":"https:\/\/www.forschungsflughafen.de\/de\/?s={search_term_string}"},"query-input":{"@type":"PropertyValueSpecification","valueRequired":true,"valueName":"search_term_string"}}],"inLanguage":"de"},{"@type":"Organization","@id":"https:\/\/www.forschungsflughafen.de\/de\/#organization","name":"Forschungsflughafen Braunschweig GmbH","url":"https:\/\/www.forschungsflughafen.de\/de\/","logo":{"@type":"ImageObject","inLanguage":"de","@id":"https:\/\/www.forschungsflughafen.de\/de\/#\/schema\/logo\/image\/","url":"https:\/\/www.forschungsflughafen.de\/wp-content\/uploads\/2021\/09\/Rosette.png","contentUrl":"https:\/\/www.forschungsflughafen.de\/wp-content\/uploads\/2021\/09\/Rosette.png","width":130,"height":129,"caption":"Forschungsflughafen Braunschweig GmbH"},"image":{"@id":"https:\/\/www.forschungsflughafen.de\/de\/#\/schema\/logo\/image\/"}}]}},"_links":{"self":[{"href":"https:\/\/www.forschungsflughafen.de\/de\/wp-json\/wp\/v2\/pages\/2190","targetHints":{"allow":["GET"]}}],"collection":[{"href":"https:\/\/www.forschungsflughafen.de\/de\/wp-json\/wp\/v2\/pages"}],"about":[{"href":"https:\/\/www.forschungsflughafen.de\/de\/wp-json\/wp\/v2\/types\/page"}],"author":[{"embeddable":true,"href":"https:\/\/www.forschungsflughafen.de\/de\/wp-json\/wp\/v2\/users\/6"}],"replies":[{"embeddable":true,"href":"https:\/\/www.forschungsflughafen.de\/de\/wp-json\/wp\/v2\/comments?post=2190"}],"version-history":[{"count":2,"href":"https:\/\/www.forschungsflughafen.de\/de\/wp-json\/wp\/v2\/pages\/2190\/revisions"}],"predecessor-version":[{"id":2193,"href":"https:\/\/www.forschungsflughafen.de\/de\/wp-json\/wp\/v2\/pages\/2190\/revisions\/2193"}],"up":[{"embeddable":true,"href":"https:\/\/www.forschungsflughafen.de\/de\/wp-json\/wp\/v2\/pages\/1639"}],"wp:attachment":[{"href":"https:\/\/www.forschungsflughafen.de\/de\/wp-json\/wp\/v2\/media?parent=2190"}],"curies":[{"name":"wp","href":"https:\/\/api.w.org\/{rel}","templated":true}]}}