{"id":2183,"date":"2021-03-08T15:45:15","date_gmt":"2021-03-08T14:45:15","guid":{"rendered":"https:\/\/ffb.webbics.de\/?page_id=2183"},"modified":"2025-08-21T16:56:26","modified_gmt":"2025-08-21T14:56:26","slug":"verkehrsflughafen","status":"publish","type":"page","link":"https:\/\/www.forschungsflughafen.de\/de\/ueber-uns\/verkehrsflughafen\/","title":{"rendered":"Verkehrsflughafen"},"content":{"rendered":"<div class=\"fusion-fullwidth fullwidth-box fusion-builder-row-1 fusion-flex-container nonhundred-percent-fullwidth non-hundred-percent-height-scrolling\" style=\"--awb-border-radius-top-left:0px;--awb-border-radius-top-right:0px;--awb-border-radius-bottom-right:0px;--awb-border-radius-bottom-left:0px;--awb-flex-wrap:wrap;\" ><div class=\"fusion-builder-row fusion-row fusion-flex-align-items-flex-start fusion-flex-content-wrap\" style=\"max-width:832px;margin-left: calc(-4% \/ 2 );margin-right: calc(-4% \/ 2 );\"><div class=\"fusion-layout-column fusion_builder_column fusion-builder-column-0 fusion_builder_column_1_1 1_1 fusion-flex-column\" style=\"--awb-bg-size:cover;--awb-width-large:100%;--awb-margin-top-large:15px;--awb-spacing-right-large:1.92%;--awb-margin-bottom-large:15px;--awb-spacing-left-large:1.92%;--awb-width-medium:100%;--awb-order-medium:0;--awb-spacing-right-medium:1.92%;--awb-spacing-left-medium:1.92%;--awb-width-small:100%;--awb-order-small:0;--awb-spacing-right-small:1.92%;--awb-spacing-left-small:1.92%;\"><div class=\"fusion-column-wrapper fusion-column-has-shadow fusion-flex-justify-content-flex-start fusion-content-layout-column\"><div class=\"fusion-title title fusion-title-1 fusion-sep-none fusion-title-text fusion-title-size-three\"><h3 class=\"fusion-title-heading title-heading-left fusion-responsive-typography-calculated\" style=\"margin:0;--fontSize:16;--minFontSize:16;line-height:1.25;\">Verkehrsflughafen<\/h3><\/div><div class=\"fusion-text fusion-text-1\"><p><img decoding=\"async\" class=\"alignright size-fusion-400 wp-image-2184\" title=\"\" src=\"https:\/\/www.forschungsflughafen.de\/wp-content\/uploads\/2021\/03\/Bild_Atra_Fbw-400x300.jpg\" alt=\"\" width=\"300\" height=\"225\" srcset=\"https:\/\/www.forschungsflughafen.de\/wp-content\/uploads\/2021\/03\/Bild_Atra_Fbw-200x150.jpg 200w, https:\/\/www.forschungsflughafen.de\/wp-content\/uploads\/2021\/03\/Bild_Atra_Fbw-400x300.jpg 400w, https:\/\/www.forschungsflughafen.de\/wp-content\/uploads\/2021\/03\/Bild_Atra_Fbw.jpg 500w\" sizes=\"(max-width: 300px) 100vw, 300px\" \/>Der Flughafen Braunschweig-Wolfsburg (ICAO-Code: EDVE; IATA-Code: BWE) ist einer von zwei Verkehrsflugh\u00e4fen des Landes Niedersachsen. Er liegt in der Metropolregion Braunschweig-Wolfsburg-Salzgitter in S\u00fcdostniedersachsen, ca. 8 km n\u00f6rdlich der Stadt Braunschweig an der A 2 Hannover-Berlin.<\/p>\n<p>Der Flughafen sichert als Verkehrseinrichtung den Unternehmen der Region die erforderliche Mobilit\u00e4t. Auch die Bundesstelle f\u00fcr Flugunfalluntersuchung (BFU) kann direkt vom Flughafen Braunschweig-Wolfsburg zur Unfalluntersuchung aufbrechen. Braunschweig ist Standort namhafter Forschungseinrichtungen und bietet ihnen mit der Flughafeninfrastruktur ein Testfeld. Dieser Standortvorteil hat auch dazu gef\u00fchrt, dass das Deutsche Zentrum f\u00fcr Luft- und Raumfahrt (DLR) seinen neuen Forschungs- und Versuchstr\u00e4ger ATRA (Advanced Technology Research Aircraft), einen Airbus A320-200, in Braunschweig stationiert hat.<\/p>\n<p>Der Flughafen erwirtschaftet seine Einnahmen im Wesentlichen aus Landeentgelten, Treibstoffprovisionen und Erbbauzinsen.<\/p>\n<p>Ein Teil des Kerngesch\u00e4ftes des Flughafens liegt im Gesch\u00e4ftsreiseverkehr, bestehend aus Werksverkehr (vor allem der Volkswagen AG), Gelegenheitscharter- (Taxi-) und Anforderungslinienverkehr. Pauschalreiseverkehr findet nicht im Linienbetrieb und somit nur in sehr untergeordnetem Umfang statt.<\/p>\n<p>Die Flughafen Braunschweig-Wolfsburg GmbH ist Betreiberin des Flughafens, der im Jahr 2011 sein 75-j\u00e4hriges Bestehen feierte. Gesellschafter der GmbH sind die Stadt Braunschweig (42,6%), die Stadt Wolfsburg (17,8%), eigene Anteile (35,6%) und die Landkreise Gifhorn und Helmstedt (je 2%).<\/p>\n<p><a href=\"https:\/\/www.fhbwe.de\">https:\/\/www.fhbwe.de<\/a><\/p>\n<\/div><div class=\"fusion-text fusion-text-2\" style=\"--awb-content-alignment:right;\"><p><a href=\"https:\/\/www.forschungsflughafen.de\/ueber-uns\/\">zur\u00fcck \u00bb<\/a><\/p>\n<\/div><\/div><\/div><\/div><\/div>\n","protected":false},"excerpt":{"rendered":"","protected":false},"author":6,"featured_media":0,"parent":1639,"menu_order":0,"comment_status":"closed","ping_status":"closed","template":"","meta":{"footnotes":""},"class_list":["post-2183","page","type-page","status-publish","hentry"],"yoast_head":"<!-- This site is optimized with the Yoast SEO plugin v27.5 - https:\/\/yoast.com\/product\/yoast-seo-wordpress\/ -->\n<title>Verkehrsflughafen - Forschungsflughafen Braunschweig GmbH<\/title>\n<meta name=\"robots\" content=\"index, follow, max-snippet:-1, max-image-preview:large, max-video-preview:-1\" \/>\n<link rel=\"canonical\" href=\"https:\/\/www.forschungsflughafen.de\/de\/ueber-uns\/verkehrsflughafen\/\" \/>\n<meta property=\"og:locale\" content=\"de_DE\" \/>\n<meta property=\"og:type\" content=\"article\" \/>\n<meta property=\"og:title\" content=\"Verkehrsflughafen - Forschungsflughafen Braunschweig GmbH\" \/>\n<meta property=\"og:url\" content=\"https:\/\/www.forschungsflughafen.de\/de\/ueber-uns\/verkehrsflughafen\/\" \/>\n<meta property=\"og:site_name\" content=\"Forschungsflughafen Braunschweig GmbH\" \/>\n<meta property=\"article:modified_time\" content=\"2025-08-21T14:56:26+00:00\" \/>\n<meta property=\"og:image\" content=\"https:\/\/www.forschungsflughafen.de\/wp-content\/uploads\/2021\/03\/Bild_Atra_Fbw-400x300.jpg\" \/>\n<meta name=\"twitter:card\" content=\"summary_large_image\" \/>\n<meta name=\"twitter:label1\" content=\"Gesch\u00e4tzte Lesezeit\" \/>\n\t<meta name=\"twitter:data1\" content=\"3\u00a0Minuten\" \/>\n<script type=\"application\/ld+json\" class=\"yoast-schema-graph\">{\"@context\":\"https:\\\/\\\/schema.org\",\"@graph\":[{\"@type\":\"WebPage\",\"@id\":\"https:\\\/\\\/www.forschungsflughafen.de\\\/de\\\/ueber-uns\\\/verkehrsflughafen\\\/\",\"url\":\"https:\\\/\\\/www.forschungsflughafen.de\\\/de\\\/ueber-uns\\\/verkehrsflughafen\\\/\",\"name\":\"Verkehrsflughafen - Forschungsflughafen Braunschweig GmbH\",\"isPartOf\":{\"@id\":\"https:\\\/\\\/www.forschungsflughafen.de\\\/de\\\/#website\"},\"primaryImageOfPage\":{\"@id\":\"https:\\\/\\\/www.forschungsflughafen.de\\\/de\\\/ueber-uns\\\/verkehrsflughafen\\\/#primaryimage\"},\"image\":{\"@id\":\"https:\\\/\\\/www.forschungsflughafen.de\\\/de\\\/ueber-uns\\\/verkehrsflughafen\\\/#primaryimage\"},\"thumbnailUrl\":\"https:\\\/\\\/www.forschungsflughafen.de\\\/wp-content\\\/uploads\\\/2021\\\/03\\\/Bild_Atra_Fbw-400x300.jpg\",\"datePublished\":\"2021-03-08T14:45:15+00:00\",\"dateModified\":\"2025-08-21T14:56:26+00:00\",\"breadcrumb\":{\"@id\":\"https:\\\/\\\/www.forschungsflughafen.de\\\/de\\\/ueber-uns\\\/verkehrsflughafen\\\/#breadcrumb\"},\"inLanguage\":\"de\",\"potentialAction\":[{\"@type\":\"ReadAction\",\"target\":[\"https:\\\/\\\/www.forschungsflughafen.de\\\/de\\\/ueber-uns\\\/verkehrsflughafen\\\/\"]}]},{\"@type\":\"ImageObject\",\"inLanguage\":\"de\",\"@id\":\"https:\\\/\\\/www.forschungsflughafen.de\\\/de\\\/ueber-uns\\\/verkehrsflughafen\\\/#primaryimage\",\"url\":\"https:\\\/\\\/www.forschungsflughafen.de\\\/wp-content\\\/uploads\\\/2021\\\/03\\\/Bild_Atra_Fbw-400x300.jpg\",\"contentUrl\":\"https:\\\/\\\/www.forschungsflughafen.de\\\/wp-content\\\/uploads\\\/2021\\\/03\\\/Bild_Atra_Fbw-400x300.jpg\"},{\"@type\":\"BreadcrumbList\",\"@id\":\"https:\\\/\\\/www.forschungsflughafen.de\\\/de\\\/ueber-uns\\\/verkehrsflughafen\\\/#breadcrumb\",\"itemListElement\":[{\"@type\":\"ListItem\",\"position\":1,\"name\":\"Startseite\",\"item\":\"https:\\\/\\\/www.forschungsflughafen.de\\\/de\\\/\"},{\"@type\":\"ListItem\",\"position\":2,\"name\":\"\u00dcber Uns\",\"item\":\"https:\\\/\\\/www.forschungsflughafen.de\\\/de\\\/ueber-uns\\\/\"},{\"@type\":\"ListItem\",\"position\":3,\"name\":\"Verkehrsflughafen\"}]},{\"@type\":\"WebSite\",\"@id\":\"https:\\\/\\\/www.forschungsflughafen.de\\\/de\\\/#website\",\"url\":\"https:\\\/\\\/www.forschungsflughafen.de\\\/de\\\/\",\"name\":\"Forschungsflughafen Braunschweig GmbH\",\"description\":\"Eines der innovativsten Wirtschafts- und Wissenschaftscluster Europas\",\"publisher\":{\"@id\":\"https:\\\/\\\/www.forschungsflughafen.de\\\/de\\\/#organization\"},\"potentialAction\":[{\"@type\":\"SearchAction\",\"target\":{\"@type\":\"EntryPoint\",\"urlTemplate\":\"https:\\\/\\\/www.forschungsflughafen.de\\\/de\\\/?s={search_term_string}\"},\"query-input\":{\"@type\":\"PropertyValueSpecification\",\"valueRequired\":true,\"valueName\":\"search_term_string\"}}],\"inLanguage\":\"de\"},{\"@type\":\"Organization\",\"@id\":\"https:\\\/\\\/www.forschungsflughafen.de\\\/de\\\/#organization\",\"name\":\"Forschungsflughafen Braunschweig GmbH\",\"url\":\"https:\\\/\\\/www.forschungsflughafen.de\\\/de\\\/\",\"logo\":{\"@type\":\"ImageObject\",\"inLanguage\":\"de\",\"@id\":\"https:\\\/\\\/www.forschungsflughafen.de\\\/de\\\/#\\\/schema\\\/logo\\\/image\\\/\",\"url\":\"https:\\\/\\\/www.forschungsflughafen.de\\\/wp-content\\\/uploads\\\/2021\\\/09\\\/Rosette.png\",\"contentUrl\":\"https:\\\/\\\/www.forschungsflughafen.de\\\/wp-content\\\/uploads\\\/2021\\\/09\\\/Rosette.png\",\"width\":130,\"height\":129,\"caption\":\"Forschungsflughafen Braunschweig GmbH\"},\"image\":{\"@id\":\"https:\\\/\\\/www.forschungsflughafen.de\\\/de\\\/#\\\/schema\\\/logo\\\/image\\\/\"}}]}<\/script>\n<!-- \/ Yoast SEO plugin. -->","yoast_head_json":{"title":"Verkehrsflughafen - Forschungsflughafen Braunschweig GmbH","robots":{"index":"index","follow":"follow","max-snippet":"max-snippet:-1","max-image-preview":"max-image-preview:large","max-video-preview":"max-video-preview:-1"},"canonical":"https:\/\/www.forschungsflughafen.de\/de\/ueber-uns\/verkehrsflughafen\/","og_locale":"de_DE","og_type":"article","og_title":"Verkehrsflughafen - Forschungsflughafen Braunschweig GmbH","og_url":"https:\/\/www.forschungsflughafen.de\/de\/ueber-uns\/verkehrsflughafen\/","og_site_name":"Forschungsflughafen Braunschweig GmbH","article_modified_time":"2025-08-21T14:56:26+00:00","og_image":[{"url":"https:\/\/www.forschungsflughafen.de\/wp-content\/uploads\/2021\/03\/Bild_Atra_Fbw-400x300.jpg","type":"","width":"","height":""}],"twitter_card":"summary_large_image","twitter_misc":{"Gesch\u00e4tzte Lesezeit":"3\u00a0Minuten"},"schema":{"@context":"https:\/\/schema.org","@graph":[{"@type":"WebPage","@id":"https:\/\/www.forschungsflughafen.de\/de\/ueber-uns\/verkehrsflughafen\/","url":"https:\/\/www.forschungsflughafen.de\/de\/ueber-uns\/verkehrsflughafen\/","name":"Verkehrsflughafen - Forschungsflughafen Braunschweig GmbH","isPartOf":{"@id":"https:\/\/www.forschungsflughafen.de\/de\/#website"},"primaryImageOfPage":{"@id":"https:\/\/www.forschungsflughafen.de\/de\/ueber-uns\/verkehrsflughafen\/#primaryimage"},"image":{"@id":"https:\/\/www.forschungsflughafen.de\/de\/ueber-uns\/verkehrsflughafen\/#primaryimage"},"thumbnailUrl":"https:\/\/www.forschungsflughafen.de\/wp-content\/uploads\/2021\/03\/Bild_Atra_Fbw-400x300.jpg","datePublished":"2021-03-08T14:45:15+00:00","dateModified":"2025-08-21T14:56:26+00:00","breadcrumb":{"@id":"https:\/\/www.forschungsflughafen.de\/de\/ueber-uns\/verkehrsflughafen\/#breadcrumb"},"inLanguage":"de","potentialAction":[{"@type":"ReadAction","target":["https:\/\/www.forschungsflughafen.de\/de\/ueber-uns\/verkehrsflughafen\/"]}]},{"@type":"ImageObject","inLanguage":"de","@id":"https:\/\/www.forschungsflughafen.de\/de\/ueber-uns\/verkehrsflughafen\/#primaryimage","url":"https:\/\/www.forschungsflughafen.de\/wp-content\/uploads\/2021\/03\/Bild_Atra_Fbw-400x300.jpg","contentUrl":"https:\/\/www.forschungsflughafen.de\/wp-content\/uploads\/2021\/03\/Bild_Atra_Fbw-400x300.jpg"},{"@type":"BreadcrumbList","@id":"https:\/\/www.forschungsflughafen.de\/de\/ueber-uns\/verkehrsflughafen\/#breadcrumb","itemListElement":[{"@type":"ListItem","position":1,"name":"Startseite","item":"https:\/\/www.forschungsflughafen.de\/de\/"},{"@type":"ListItem","position":2,"name":"\u00dcber Uns","item":"https:\/\/www.forschungsflughafen.de\/de\/ueber-uns\/"},{"@type":"ListItem","position":3,"name":"Verkehrsflughafen"}]},{"@type":"WebSite","@id":"https:\/\/www.forschungsflughafen.de\/de\/#website","url":"https:\/\/www.forschungsflughafen.de\/de\/","name":"Forschungsflughafen Braunschweig GmbH","description":"Eines der innovativsten Wirtschafts- und Wissenschaftscluster Europas","publisher":{"@id":"https:\/\/www.forschungsflughafen.de\/de\/#organization"},"potentialAction":[{"@type":"SearchAction","target":{"@type":"EntryPoint","urlTemplate":"https:\/\/www.forschungsflughafen.de\/de\/?s={search_term_string}"},"query-input":{"@type":"PropertyValueSpecification","valueRequired":true,"valueName":"search_term_string"}}],"inLanguage":"de"},{"@type":"Organization","@id":"https:\/\/www.forschungsflughafen.de\/de\/#organization","name":"Forschungsflughafen Braunschweig GmbH","url":"https:\/\/www.forschungsflughafen.de\/de\/","logo":{"@type":"ImageObject","inLanguage":"de","@id":"https:\/\/www.forschungsflughafen.de\/de\/#\/schema\/logo\/image\/","url":"https:\/\/www.forschungsflughafen.de\/wp-content\/uploads\/2021\/09\/Rosette.png","contentUrl":"https:\/\/www.forschungsflughafen.de\/wp-content\/uploads\/2021\/09\/Rosette.png","width":130,"height":129,"caption":"Forschungsflughafen Braunschweig GmbH"},"image":{"@id":"https:\/\/www.forschungsflughafen.de\/de\/#\/schema\/logo\/image\/"}}]}},"_links":{"self":[{"href":"https:\/\/www.forschungsflughafen.de\/de\/wp-json\/wp\/v2\/pages\/2183","targetHints":{"allow":["GET"]}}],"collection":[{"href":"https:\/\/www.forschungsflughafen.de\/de\/wp-json\/wp\/v2\/pages"}],"about":[{"href":"https:\/\/www.forschungsflughafen.de\/de\/wp-json\/wp\/v2\/types\/page"}],"author":[{"embeddable":true,"href":"https:\/\/www.forschungsflughafen.de\/de\/wp-json\/wp\/v2\/users\/6"}],"replies":[{"embeddable":true,"href":"https:\/\/www.forschungsflughafen.de\/de\/wp-json\/wp\/v2\/comments?post=2183"}],"version-history":[{"count":11,"href":"https:\/\/www.forschungsflughafen.de\/de\/wp-json\/wp\/v2\/pages\/2183\/revisions"}],"predecessor-version":[{"id":2926,"href":"https:\/\/www.forschungsflughafen.de\/de\/wp-json\/wp\/v2\/pages\/2183\/revisions\/2926"}],"up":[{"embeddable":true,"href":"https:\/\/www.forschungsflughafen.de\/de\/wp-json\/wp\/v2\/pages\/1639"}],"wp:attachment":[{"href":"https:\/\/www.forschungsflughafen.de\/de\/wp-json\/wp\/v2\/media?parent=2183"}],"curies":[{"name":"wp","href":"https:\/\/api.w.org\/{rel}","templated":true}]}}