{"id":2173,"date":"2021-03-08T15:35:40","date_gmt":"2021-03-08T14:35:40","guid":{"rendered":"https:\/\/ffb.webbics.de\/?page_id=2173"},"modified":"2025-12-01T05:41:21","modified_gmt":"2025-12-01T04:41:21","slug":"forschungsflughafen-braunschweig-e-v","status":"publish","type":"page","link":"https:\/\/www.forschungsflughafen.de\/de\/ueber-uns\/forschungsflughafen-braunschweig-e-v\/","title":{"rendered":"Forschungsflughafen Braunschweig e.V."},"content":{"rendered":"<div class=\"fusion-fullwidth fullwidth-box fusion-builder-row-1 fusion-flex-container nonhundred-percent-fullwidth non-hundred-percent-height-scrolling\" style=\"--awb-border-radius-top-left:0px;--awb-border-radius-top-right:0px;--awb-border-radius-bottom-right:0px;--awb-border-radius-bottom-left:0px;--awb-flex-wrap:wrap;\" ><div class=\"fusion-builder-row fusion-row fusion-flex-align-items-flex-start fusion-flex-content-wrap\" style=\"max-width:832px;margin-left: calc(-4% \/ 2 );margin-right: calc(-4% \/ 2 );\"><div class=\"fusion-layout-column fusion_builder_column fusion-builder-column-0 fusion_builder_column_1_1 1_1 fusion-flex-column\" style=\"--awb-bg-size:cover;--awb-width-large:100%;--awb-margin-top-large:15px;--awb-spacing-right-large:1.92%;--awb-margin-bottom-large:15px;--awb-spacing-left-large:1.92%;--awb-width-medium:100%;--awb-order-medium:0;--awb-spacing-right-medium:1.92%;--awb-spacing-left-medium:1.92%;--awb-width-small:100%;--awb-order-small:0;--awb-spacing-right-small:1.92%;--awb-spacing-left-small:1.92%;\"><div class=\"fusion-column-wrapper fusion-column-has-shadow fusion-flex-justify-content-flex-start fusion-content-layout-column\"><div class=\"fusion-title title fusion-title-1 fusion-sep-none fusion-title-text fusion-title-size-three\"><h3 class=\"fusion-title-heading title-heading-left fusion-responsive-typography-calculated\" style=\"margin:0;--fontSize:16;--minFontSize:16;line-height:1.25;\">Forschungsflughafen Braunschweig e.V.<\/h3><\/div><div class=\"fusion-text fusion-text-1\"><p>Der gleichnamige Verein Forschungsflughafen Braunschweig e. V. wurde 1998 in Braunschweig gegr\u00fcndet und ist mit seinen 40 klein- und mittelst\u00e4ndischen Unternehmen mit den unterschiedlichsten Schwerpunkten im Bereich Verkehrstechnik alleiniger Gesellschafter der Forschungsflughafen Braunschweig GmbH.<\/p>\n<p><u>Unser Vorstand:<\/u><\/p>\n<p>Vorstandsvorsitzender:<br \/>\nProf. Dr.-Ing. Joachim Block, Prof. d. TU Braunschweig u. ehem. Standortleiter DLR Braunschweig<\/p>\n<p>Finanzvorstand:<\/p>\n<p>Prof. Dr.-Ing. Jens Friedrichs, ISM, TU Braunschweig<\/p>\n<\/p>\n<p>Weitere Vorstandsmitglieder:<\/p>\n<p>Dr. Matthias Cremer, Gesch\u00e4ftsf\u00fchrer messWERK GmbH<\/p>\n<p>Prof. Dr.-Ing. Arno Kwade, Institut f\u00fcr Partikeltechnik, Vizepr\u00e4sident f\u00fcr Technologietransfer und Innovation der TU Braunschweig<\/p>\n<p>Cornelia Cramer, Leiterin Medien-und \u00d6ffentlichkeitsarbeit, Luftfahrt-Bundesamt (LBA)<\/p>\n<p>Mark Schmidt, DLR, Leitung der Standorte Braunschweig, Cochstedt, G\u00f6ttingen, Hannover, Stade und Trauen      <\/p>\n<p>Michael Schwarz, Gesch\u00e4ftsf\u00fchrer der Flughafen Braunschweig-Wolfsburg GmbH<\/p>\n<p><a href=\"https:\/\/www.forschungsflughafen.de\/wp-content\/uploads\/2021\/03\/Satzung.pdf\">Vereinssatzung<\/a><br \/>\n<a href=\"https:\/\/www.forschungsflughafen.de\/wp-content\/uploads\/2021\/03\/Satzung.pdf\"><img decoding=\"async\" class=\"alignnone size-full wp-image-2175\" src=\"https:\/\/www.forschungsflughafen.de\/wp-content\/uploads\/2021\/03\/Logo_PDF.png\" alt=\"\" width=\"60\" height=\"60\"><\/a><\/p>\n<\/div><div class=\"fusion-text fusion-text-2\" style=\"--awb-content-alignment:right;\"><p><a href=\"https:\/\/www.forschungsflughafen.de\/ueber-uns\/\">zur\u00fcck \u00bb<\/a><\/p>\n<\/div><\/div><\/div><\/div><\/div>\n","protected":false},"excerpt":{"rendered":"","protected":false},"author":6,"featured_media":0,"parent":1639,"menu_order":0,"comment_status":"closed","ping_status":"closed","template":"","meta":{"footnotes":""},"class_list":["post-2173","page","type-page","status-publish","hentry"],"yoast_head":"<!-- This site is optimized with the Yoast SEO plugin v27.5 - https:\/\/yoast.com\/product\/yoast-seo-wordpress\/ -->\n<title>Forschungsflughafen Braunschweig e.V. - Forschungsflughafen Braunschweig GmbH<\/title>\n<meta name=\"robots\" content=\"index, follow, max-snippet:-1, max-image-preview:large, max-video-preview:-1\" \/>\n<link rel=\"canonical\" href=\"https:\/\/www.forschungsflughafen.de\/de\/ueber-uns\/forschungsflughafen-braunschweig-e-v\/\" \/>\n<meta property=\"og:locale\" content=\"de_DE\" \/>\n<meta property=\"og:type\" content=\"article\" \/>\n<meta property=\"og:title\" content=\"Forschungsflughafen Braunschweig e.V. - Forschungsflughafen Braunschweig GmbH\" \/>\n<meta property=\"og:url\" content=\"https:\/\/www.forschungsflughafen.de\/de\/ueber-uns\/forschungsflughafen-braunschweig-e-v\/\" \/>\n<meta property=\"og:site_name\" content=\"Forschungsflughafen Braunschweig GmbH\" \/>\n<meta property=\"article:modified_time\" content=\"2025-12-01T04:41:21+00:00\" \/>\n<meta property=\"og:image\" content=\"https:\/\/www.forschungsflughafen.de\/wp-content\/uploads\/2021\/03\/Logo_PDF.png\" \/>\n\t<meta property=\"og:image:width\" content=\"60\" \/>\n\t<meta property=\"og:image:height\" content=\"60\" \/>\n\t<meta property=\"og:image:type\" content=\"image\/png\" \/>\n<meta name=\"twitter:card\" content=\"summary_large_image\" \/>\n<meta name=\"twitter:label1\" content=\"Gesch\u00e4tzte Lesezeit\" \/>\n\t<meta name=\"twitter:data1\" content=\"3\u00a0Minuten\" \/>\n<script type=\"application\/ld+json\" class=\"yoast-schema-graph\">{\"@context\":\"https:\\\/\\\/schema.org\",\"@graph\":[{\"@type\":\"WebPage\",\"@id\":\"https:\\\/\\\/www.forschungsflughafen.de\\\/de\\\/ueber-uns\\\/forschungsflughafen-braunschweig-e-v\\\/\",\"url\":\"https:\\\/\\\/www.forschungsflughafen.de\\\/de\\\/ueber-uns\\\/forschungsflughafen-braunschweig-e-v\\\/\",\"name\":\"Forschungsflughafen Braunschweig e.V. - Forschungsflughafen Braunschweig GmbH\",\"isPartOf\":{\"@id\":\"https:\\\/\\\/www.forschungsflughafen.de\\\/de\\\/#website\"},\"primaryImageOfPage\":{\"@id\":\"https:\\\/\\\/www.forschungsflughafen.de\\\/de\\\/ueber-uns\\\/forschungsflughafen-braunschweig-e-v\\\/#primaryimage\"},\"image\":{\"@id\":\"https:\\\/\\\/www.forschungsflughafen.de\\\/de\\\/ueber-uns\\\/forschungsflughafen-braunschweig-e-v\\\/#primaryimage\"},\"thumbnailUrl\":\"https:\\\/\\\/www.forschungsflughafen.de\\\/wp-content\\\/uploads\\\/2021\\\/03\\\/Logo_PDF.png\",\"datePublished\":\"2021-03-08T14:35:40+00:00\",\"dateModified\":\"2025-12-01T04:41:21+00:00\",\"breadcrumb\":{\"@id\":\"https:\\\/\\\/www.forschungsflughafen.de\\\/de\\\/ueber-uns\\\/forschungsflughafen-braunschweig-e-v\\\/#breadcrumb\"},\"inLanguage\":\"de\",\"potentialAction\":[{\"@type\":\"ReadAction\",\"target\":[\"https:\\\/\\\/www.forschungsflughafen.de\\\/de\\\/ueber-uns\\\/forschungsflughafen-braunschweig-e-v\\\/\"]}]},{\"@type\":\"ImageObject\",\"inLanguage\":\"de\",\"@id\":\"https:\\\/\\\/www.forschungsflughafen.de\\\/de\\\/ueber-uns\\\/forschungsflughafen-braunschweig-e-v\\\/#primaryimage\",\"url\":\"https:\\\/\\\/www.forschungsflughafen.de\\\/wp-content\\\/uploads\\\/2021\\\/03\\\/Logo_PDF.png\",\"contentUrl\":\"https:\\\/\\\/www.forschungsflughafen.de\\\/wp-content\\\/uploads\\\/2021\\\/03\\\/Logo_PDF.png\"},{\"@type\":\"BreadcrumbList\",\"@id\":\"https:\\\/\\\/www.forschungsflughafen.de\\\/de\\\/ueber-uns\\\/forschungsflughafen-braunschweig-e-v\\\/#breadcrumb\",\"itemListElement\":[{\"@type\":\"ListItem\",\"position\":1,\"name\":\"Startseite\",\"item\":\"https:\\\/\\\/www.forschungsflughafen.de\\\/de\\\/\"},{\"@type\":\"ListItem\",\"position\":2,\"name\":\"\u00dcber Uns\",\"item\":\"https:\\\/\\\/www.forschungsflughafen.de\\\/de\\\/ueber-uns\\\/\"},{\"@type\":\"ListItem\",\"position\":3,\"name\":\"Forschungsflughafen Braunschweig e.V.\"}]},{\"@type\":\"WebSite\",\"@id\":\"https:\\\/\\\/www.forschungsflughafen.de\\\/de\\\/#website\",\"url\":\"https:\\\/\\\/www.forschungsflughafen.de\\\/de\\\/\",\"name\":\"Forschungsflughafen Braunschweig GmbH\",\"description\":\"Eines der innovativsten Wirtschafts- und Wissenschaftscluster Europas\",\"publisher\":{\"@id\":\"https:\\\/\\\/www.forschungsflughafen.de\\\/de\\\/#organization\"},\"potentialAction\":[{\"@type\":\"SearchAction\",\"target\":{\"@type\":\"EntryPoint\",\"urlTemplate\":\"https:\\\/\\\/www.forschungsflughafen.de\\\/de\\\/?s={search_term_string}\"},\"query-input\":{\"@type\":\"PropertyValueSpecification\",\"valueRequired\":true,\"valueName\":\"search_term_string\"}}],\"inLanguage\":\"de\"},{\"@type\":\"Organization\",\"@id\":\"https:\\\/\\\/www.forschungsflughafen.de\\\/de\\\/#organization\",\"name\":\"Forschungsflughafen Braunschweig GmbH\",\"url\":\"https:\\\/\\\/www.forschungsflughafen.de\\\/de\\\/\",\"logo\":{\"@type\":\"ImageObject\",\"inLanguage\":\"de\",\"@id\":\"https:\\\/\\\/www.forschungsflughafen.de\\\/de\\\/#\\\/schema\\\/logo\\\/image\\\/\",\"url\":\"https:\\\/\\\/www.forschungsflughafen.de\\\/wp-content\\\/uploads\\\/2021\\\/09\\\/Rosette.png\",\"contentUrl\":\"https:\\\/\\\/www.forschungsflughafen.de\\\/wp-content\\\/uploads\\\/2021\\\/09\\\/Rosette.png\",\"width\":130,\"height\":129,\"caption\":\"Forschungsflughafen Braunschweig GmbH\"},\"image\":{\"@id\":\"https:\\\/\\\/www.forschungsflughafen.de\\\/de\\\/#\\\/schema\\\/logo\\\/image\\\/\"}}]}<\/script>\n<!-- \/ Yoast SEO plugin. -->","yoast_head_json":{"title":"Forschungsflughafen Braunschweig e.V. - Forschungsflughafen Braunschweig GmbH","robots":{"index":"index","follow":"follow","max-snippet":"max-snippet:-1","max-image-preview":"max-image-preview:large","max-video-preview":"max-video-preview:-1"},"canonical":"https:\/\/www.forschungsflughafen.de\/de\/ueber-uns\/forschungsflughafen-braunschweig-e-v\/","og_locale":"de_DE","og_type":"article","og_title":"Forschungsflughafen Braunschweig e.V. - Forschungsflughafen Braunschweig GmbH","og_url":"https:\/\/www.forschungsflughafen.de\/de\/ueber-uns\/forschungsflughafen-braunschweig-e-v\/","og_site_name":"Forschungsflughafen Braunschweig GmbH","article_modified_time":"2025-12-01T04:41:21+00:00","og_image":[{"width":60,"height":60,"url":"https:\/\/www.forschungsflughafen.de\/wp-content\/uploads\/2021\/03\/Logo_PDF.png","type":"image\/png"}],"twitter_card":"summary_large_image","twitter_misc":{"Gesch\u00e4tzte Lesezeit":"3\u00a0Minuten"},"schema":{"@context":"https:\/\/schema.org","@graph":[{"@type":"WebPage","@id":"https:\/\/www.forschungsflughafen.de\/de\/ueber-uns\/forschungsflughafen-braunschweig-e-v\/","url":"https:\/\/www.forschungsflughafen.de\/de\/ueber-uns\/forschungsflughafen-braunschweig-e-v\/","name":"Forschungsflughafen Braunschweig e.V. - Forschungsflughafen Braunschweig GmbH","isPartOf":{"@id":"https:\/\/www.forschungsflughafen.de\/de\/#website"},"primaryImageOfPage":{"@id":"https:\/\/www.forschungsflughafen.de\/de\/ueber-uns\/forschungsflughafen-braunschweig-e-v\/#primaryimage"},"image":{"@id":"https:\/\/www.forschungsflughafen.de\/de\/ueber-uns\/forschungsflughafen-braunschweig-e-v\/#primaryimage"},"thumbnailUrl":"https:\/\/www.forschungsflughafen.de\/wp-content\/uploads\/2021\/03\/Logo_PDF.png","datePublished":"2021-03-08T14:35:40+00:00","dateModified":"2025-12-01T04:41:21+00:00","breadcrumb":{"@id":"https:\/\/www.forschungsflughafen.de\/de\/ueber-uns\/forschungsflughafen-braunschweig-e-v\/#breadcrumb"},"inLanguage":"de","potentialAction":[{"@type":"ReadAction","target":["https:\/\/www.forschungsflughafen.de\/de\/ueber-uns\/forschungsflughafen-braunschweig-e-v\/"]}]},{"@type":"ImageObject","inLanguage":"de","@id":"https:\/\/www.forschungsflughafen.de\/de\/ueber-uns\/forschungsflughafen-braunschweig-e-v\/#primaryimage","url":"https:\/\/www.forschungsflughafen.de\/wp-content\/uploads\/2021\/03\/Logo_PDF.png","contentUrl":"https:\/\/www.forschungsflughafen.de\/wp-content\/uploads\/2021\/03\/Logo_PDF.png"},{"@type":"BreadcrumbList","@id":"https:\/\/www.forschungsflughafen.de\/de\/ueber-uns\/forschungsflughafen-braunschweig-e-v\/#breadcrumb","itemListElement":[{"@type":"ListItem","position":1,"name":"Startseite","item":"https:\/\/www.forschungsflughafen.de\/de\/"},{"@type":"ListItem","position":2,"name":"\u00dcber Uns","item":"https:\/\/www.forschungsflughafen.de\/de\/ueber-uns\/"},{"@type":"ListItem","position":3,"name":"Forschungsflughafen Braunschweig e.V."}]},{"@type":"WebSite","@id":"https:\/\/www.forschungsflughafen.de\/de\/#website","url":"https:\/\/www.forschungsflughafen.de\/de\/","name":"Forschungsflughafen Braunschweig GmbH","description":"Eines der innovativsten Wirtschafts- und Wissenschaftscluster Europas","publisher":{"@id":"https:\/\/www.forschungsflughafen.de\/de\/#organization"},"potentialAction":[{"@type":"SearchAction","target":{"@type":"EntryPoint","urlTemplate":"https:\/\/www.forschungsflughafen.de\/de\/?s={search_term_string}"},"query-input":{"@type":"PropertyValueSpecification","valueRequired":true,"valueName":"search_term_string"}}],"inLanguage":"de"},{"@type":"Organization","@id":"https:\/\/www.forschungsflughafen.de\/de\/#organization","name":"Forschungsflughafen Braunschweig GmbH","url":"https:\/\/www.forschungsflughafen.de\/de\/","logo":{"@type":"ImageObject","inLanguage":"de","@id":"https:\/\/www.forschungsflughafen.de\/de\/#\/schema\/logo\/image\/","url":"https:\/\/www.forschungsflughafen.de\/wp-content\/uploads\/2021\/09\/Rosette.png","contentUrl":"https:\/\/www.forschungsflughafen.de\/wp-content\/uploads\/2021\/09\/Rosette.png","width":130,"height":129,"caption":"Forschungsflughafen Braunschweig GmbH"},"image":{"@id":"https:\/\/www.forschungsflughafen.de\/de\/#\/schema\/logo\/image\/"}}]}},"_links":{"self":[{"href":"https:\/\/www.forschungsflughafen.de\/de\/wp-json\/wp\/v2\/pages\/2173","targetHints":{"allow":["GET"]}}],"collection":[{"href":"https:\/\/www.forschungsflughafen.de\/de\/wp-json\/wp\/v2\/pages"}],"about":[{"href":"https:\/\/www.forschungsflughafen.de\/de\/wp-json\/wp\/v2\/types\/page"}],"author":[{"embeddable":true,"href":"https:\/\/www.forschungsflughafen.de\/de\/wp-json\/wp\/v2\/users\/6"}],"replies":[{"embeddable":true,"href":"https:\/\/www.forschungsflughafen.de\/de\/wp-json\/wp\/v2\/comments?post=2173"}],"version-history":[{"count":8,"href":"https:\/\/www.forschungsflughafen.de\/de\/wp-json\/wp\/v2\/pages\/2173\/revisions"}],"predecessor-version":[{"id":2942,"href":"https:\/\/www.forschungsflughafen.de\/de\/wp-json\/wp\/v2\/pages\/2173\/revisions\/2942"}],"up":[{"embeddable":true,"href":"https:\/\/www.forschungsflughafen.de\/de\/wp-json\/wp\/v2\/pages\/1639"}],"wp:attachment":[{"href":"https:\/\/www.forschungsflughafen.de\/de\/wp-json\/wp\/v2\/media?parent=2173"}],"curies":[{"name":"wp","href":"https:\/\/api.w.org\/{rel}","templated":true}]}}