{"id":2161,"date":"2021-03-08T15:29:34","date_gmt":"2021-03-08T14:29:34","guid":{"rendered":"https:\/\/ffb.webbics.de\/?page_id=2161"},"modified":"2021-03-08T15:30:41","modified_gmt":"2021-03-08T14:30:41","slug":"forschungsflughafen-braunschweig-gmbh","status":"publish","type":"page","link":"https:\/\/www.forschungsflughafen.de\/de\/ueber-uns\/forschungsflughafen-braunschweig-gmbh\/","title":{"rendered":"Forschungsflughafen Braunschweig GmbH"},"content":{"rendered":"<div class=\"fusion-fullwidth fullwidth-box fusion-builder-row-1 nonhundred-percent-fullwidth non-hundred-percent-height-scrolling\" style=\"--awb-border-radius-top-left:0px;--awb-border-radius-top-right:0px;--awb-border-radius-bottom-right:0px;--awb-border-radius-bottom-left:0px;--awb-flex-wrap:wrap;\" ><div class=\"fusion-builder-row fusion-row\"><div class=\"fusion-layout-column fusion_builder_column fusion-builder-column-0 fusion_builder_column_1_1 1_1 fusion-one-full fusion-column-first fusion-column-last\" style=\"--awb-bg-size:cover;--awb-margin-top:0px;--awb-margin-bottom:0px;\"><div class=\"fusion-column-wrapper fusion-flex-column-wrapper-legacy\"><div class=\"fusion-title title fusion-title-1 fusion-sep-none fusion-title-text fusion-title-size-three\"><h3 class=\"fusion-title-heading title-heading-left fusion-responsive-typography-calculated\" style=\"margin:0;--fontSize:16;--minFontSize:16;line-height:1.25;\">Forschungsflughafen Braunschweig GmbH<\/h3><\/div><div class=\"fusion-text fusion-text-1\"><p><img decoding=\"async\" class=\"alignright wp-image-2162 \" title=\"\" src=\"https:\/\/www.forschungsflughafen.de\/wp-content\/uploads\/2021\/03\/Bild_Flughafengebaude-400x300.jpg\" alt=\"\" width=\"337\" height=\"253\" srcset=\"https:\/\/www.forschungsflughafen.de\/wp-content\/uploads\/2021\/03\/Bild_Flughafengebaude-200x150.jpg 200w, https:\/\/www.forschungsflughafen.de\/wp-content\/uploads\/2021\/03\/Bild_Flughafengebaude-400x300.jpg 400w, https:\/\/www.forschungsflughafen.de\/wp-content\/uploads\/2021\/03\/Bild_Flughafengebaude.jpg 500w\" sizes=\"(max-width: 337px) 100vw, 337px\" \/>Seit 2006 bietet die Forschungsflughafen Braunschweig GmbH den Unternehmen und Einrichtungen mit der Forschungsflughafen Braunschweig GmbH eine optimale Basis f\u00fcr die Zusammenarbeit.<\/p>\n<p>Die Forschungsflughafen Braunschweig GmbH ist der operative Arm des gemeinn\u00fctzigen Forschungsflughafen Braunschweig e. V., der 100%iger Gesellschafter ist.<\/p>\n<p>Zu den Aufgaben geh\u00f6ren Standortmarketing, die Standortsicherung und \u2013entwicklung. Von den Partnern wurde die Forschungsflughafen Braunschweig GmbH auch mit dem Fl\u00e4chenmanagement beauftragt, damit eine langfristige Entwicklungsplanung sichergestellt ist.<\/p>\n<p>Die Forschungsflughafen Braunschweig GmbH ist zentraler Ansprechpartner (One Stop Agency) f\u00fcr Unternehmen, Investoren, den \u00f6ffentlichen Bereich, wie Kommunen, Land und Bund und tr\u00e4gt damit zum Wachstum in der Region bei. Sie dient allen Partnern und Netzwerken als zentrale Anlaufstelle und nimmt eine Lotsen-Funktion f\u00fcr alle regionalen, nationalen und internationalen Anfragen zum Thema \u201eForschungsflughafen als verkehrstr\u00e4ger\u00fcbergreifendes Kompetenzzentrum\u201c wahr.<\/p>\n<\/div><div class=\"fusion-text fusion-text-2\"><p><img decoding=\"async\" class=\"alignleft wp-image-2169 size-full\" src=\"https:\/\/www.forschungsflughafen.de\/wp-content\/uploads\/2021\/03\/Hinweisschild_EFRE_150px.jpg.jpg\" alt=\"\" width=\"150\" height=\"107\" \/>Im Rahmen des Regionalen Wachstumsprojektes \u201eForschungsflughafen Braunschweig\u201c erfolgte eine F\u00f6rderung aus Mitteln des Europ\u00e4ischen Fonds f\u00fcr regionale Entwicklung (EFRE) zur St\u00e4rkung der regionalen Wirtschaftsstruktur f\u00fcr die Zeit vom 01.01.2010 bis 31.12.2013.<\/p>\n<\/div><div class=\"fusion-text fusion-text-3\"><p style=\"text-align: right;\"><a href=\"https:\/\/www.forschungsflughafen.de\/ueber-uns\/\">zur\u00fcck \u00bb<\/a><\/p>\n<\/div><div class=\"fusion-clearfix\"><\/div><\/div><\/div><\/div><\/div>\n","protected":false},"excerpt":{"rendered":"","protected":false},"author":6,"featured_media":0,"parent":1639,"menu_order":0,"comment_status":"closed","ping_status":"closed","template":"","meta":{"footnotes":""},"class_list":["post-2161","page","type-page","status-publish","hentry"],"yoast_head":"<!-- This site is optimized with the Yoast SEO plugin v27.5 - https:\/\/yoast.com\/product\/yoast-seo-wordpress\/ -->\n<title>Forschungsflughafen Braunschweig GmbH - Forschungsflughafen Braunschweig GmbH<\/title>\n<meta name=\"robots\" content=\"index, follow, max-snippet:-1, max-image-preview:large, max-video-preview:-1\" \/>\n<link rel=\"canonical\" href=\"https:\/\/www.forschungsflughafen.de\/de\/ueber-uns\/forschungsflughafen-braunschweig-gmbh\/\" \/>\n<meta property=\"og:locale\" content=\"de_DE\" \/>\n<meta property=\"og:type\" content=\"article\" \/>\n<meta property=\"og:title\" content=\"Forschungsflughafen Braunschweig GmbH - Forschungsflughafen Braunschweig GmbH\" \/>\n<meta property=\"og:url\" content=\"https:\/\/www.forschungsflughafen.de\/de\/ueber-uns\/forschungsflughafen-braunschweig-gmbh\/\" \/>\n<meta property=\"og:site_name\" content=\"Forschungsflughafen Braunschweig GmbH\" \/>\n<meta property=\"article:modified_time\" content=\"2021-03-08T14:30:41+00:00\" \/>\n<meta property=\"og:image\" content=\"https:\/\/www.forschungsflughafen.de\/wp-content\/uploads\/2021\/03\/Bild_Flughafengebaude-400x300.jpg\" \/>\n<meta name=\"twitter:card\" content=\"summary_large_image\" \/>\n<meta name=\"twitter:label1\" content=\"Gesch\u00e4tzte Lesezeit\" \/>\n\t<meta name=\"twitter:data1\" content=\"3\u00a0Minuten\" \/>\n<script type=\"application\/ld+json\" class=\"yoast-schema-graph\">{\"@context\":\"https:\\\/\\\/schema.org\",\"@graph\":[{\"@type\":\"WebPage\",\"@id\":\"https:\\\/\\\/www.forschungsflughafen.de\\\/de\\\/ueber-uns\\\/forschungsflughafen-braunschweig-gmbh\\\/\",\"url\":\"https:\\\/\\\/www.forschungsflughafen.de\\\/de\\\/ueber-uns\\\/forschungsflughafen-braunschweig-gmbh\\\/\",\"name\":\"Forschungsflughafen Braunschweig GmbH - Forschungsflughafen Braunschweig GmbH\",\"isPartOf\":{\"@id\":\"https:\\\/\\\/www.forschungsflughafen.de\\\/de\\\/#website\"},\"primaryImageOfPage\":{\"@id\":\"https:\\\/\\\/www.forschungsflughafen.de\\\/de\\\/ueber-uns\\\/forschungsflughafen-braunschweig-gmbh\\\/#primaryimage\"},\"image\":{\"@id\":\"https:\\\/\\\/www.forschungsflughafen.de\\\/de\\\/ueber-uns\\\/forschungsflughafen-braunschweig-gmbh\\\/#primaryimage\"},\"thumbnailUrl\":\"https:\\\/\\\/www.forschungsflughafen.de\\\/wp-content\\\/uploads\\\/2021\\\/03\\\/Bild_Flughafengebaude-400x300.jpg\",\"datePublished\":\"2021-03-08T14:29:34+00:00\",\"dateModified\":\"2021-03-08T14:30:41+00:00\",\"breadcrumb\":{\"@id\":\"https:\\\/\\\/www.forschungsflughafen.de\\\/de\\\/ueber-uns\\\/forschungsflughafen-braunschweig-gmbh\\\/#breadcrumb\"},\"inLanguage\":\"de\",\"potentialAction\":[{\"@type\":\"ReadAction\",\"target\":[\"https:\\\/\\\/www.forschungsflughafen.de\\\/de\\\/ueber-uns\\\/forschungsflughafen-braunschweig-gmbh\\\/\"]}]},{\"@type\":\"ImageObject\",\"inLanguage\":\"de\",\"@id\":\"https:\\\/\\\/www.forschungsflughafen.de\\\/de\\\/ueber-uns\\\/forschungsflughafen-braunschweig-gmbh\\\/#primaryimage\",\"url\":\"https:\\\/\\\/www.forschungsflughafen.de\\\/wp-content\\\/uploads\\\/2021\\\/03\\\/Bild_Flughafengebaude-400x300.jpg\",\"contentUrl\":\"https:\\\/\\\/www.forschungsflughafen.de\\\/wp-content\\\/uploads\\\/2021\\\/03\\\/Bild_Flughafengebaude-400x300.jpg\"},{\"@type\":\"BreadcrumbList\",\"@id\":\"https:\\\/\\\/www.forschungsflughafen.de\\\/de\\\/ueber-uns\\\/forschungsflughafen-braunschweig-gmbh\\\/#breadcrumb\",\"itemListElement\":[{\"@type\":\"ListItem\",\"position\":1,\"name\":\"Startseite\",\"item\":\"https:\\\/\\\/www.forschungsflughafen.de\\\/de\\\/\"},{\"@type\":\"ListItem\",\"position\":2,\"name\":\"\u00dcber Uns\",\"item\":\"https:\\\/\\\/www.forschungsflughafen.de\\\/de\\\/ueber-uns\\\/\"},{\"@type\":\"ListItem\",\"position\":3,\"name\":\"Forschungsflughafen Braunschweig GmbH\"}]},{\"@type\":\"WebSite\",\"@id\":\"https:\\\/\\\/www.forschungsflughafen.de\\\/de\\\/#website\",\"url\":\"https:\\\/\\\/www.forschungsflughafen.de\\\/de\\\/\",\"name\":\"Forschungsflughafen Braunschweig GmbH\",\"description\":\"Eines der innovativsten Wirtschafts- und Wissenschaftscluster Europas\",\"publisher\":{\"@id\":\"https:\\\/\\\/www.forschungsflughafen.de\\\/de\\\/#organization\"},\"potentialAction\":[{\"@type\":\"SearchAction\",\"target\":{\"@type\":\"EntryPoint\",\"urlTemplate\":\"https:\\\/\\\/www.forschungsflughafen.de\\\/de\\\/?s={search_term_string}\"},\"query-input\":{\"@type\":\"PropertyValueSpecification\",\"valueRequired\":true,\"valueName\":\"search_term_string\"}}],\"inLanguage\":\"de\"},{\"@type\":\"Organization\",\"@id\":\"https:\\\/\\\/www.forschungsflughafen.de\\\/de\\\/#organization\",\"name\":\"Forschungsflughafen Braunschweig GmbH\",\"url\":\"https:\\\/\\\/www.forschungsflughafen.de\\\/de\\\/\",\"logo\":{\"@type\":\"ImageObject\",\"inLanguage\":\"de\",\"@id\":\"https:\\\/\\\/www.forschungsflughafen.de\\\/de\\\/#\\\/schema\\\/logo\\\/image\\\/\",\"url\":\"https:\\\/\\\/www.forschungsflughafen.de\\\/wp-content\\\/uploads\\\/2021\\\/09\\\/Rosette.png\",\"contentUrl\":\"https:\\\/\\\/www.forschungsflughafen.de\\\/wp-content\\\/uploads\\\/2021\\\/09\\\/Rosette.png\",\"width\":130,\"height\":129,\"caption\":\"Forschungsflughafen Braunschweig GmbH\"},\"image\":{\"@id\":\"https:\\\/\\\/www.forschungsflughafen.de\\\/de\\\/#\\\/schema\\\/logo\\\/image\\\/\"}}]}<\/script>\n<!-- \/ Yoast SEO plugin. -->","yoast_head_json":{"title":"Forschungsflughafen Braunschweig GmbH - Forschungsflughafen Braunschweig GmbH","robots":{"index":"index","follow":"follow","max-snippet":"max-snippet:-1","max-image-preview":"max-image-preview:large","max-video-preview":"max-video-preview:-1"},"canonical":"https:\/\/www.forschungsflughafen.de\/de\/ueber-uns\/forschungsflughafen-braunschweig-gmbh\/","og_locale":"de_DE","og_type":"article","og_title":"Forschungsflughafen Braunschweig GmbH - Forschungsflughafen Braunschweig GmbH","og_url":"https:\/\/www.forschungsflughafen.de\/de\/ueber-uns\/forschungsflughafen-braunschweig-gmbh\/","og_site_name":"Forschungsflughafen Braunschweig GmbH","article_modified_time":"2021-03-08T14:30:41+00:00","og_image":[{"url":"https:\/\/www.forschungsflughafen.de\/wp-content\/uploads\/2021\/03\/Bild_Flughafengebaude-400x300.jpg","type":"","width":"","height":""}],"twitter_card":"summary_large_image","twitter_misc":{"Gesch\u00e4tzte Lesezeit":"3\u00a0Minuten"},"schema":{"@context":"https:\/\/schema.org","@graph":[{"@type":"WebPage","@id":"https:\/\/www.forschungsflughafen.de\/de\/ueber-uns\/forschungsflughafen-braunschweig-gmbh\/","url":"https:\/\/www.forschungsflughafen.de\/de\/ueber-uns\/forschungsflughafen-braunschweig-gmbh\/","name":"Forschungsflughafen Braunschweig GmbH - Forschungsflughafen Braunschweig GmbH","isPartOf":{"@id":"https:\/\/www.forschungsflughafen.de\/de\/#website"},"primaryImageOfPage":{"@id":"https:\/\/www.forschungsflughafen.de\/de\/ueber-uns\/forschungsflughafen-braunschweig-gmbh\/#primaryimage"},"image":{"@id":"https:\/\/www.forschungsflughafen.de\/de\/ueber-uns\/forschungsflughafen-braunschweig-gmbh\/#primaryimage"},"thumbnailUrl":"https:\/\/www.forschungsflughafen.de\/wp-content\/uploads\/2021\/03\/Bild_Flughafengebaude-400x300.jpg","datePublished":"2021-03-08T14:29:34+00:00","dateModified":"2021-03-08T14:30:41+00:00","breadcrumb":{"@id":"https:\/\/www.forschungsflughafen.de\/de\/ueber-uns\/forschungsflughafen-braunschweig-gmbh\/#breadcrumb"},"inLanguage":"de","potentialAction":[{"@type":"ReadAction","target":["https:\/\/www.forschungsflughafen.de\/de\/ueber-uns\/forschungsflughafen-braunschweig-gmbh\/"]}]},{"@type":"ImageObject","inLanguage":"de","@id":"https:\/\/www.forschungsflughafen.de\/de\/ueber-uns\/forschungsflughafen-braunschweig-gmbh\/#primaryimage","url":"https:\/\/www.forschungsflughafen.de\/wp-content\/uploads\/2021\/03\/Bild_Flughafengebaude-400x300.jpg","contentUrl":"https:\/\/www.forschungsflughafen.de\/wp-content\/uploads\/2021\/03\/Bild_Flughafengebaude-400x300.jpg"},{"@type":"BreadcrumbList","@id":"https:\/\/www.forschungsflughafen.de\/de\/ueber-uns\/forschungsflughafen-braunschweig-gmbh\/#breadcrumb","itemListElement":[{"@type":"ListItem","position":1,"name":"Startseite","item":"https:\/\/www.forschungsflughafen.de\/de\/"},{"@type":"ListItem","position":2,"name":"\u00dcber Uns","item":"https:\/\/www.forschungsflughafen.de\/de\/ueber-uns\/"},{"@type":"ListItem","position":3,"name":"Forschungsflughafen Braunschweig GmbH"}]},{"@type":"WebSite","@id":"https:\/\/www.forschungsflughafen.de\/de\/#website","url":"https:\/\/www.forschungsflughafen.de\/de\/","name":"Forschungsflughafen Braunschweig GmbH","description":"Eines der innovativsten Wirtschafts- und Wissenschaftscluster Europas","publisher":{"@id":"https:\/\/www.forschungsflughafen.de\/de\/#organization"},"potentialAction":[{"@type":"SearchAction","target":{"@type":"EntryPoint","urlTemplate":"https:\/\/www.forschungsflughafen.de\/de\/?s={search_term_string}"},"query-input":{"@type":"PropertyValueSpecification","valueRequired":true,"valueName":"search_term_string"}}],"inLanguage":"de"},{"@type":"Organization","@id":"https:\/\/www.forschungsflughafen.de\/de\/#organization","name":"Forschungsflughafen Braunschweig GmbH","url":"https:\/\/www.forschungsflughafen.de\/de\/","logo":{"@type":"ImageObject","inLanguage":"de","@id":"https:\/\/www.forschungsflughafen.de\/de\/#\/schema\/logo\/image\/","url":"https:\/\/www.forschungsflughafen.de\/wp-content\/uploads\/2021\/09\/Rosette.png","contentUrl":"https:\/\/www.forschungsflughafen.de\/wp-content\/uploads\/2021\/09\/Rosette.png","width":130,"height":129,"caption":"Forschungsflughafen Braunschweig GmbH"},"image":{"@id":"https:\/\/www.forschungsflughafen.de\/de\/#\/schema\/logo\/image\/"}}]}},"_links":{"self":[{"href":"https:\/\/www.forschungsflughafen.de\/de\/wp-json\/wp\/v2\/pages\/2161","targetHints":{"allow":["GET"]}}],"collection":[{"href":"https:\/\/www.forschungsflughafen.de\/de\/wp-json\/wp\/v2\/pages"}],"about":[{"href":"https:\/\/www.forschungsflughafen.de\/de\/wp-json\/wp\/v2\/types\/page"}],"author":[{"embeddable":true,"href":"https:\/\/www.forschungsflughafen.de\/de\/wp-json\/wp\/v2\/users\/6"}],"replies":[{"embeddable":true,"href":"https:\/\/www.forschungsflughafen.de\/de\/wp-json\/wp\/v2\/comments?post=2161"}],"version-history":[{"count":9,"href":"https:\/\/www.forschungsflughafen.de\/de\/wp-json\/wp\/v2\/pages\/2161\/revisions"}],"predecessor-version":[{"id":2172,"href":"https:\/\/www.forschungsflughafen.de\/de\/wp-json\/wp\/v2\/pages\/2161\/revisions\/2172"}],"up":[{"embeddable":true,"href":"https:\/\/www.forschungsflughafen.de\/de\/wp-json\/wp\/v2\/pages\/1639"}],"wp:attachment":[{"href":"https:\/\/www.forschungsflughafen.de\/de\/wp-json\/wp\/v2\/media?parent=2161"}],"curies":[{"name":"wp","href":"https:\/\/api.w.org\/{rel}","templated":true}]}}