{"id":1639,"date":"2020-09-23T16:00:07","date_gmt":"2020-09-23T14:00:07","guid":{"rendered":"https:\/\/savin.webbics.de\/?page_id=1639"},"modified":"2026-01-06T19:01:51","modified_gmt":"2026-01-06T18:01:51","slug":"ueber-uns","status":"publish","type":"page","link":"https:\/\/www.forschungsflughafen.de\/de\/ueber-uns\/","title":{"rendered":"\u00dcber Uns"},"content":{"rendered":"<p><div class=\"fusion-fullwidth fullwidth-box fusion-builder-row-1 fusion-flex-container nonhundred-percent-fullwidth non-hundred-percent-height-scrolling\" style=\"--awb-border-radius-top-left:0px;--awb-border-radius-top-right:0px;--awb-border-radius-bottom-right:0px;--awb-border-radius-bottom-left:0px;--awb-flex-wrap:wrap;\" ><div class=\"fusion-builder-row fusion-row fusion-flex-align-items-flex-end fusion-flex-content-wrap\" style=\"max-width:832px;margin-left: calc(-4% \/ 2 );margin-right: calc(-4% \/ 2 );\"><div class=\"fusion-layout-column fusion_builder_column fusion-builder-column-0 fusion_builder_column_1_1 1_1 fusion-flex-column\" style=\"--awb-bg-size:cover;--awb-width-large:100%;--awb-margin-top-large:15px;--awb-spacing-right-large:1.92%;--awb-margin-bottom-large:15px;--awb-spacing-left-large:1.92%;--awb-width-medium:100%;--awb-order-medium:0;--awb-spacing-right-medium:1.92%;--awb-spacing-left-medium:1.92%;--awb-width-small:100%;--awb-order-small:0;--awb-spacing-right-small:1.92%;--awb-spacing-left-small:1.92%;\"><div class=\"fusion-column-wrapper fusion-column-has-shadow fusion-flex-justify-content-flex-start fusion-content-layout-column\"><div class=\"fusion-title title fusion-title-1 fusion-sep-none fusion-title-text fusion-title-size-three\"><h3 class=\"fusion-title-heading title-heading-left fusion-responsive-typography-calculated\" style=\"margin:0;--fontSize:16;--minFontSize:16;line-height:1.25;\">\u00dcber Uns<\/h3><\/div><\/div><\/div><div class=\"fusion-layout-column fusion_builder_column fusion-builder-column-1 fusion_builder_column_3_5 3_5 fusion-flex-column\" style=\"--awb-bg-size:cover;--awb-width-large:60%;--awb-margin-top-large:15px;--awb-spacing-right-large:3.2%;--awb-margin-bottom-large:15px;--awb-spacing-left-large:3.2%;--awb-width-medium:100%;--awb-order-medium:0;--awb-spacing-right-medium:1.92%;--awb-spacing-left-medium:1.92%;--awb-width-small:100%;--awb-order-small:0;--awb-spacing-right-small:1.92%;--awb-spacing-left-small:1.92%;\"><div class=\"fusion-column-wrapper fusion-column-has-shadow fusion-flex-justify-content-flex-start fusion-content-layout-column\"><div class=\"fusion-image-element \" style=\"--awb-caption-title-font-family:var(--h2_typography-font-family);--awb-caption-title-font-weight:var(--h2_typography-font-weight);--awb-caption-title-font-style:var(--h2_typography-font-style);--awb-caption-title-size:var(--h2_typography-font-size);--awb-caption-title-transform:var(--h2_typography-text-transform);--awb-caption-title-line-height:var(--h2_typography-line-height);--awb-caption-title-letter-spacing:var(--h2_typography-letter-spacing);\"><span class=\" fusion-imageframe imageframe-none imageframe-1 hover-type-none\"><img decoding=\"async\" width=\"800\" height=\"423\" title=\"ZusammenarbeitNetzwerk2\" src=\"https:\/\/www.forschungsflughafen.de\/wp-content\/uploads\/2021\/06\/ZusammenarbeitNetzwerk2-1024x542.png\" alt class=\"img-responsive wp-image-2419\" srcset=\"https:\/\/www.forschungsflughafen.de\/wp-content\/uploads\/2021\/06\/ZusammenarbeitNetzwerk2-200x106.png 200w, https:\/\/www.forschungsflughafen.de\/wp-content\/uploads\/2021\/06\/ZusammenarbeitNetzwerk2-400x212.png 400w, https:\/\/www.forschungsflughafen.de\/wp-content\/uploads\/2021\/06\/ZusammenarbeitNetzwerk2-600x318.png 600w, https:\/\/www.forschungsflughafen.de\/wp-content\/uploads\/2021\/06\/ZusammenarbeitNetzwerk2-800x423.png 800w, https:\/\/www.forschungsflughafen.de\/wp-content\/uploads\/2021\/06\/ZusammenarbeitNetzwerk2-1200x635.png 1200w, https:\/\/www.forschungsflughafen.de\/wp-content\/uploads\/2021\/06\/ZusammenarbeitNetzwerk2.png 1402w\" sizes=\"(max-width: 1024px) 100vw, (max-width: 640px) 100vw, 600px\" \/><\/span><\/div><\/div><\/div><div class=\"fusion-layout-column fusion_builder_column fusion-builder-column-2 fusion_builder_column_2_5 2_5 fusion-flex-column\" style=\"--awb-bg-size:cover;--awb-width-large:40%;--awb-margin-top-large:15px;--awb-spacing-right-large:4.8%;--awb-margin-bottom-large:15px;--awb-spacing-left-large:4.8%;--awb-width-medium:100%;--awb-order-medium:0;--awb-spacing-right-medium:1.92%;--awb-spacing-left-medium:1.92%;--awb-width-small:100%;--awb-order-small:0;--awb-spacing-right-small:1.92%;--awb-spacing-left-small:1.92%;\"><div class=\"fusion-column-wrapper fusion-column-has-shadow fusion-flex-justify-content-flex-start fusion-content-layout-column\"><div class=\"fusion-text fusion-text-1\"><p>Die Grafik zeigt, wie vernetzt am Forschungsflughafen Braunschweig gearbeitet wird. Falls Sie doch einmal nicht wissen, wer Ihr Ansprechpartner ist, ist die erste Anlaufstelle\/Ihr Portal die Forschungsflughafen Braunschweig GmbH.<\/p>\n<\/div><\/div><\/div><\/div><\/div><div class=\"fusion-fullwidth fullwidth-box fusion-builder-row-2 fusion-flex-container nonhundred-percent-fullwidth non-hundred-percent-height-scrolling\" style=\"--awb-border-radius-top-left:0px;--awb-border-radius-top-right:0px;--awb-border-radius-bottom-right:0px;--awb-border-radius-bottom-left:0px;--awb-flex-wrap:wrap;\" ><div class=\"fusion-builder-row fusion-row fusion-flex-align-items-flex-start fusion-flex-content-wrap\" style=\"max-width:832px;margin-left: calc(-4% \/ 2 );margin-right: calc(-4% \/ 2 );\"><div class=\"fusion-layout-column fusion_builder_column fusion-builder-column-3 fusion_builder_column_1_1 1_1 fusion-flex-column\" style=\"--awb-bg-size:cover;--awb-width-large:100%;--awb-margin-top-large:15px;--awb-spacing-right-large:1.92%;--awb-margin-bottom-large:15px;--awb-spacing-left-large:1.92%;--awb-width-medium:100%;--awb-order-medium:0;--awb-spacing-right-medium:1.92%;--awb-spacing-left-medium:1.92%;--awb-width-small:100%;--awb-order-small:0;--awb-spacing-right-small:1.92%;--awb-spacing-left-small:1.92%;\"><div class=\"fusion-column-wrapper fusion-column-has-shadow fusion-flex-justify-content-flex-start fusion-content-layout-column\"><div class=\"fusion-title title fusion-title-2 fusion-sep-none fusion-title-text fusion-title-size-four\"><h4 class=\"fusion-title-heading title-heading-left fusion-responsive-typography-calculated\" style=\"margin:0;--fontSize:14;--minFontSize:14;line-height:1.29;\"><div id=\"headline\">\n<div id=\"headline\">Forschungsflughafen Braunschweig<\/div>\n<\/div><\/h4><\/div><div class=\"fusion-text fusion-text-2\"><p><img decoding=\"async\" class=\"alignright size-full wp-image-2181\" src=\"https:\/\/www.forschungsflughafen.de\/wp-content\/uploads\/2021\/03\/forschungsflughafen_logo.jpg\" alt=\"\" width=\"169\" height=\"63\" \/>Seit 2006 gibt der \u201eForschungsflughafen Braunschweig\u201c den Unternehmen und Einrichtungen mit der Forschungsflughafen Braunschweig GmbH eine optimale Basis f\u00fcr ihre Zusammenarbeit.<\/p>\n<\/div><div class=\"fusion-text fusion-text-3\" style=\"--awb-content-alignment:right;\"><p><a class=\"weiterlesen\" href=\"https:\/\/www.forschungsflughafen.de\/ueber-uns\/forschungsflughafen-braunschweig-gmbh\/\">weiterlesen \u00bb<\/a><\/p>\n<\/div><\/div><\/div><div class=\"fusion-layout-column fusion_builder_column fusion-builder-column-4 fusion_builder_column_1_1 1_1 fusion-flex-column\" style=\"--awb-bg-size:cover;--awb-width-large:100%;--awb-margin-top-large:15px;--awb-spacing-right-large:1.92%;--awb-margin-bottom-large:15px;--awb-spacing-left-large:1.92%;--awb-width-medium:100%;--awb-order-medium:0;--awb-spacing-right-medium:1.92%;--awb-spacing-left-medium:1.92%;--awb-width-small:100%;--awb-order-small:0;--awb-spacing-right-small:1.92%;--awb-spacing-left-small:1.92%;\"><div class=\"fusion-column-wrapper fusion-column-has-shadow fusion-flex-justify-content-flex-start fusion-content-layout-column\"><div class=\"fusion-title title fusion-title-3 fusion-sep-none fusion-title-text fusion-title-size-four\"><h4 class=\"fusion-title-heading title-heading-left fusion-responsive-typography-calculated\" style=\"margin:0;--fontSize:14;--minFontSize:14;line-height:1.29;\"><div id=\"headline\">Forschungsflughafen Braunschweig e.V.<\/div><\/h4><\/div><div class=\"fusion-text fusion-text-4\"><p>Der gleichnamige Verein Forschungsflughafen Braunschweig e. V. wurde vor mehr als 20 Jahren in Braunschweig gegr\u00fcndet und ist mit seinen 40 klein- und mittelst\u00e4ndischen Unternehmen, mit den unterschiedlichsten Schwerpunkten im Bereich Verkehrstechnik, alleiniger Gesellschafter der Forschungsflughafen Braunschweig GmbH.<\/p>\n<\/div><div class=\"fusion-text fusion-text-5\" style=\"--awb-content-alignment:right;\"><p><a class=\"weiterlesen\" href=\"https:\/\/www.forschungsflughafen.de\/ueber-uns\/forschungsflughafen-braunschweig-e-v\/\">weiterlesen \u00bb<\/a><\/p>\n<\/div><\/div><\/div><div class=\"fusion-layout-column fusion_builder_column fusion-builder-column-5 fusion_builder_column_1_1 1_1 fusion-flex-column\" style=\"--awb-bg-size:cover;--awb-width-large:100%;--awb-margin-top-large:15px;--awb-spacing-right-large:1.92%;--awb-margin-bottom-large:15px;--awb-spacing-left-large:1.92%;--awb-width-medium:100%;--awb-order-medium:0;--awb-spacing-right-medium:1.92%;--awb-spacing-left-medium:1.92%;--awb-width-small:100%;--awb-order-small:0;--awb-spacing-right-small:1.92%;--awb-spacing-left-small:1.92%;\"><div class=\"fusion-column-wrapper fusion-column-has-shadow fusion-flex-justify-content-flex-start fusion-content-layout-column\"><div class=\"fusion-title title fusion-title-4 fusion-sep-none fusion-title-text fusion-title-size-four\"><h4 class=\"fusion-title-heading title-heading-left fusion-responsive-typography-calculated\" style=\"margin:0;--fontSize:14;--minFontSize:14;line-height:1.29;\">Verkehrsflughafen &#8211; Flughafen Braunschweig-Wolfsburg GmbH-<\/h4><\/div><div class=\"fusion-text fusion-text-6\"><p><img decoding=\"async\" class=\"alignright size-fusion-200 wp-image-2188\" src=\"https:\/\/www.forschungsflughafen.de\/wp-content\/uploads\/2021\/03\/logo_bwe_flugrichtung_striche_cmyk_RZ-200x118.png\" alt=\"\" width=\"200\" height=\"118\" srcset=\"https:\/\/www.forschungsflughafen.de\/wp-content\/uploads\/2021\/03\/logo_bwe_flugrichtung_striche_cmyk_RZ-200x118.png 200w, https:\/\/www.forschungsflughafen.de\/wp-content\/uploads\/2021\/03\/logo_bwe_flugrichtung_striche_cmyk_RZ-400x237.png 400w, https:\/\/www.forschungsflughafen.de\/wp-content\/uploads\/2021\/03\/logo_bwe_flugrichtung_striche_cmyk_RZ-500x296.png 500w, https:\/\/www.forschungsflughafen.de\/wp-content\/uploads\/2021\/03\/logo_bwe_flugrichtung_striche_cmyk_RZ-600x355.png 600w, https:\/\/www.forschungsflughafen.de\/wp-content\/uploads\/2021\/03\/logo_bwe_flugrichtung_striche_cmyk_RZ-768x454.png 768w, https:\/\/www.forschungsflughafen.de\/wp-content\/uploads\/2021\/03\/logo_bwe_flugrichtung_striche_cmyk_RZ-800x473.png 800w, https:\/\/www.forschungsflughafen.de\/wp-content\/uploads\/2021\/03\/logo_bwe_flugrichtung_striche_cmyk_RZ-1024x606.png 1024w, https:\/\/www.forschungsflughafen.de\/wp-content\/uploads\/2021\/03\/logo_bwe_flugrichtung_striche_cmyk_RZ-1200x710.png 1200w, https:\/\/www.forschungsflughafen.de\/wp-content\/uploads\/2021\/03\/logo_bwe_flugrichtung_striche_cmyk_RZ.png 1369w\" sizes=\"(max-width: 200px) 100vw, 200px\" \/>Der Flughafen Braunschweig-Wolfsburg (ICAO-Code: EDVE; IATA-Code: BWE) ist einer von zwei Verkehrsflugh\u00e4fen des Landes Niedersachsen. Er liegt in der Metropolregion Hannover-Braunschweig-Wolfsburg-G\u00f6ttingen in S\u00fcdostniedersachsen, ca. 8 km n\u00f6rdlich der Stadt Braunschweig an der A 2 Hannover-Berlin.<\/p>\n<\/div><div class=\"fusion-text fusion-text-7\" style=\"--awb-content-alignment:right;\"><p><a class=\"weiterlesen\" href=\"https:\/\/www.forschungsflughafen.de\/ueber-uns\/verkehrsflughafen\/\">weiterlesen \u00bb<\/a><\/p>\n<\/div><\/div><\/div><div class=\"fusion-layout-column fusion_builder_column fusion-builder-column-6 fusion_builder_column_1_1 1_1 fusion-flex-column\" style=\"--awb-bg-size:cover;--awb-width-large:100%;--awb-margin-top-large:15px;--awb-spacing-right-large:1.92%;--awb-margin-bottom-large:15px;--awb-spacing-left-large:1.92%;--awb-width-medium:100%;--awb-order-medium:0;--awb-spacing-right-medium:1.92%;--awb-spacing-left-medium:1.92%;--awb-width-small:100%;--awb-order-small:0;--awb-spacing-right-small:1.92%;--awb-spacing-left-small:1.92%;\"><div class=\"fusion-column-wrapper fusion-column-has-shadow fusion-flex-justify-content-flex-start fusion-content-layout-column\"><div class=\"fusion-title title fusion-title-5 fusion-sep-none fusion-title-text fusion-title-size-four\"><h4 class=\"fusion-title-heading title-heading-left fusion-responsive-typography-calculated\" style=\"margin:0;--fontSize:14;--minFontSize:14;line-height:1.29;\">Nieders\u00e4chsisches Forschungszentrum Luftfahrt (NFL)<\/h4><\/div><div class=\"fusion-text fusion-text-8\" style=\"--awb-text-transform:none;\"><p><img decoding=\"async\" class=\" wp-image-2790 alignright\" src=\"https:\/\/www.forschungsflughafen.de\/wp-content\/uploads\/2022\/03\/NFL1_150px-500x229.jpg\" alt=\"\" width=\"222\" height=\"102\" srcset=\"https:\/\/www.forschungsflughafen.de\/wp-content\/uploads\/2022\/03\/NFL1_150px-200x92.jpg 200w, https:\/\/www.forschungsflughafen.de\/wp-content\/uploads\/2022\/03\/NFL1_150px-400x183.jpg 400w, https:\/\/www.forschungsflughafen.de\/wp-content\/uploads\/2022\/03\/NFL1_150px-500x229.jpg 500w, https:\/\/www.forschungsflughafen.de\/wp-content\/uploads\/2022\/03\/NFL1_150px-600x275.jpg 600w, https:\/\/www.forschungsflughafen.de\/wp-content\/uploads\/2022\/03\/NFL1_150px-768x352.jpg 768w, https:\/\/www.forschungsflughafen.de\/wp-content\/uploads\/2022\/03\/NFL1_150px.jpg 790w\" sizes=\"(max-width: 222px) 100vw, 222px\" \/>Der Luftfahrt-Forschungsstandort Braunschweig gewinnt mit dem Nieders\u00e4chsischen Forschungszentrum f\u00fcr Luftfahrt internationale Sichtbarkeit und ein weiteres Alleinstellungsmerkmal. Die Technische Universit\u00e4t Braunschweig und das Deutsche Zentrum f\u00fcr Luft- und Raumfahrt b\u00fcndeln ihre breit gef\u00e4cherten Kompetenzen. Gemeinsam haben sie das NFL als neue Einrichtung gegr\u00fcndet.<\/p>\n<\/div><div class=\"fusion-text fusion-text-9\" style=\"--awb-content-alignment:right;\"><p><a class=\"weiterlesen\" href=\"https:\/\/www.forschungsflughafen.de\/ueber-uns\/niedersaechsisches-forschungszentrum-fuer-luftfahrt-nfl\/\">weiterlesen \u00bb<\/a><\/p>\n<\/div><\/div><\/div><\/div><\/div><\/p>\n","protected":false},"excerpt":{"rendered":"","protected":false},"author":6,"featured_media":0,"parent":0,"menu_order":0,"comment_status":"closed","ping_status":"closed","template":"","meta":{"footnotes":""},"class_list":["post-1639","page","type-page","status-publish","hentry"],"yoast_head":"<!-- This site is optimized with the Yoast SEO plugin v27.5 - https:\/\/yoast.com\/product\/yoast-seo-wordpress\/ -->\n<title>\u00dcber Uns - Forschungsflughafen Braunschweig GmbH<\/title>\n<meta name=\"robots\" content=\"index, follow, max-snippet:-1, max-image-preview:large, max-video-preview:-1\" \/>\n<link rel=\"canonical\" href=\"https:\/\/www.forschungsflughafen.de\/de\/ueber-uns\/\" \/>\n<meta property=\"og:locale\" content=\"de_DE\" \/>\n<meta property=\"og:type\" content=\"article\" \/>\n<meta property=\"og:title\" content=\"\u00dcber Uns - Forschungsflughafen Braunschweig GmbH\" \/>\n<meta property=\"og:url\" content=\"https:\/\/www.forschungsflughafen.de\/de\/ueber-uns\/\" \/>\n<meta property=\"og:site_name\" content=\"Forschungsflughafen Braunschweig GmbH\" \/>\n<meta property=\"article:modified_time\" content=\"2026-01-06T18:01:51+00:00\" \/>\n<meta property=\"og:image\" content=\"https:\/\/www.forschungsflughafen.de\/wp-content\/uploads\/2021\/03\/forschungsflughafen_logo.jpg\" \/>\n<meta name=\"twitter:card\" content=\"summary_large_image\" \/>\n<meta name=\"twitter:label1\" content=\"Gesch\u00e4tzte Lesezeit\" \/>\n\t<meta name=\"twitter:data1\" content=\"11\u00a0Minuten\" \/>\n<script type=\"application\/ld+json\" class=\"yoast-schema-graph\">{\"@context\":\"https:\\\/\\\/schema.org\",\"@graph\":[{\"@type\":\"WebPage\",\"@id\":\"https:\\\/\\\/www.forschungsflughafen.de\\\/de\\\/ueber-uns\\\/\",\"url\":\"https:\\\/\\\/www.forschungsflughafen.de\\\/de\\\/ueber-uns\\\/\",\"name\":\"\u00dcber Uns - Forschungsflughafen Braunschweig GmbH\",\"isPartOf\":{\"@id\":\"https:\\\/\\\/www.forschungsflughafen.de\\\/de\\\/#website\"},\"primaryImageOfPage\":{\"@id\":\"https:\\\/\\\/www.forschungsflughafen.de\\\/de\\\/ueber-uns\\\/#primaryimage\"},\"image\":{\"@id\":\"https:\\\/\\\/www.forschungsflughafen.de\\\/de\\\/ueber-uns\\\/#primaryimage\"},\"thumbnailUrl\":\"https:\\\/\\\/www.forschungsflughafen.de\\\/wp-content\\\/uploads\\\/2021\\\/03\\\/forschungsflughafen_logo.jpg\",\"datePublished\":\"2020-09-23T14:00:07+00:00\",\"dateModified\":\"2026-01-06T18:01:51+00:00\",\"breadcrumb\":{\"@id\":\"https:\\\/\\\/www.forschungsflughafen.de\\\/de\\\/ueber-uns\\\/#breadcrumb\"},\"inLanguage\":\"de\",\"potentialAction\":[{\"@type\":\"ReadAction\",\"target\":[\"https:\\\/\\\/www.forschungsflughafen.de\\\/de\\\/ueber-uns\\\/\"]}]},{\"@type\":\"ImageObject\",\"inLanguage\":\"de\",\"@id\":\"https:\\\/\\\/www.forschungsflughafen.de\\\/de\\\/ueber-uns\\\/#primaryimage\",\"url\":\"https:\\\/\\\/www.forschungsflughafen.de\\\/wp-content\\\/uploads\\\/2021\\\/03\\\/forschungsflughafen_logo.jpg\",\"contentUrl\":\"https:\\\/\\\/www.forschungsflughafen.de\\\/wp-content\\\/uploads\\\/2021\\\/03\\\/forschungsflughafen_logo.jpg\"},{\"@type\":\"BreadcrumbList\",\"@id\":\"https:\\\/\\\/www.forschungsflughafen.de\\\/de\\\/ueber-uns\\\/#breadcrumb\",\"itemListElement\":[{\"@type\":\"ListItem\",\"position\":1,\"name\":\"Startseite\",\"item\":\"https:\\\/\\\/www.forschungsflughafen.de\\\/de\\\/\"},{\"@type\":\"ListItem\",\"position\":2,\"name\":\"\u00dcber Uns\"}]},{\"@type\":\"WebSite\",\"@id\":\"https:\\\/\\\/www.forschungsflughafen.de\\\/de\\\/#website\",\"url\":\"https:\\\/\\\/www.forschungsflughafen.de\\\/de\\\/\",\"name\":\"Forschungsflughafen Braunschweig GmbH\",\"description\":\"Eines der innovativsten Wirtschafts- und Wissenschaftscluster Europas\",\"publisher\":{\"@id\":\"https:\\\/\\\/www.forschungsflughafen.de\\\/de\\\/#organization\"},\"potentialAction\":[{\"@type\":\"SearchAction\",\"target\":{\"@type\":\"EntryPoint\",\"urlTemplate\":\"https:\\\/\\\/www.forschungsflughafen.de\\\/de\\\/?s={search_term_string}\"},\"query-input\":{\"@type\":\"PropertyValueSpecification\",\"valueRequired\":true,\"valueName\":\"search_term_string\"}}],\"inLanguage\":\"de\"},{\"@type\":\"Organization\",\"@id\":\"https:\\\/\\\/www.forschungsflughafen.de\\\/de\\\/#organization\",\"name\":\"Forschungsflughafen Braunschweig GmbH\",\"url\":\"https:\\\/\\\/www.forschungsflughafen.de\\\/de\\\/\",\"logo\":{\"@type\":\"ImageObject\",\"inLanguage\":\"de\",\"@id\":\"https:\\\/\\\/www.forschungsflughafen.de\\\/de\\\/#\\\/schema\\\/logo\\\/image\\\/\",\"url\":\"https:\\\/\\\/www.forschungsflughafen.de\\\/wp-content\\\/uploads\\\/2021\\\/09\\\/Rosette.png\",\"contentUrl\":\"https:\\\/\\\/www.forschungsflughafen.de\\\/wp-content\\\/uploads\\\/2021\\\/09\\\/Rosette.png\",\"width\":130,\"height\":129,\"caption\":\"Forschungsflughafen Braunschweig GmbH\"},\"image\":{\"@id\":\"https:\\\/\\\/www.forschungsflughafen.de\\\/de\\\/#\\\/schema\\\/logo\\\/image\\\/\"}}]}<\/script>\n<!-- \/ Yoast SEO plugin. -->","yoast_head_json":{"title":"\u00dcber Uns - Forschungsflughafen Braunschweig GmbH","robots":{"index":"index","follow":"follow","max-snippet":"max-snippet:-1","max-image-preview":"max-image-preview:large","max-video-preview":"max-video-preview:-1"},"canonical":"https:\/\/www.forschungsflughafen.de\/de\/ueber-uns\/","og_locale":"de_DE","og_type":"article","og_title":"\u00dcber Uns - Forschungsflughafen Braunschweig GmbH","og_url":"https:\/\/www.forschungsflughafen.de\/de\/ueber-uns\/","og_site_name":"Forschungsflughafen Braunschweig GmbH","article_modified_time":"2026-01-06T18:01:51+00:00","og_image":[{"url":"https:\/\/www.forschungsflughafen.de\/wp-content\/uploads\/2021\/03\/forschungsflughafen_logo.jpg","type":"","width":"","height":""}],"twitter_card":"summary_large_image","twitter_misc":{"Gesch\u00e4tzte Lesezeit":"11\u00a0Minuten"},"schema":{"@context":"https:\/\/schema.org","@graph":[{"@type":"WebPage","@id":"https:\/\/www.forschungsflughafen.de\/de\/ueber-uns\/","url":"https:\/\/www.forschungsflughafen.de\/de\/ueber-uns\/","name":"\u00dcber Uns - Forschungsflughafen Braunschweig GmbH","isPartOf":{"@id":"https:\/\/www.forschungsflughafen.de\/de\/#website"},"primaryImageOfPage":{"@id":"https:\/\/www.forschungsflughafen.de\/de\/ueber-uns\/#primaryimage"},"image":{"@id":"https:\/\/www.forschungsflughafen.de\/de\/ueber-uns\/#primaryimage"},"thumbnailUrl":"https:\/\/www.forschungsflughafen.de\/wp-content\/uploads\/2021\/03\/forschungsflughafen_logo.jpg","datePublished":"2020-09-23T14:00:07+00:00","dateModified":"2026-01-06T18:01:51+00:00","breadcrumb":{"@id":"https:\/\/www.forschungsflughafen.de\/de\/ueber-uns\/#breadcrumb"},"inLanguage":"de","potentialAction":[{"@type":"ReadAction","target":["https:\/\/www.forschungsflughafen.de\/de\/ueber-uns\/"]}]},{"@type":"ImageObject","inLanguage":"de","@id":"https:\/\/www.forschungsflughafen.de\/de\/ueber-uns\/#primaryimage","url":"https:\/\/www.forschungsflughafen.de\/wp-content\/uploads\/2021\/03\/forschungsflughafen_logo.jpg","contentUrl":"https:\/\/www.forschungsflughafen.de\/wp-content\/uploads\/2021\/03\/forschungsflughafen_logo.jpg"},{"@type":"BreadcrumbList","@id":"https:\/\/www.forschungsflughafen.de\/de\/ueber-uns\/#breadcrumb","itemListElement":[{"@type":"ListItem","position":1,"name":"Startseite","item":"https:\/\/www.forschungsflughafen.de\/de\/"},{"@type":"ListItem","position":2,"name":"\u00dcber Uns"}]},{"@type":"WebSite","@id":"https:\/\/www.forschungsflughafen.de\/de\/#website","url":"https:\/\/www.forschungsflughafen.de\/de\/","name":"Forschungsflughafen Braunschweig GmbH","description":"Eines der innovativsten Wirtschafts- und Wissenschaftscluster Europas","publisher":{"@id":"https:\/\/www.forschungsflughafen.de\/de\/#organization"},"potentialAction":[{"@type":"SearchAction","target":{"@type":"EntryPoint","urlTemplate":"https:\/\/www.forschungsflughafen.de\/de\/?s={search_term_string}"},"query-input":{"@type":"PropertyValueSpecification","valueRequired":true,"valueName":"search_term_string"}}],"inLanguage":"de"},{"@type":"Organization","@id":"https:\/\/www.forschungsflughafen.de\/de\/#organization","name":"Forschungsflughafen Braunschweig GmbH","url":"https:\/\/www.forschungsflughafen.de\/de\/","logo":{"@type":"ImageObject","inLanguage":"de","@id":"https:\/\/www.forschungsflughafen.de\/de\/#\/schema\/logo\/image\/","url":"https:\/\/www.forschungsflughafen.de\/wp-content\/uploads\/2021\/09\/Rosette.png","contentUrl":"https:\/\/www.forschungsflughafen.de\/wp-content\/uploads\/2021\/09\/Rosette.png","width":130,"height":129,"caption":"Forschungsflughafen Braunschweig GmbH"},"image":{"@id":"https:\/\/www.forschungsflughafen.de\/de\/#\/schema\/logo\/image\/"}}]}},"_links":{"self":[{"href":"https:\/\/www.forschungsflughafen.de\/de\/wp-json\/wp\/v2\/pages\/1639","targetHints":{"allow":["GET"]}}],"collection":[{"href":"https:\/\/www.forschungsflughafen.de\/de\/wp-json\/wp\/v2\/pages"}],"about":[{"href":"https:\/\/www.forschungsflughafen.de\/de\/wp-json\/wp\/v2\/types\/page"}],"author":[{"embeddable":true,"href":"https:\/\/www.forschungsflughafen.de\/de\/wp-json\/wp\/v2\/users\/6"}],"replies":[{"embeddable":true,"href":"https:\/\/www.forschungsflughafen.de\/de\/wp-json\/wp\/v2\/comments?post=1639"}],"version-history":[{"count":44,"href":"https:\/\/www.forschungsflughafen.de\/de\/wp-json\/wp\/v2\/pages\/1639\/revisions"}],"predecessor-version":[{"id":2953,"href":"https:\/\/www.forschungsflughafen.de\/de\/wp-json\/wp\/v2\/pages\/1639\/revisions\/2953"}],"wp:attachment":[{"href":"https:\/\/www.forschungsflughafen.de\/de\/wp-json\/wp\/v2\/media?parent=1639"}],"curies":[{"name":"wp","href":"https:\/\/api.w.org\/{rel}","templated":true}]}}