{"id":1240,"date":"2015-10-28T23:02:07","date_gmt":"2015-10-28T22:02:07","guid":{"rendered":"https:\/\/asp-reha.de\/?page_id=5"},"modified":"2026-03-25T17:30:23","modified_gmt":"2026-03-25T16:30:23","slug":"home","status":"publish","type":"page","link":"https:\/\/www.forschungsflughafen.de\/de\/","title":{"rendered":"Forschungsflughafen Braunschweig GmbH &#8211; Home"},"content":{"rendered":"<p><div class=\"fusion-fullwidth fullwidth-box fusion-builder-row-1 fusion-flex-container nonhundred-percent-fullwidth non-hundred-percent-height-scrolling\" style=\"--awb-border-radius-top-left:0px;--awb-border-radius-top-right:0px;--awb-border-radius-bottom-right:0px;--awb-border-radius-bottom-left:0px;--awb-flex-wrap:wrap;\" ><div class=\"fusion-builder-row fusion-row fusion-flex-align-items-flex-start fusion-flex-content-wrap\" style=\"max-width:832px;margin-left: calc(-4% \/ 2 );margin-right: calc(-4% \/ 2 );\"><div class=\"fusion-layout-column fusion_builder_column fusion-builder-column-0 fusion_builder_column_1_1 1_1 fusion-flex-column\" style=\"--awb-bg-size:cover;--awb-width-large:100%;--awb-margin-top-large:15px;--awb-spacing-right-large:1.92%;--awb-margin-bottom-large:15px;--awb-spacing-left-large:1.92%;--awb-width-medium:100%;--awb-order-medium:0;--awb-spacing-right-medium:1.92%;--awb-spacing-left-medium:1.92%;--awb-width-small:100%;--awb-order-small:0;--awb-spacing-right-small:1.92%;--awb-spacing-left-small:1.92%;\"><div class=\"fusion-column-wrapper fusion-column-has-shadow fusion-flex-justify-content-flex-start fusion-content-layout-column\"><div class=\"fusion-title title fusion-title-1 fusion-sep-none fusion-title-text fusion-title-size-one\" style=\"--awb-font-size:20px;\"><h1 class=\"fusion-title-heading title-heading-left fusion-responsive-typography-calculated\" style=\"margin:0;font-size:1em;--fontSize:20;line-height:1.16;\">Forschungsflughafen Braunschweig GmbH &#8211; Home<\/h1><\/div><div class=\"fusion-text fusion-text-1\"><p>Der Forschungsflughafen Braunschweig ist eines der innovativsten Wirtschafts- und Wissenschaftscluster Europas. Mit seinem verkehrstr\u00e4ger\u00fcbergreifendem Portfolio entwickelt sich hier Europas f\u00fchrendes Kompetenzzentrum f\u00fcr Mobilit\u00e4tsfragen &#8211; sowohl bei Mobilit\u00e4t\/Automotive, Aviation, Rail, Zertifizierung und Energie.<\/p>\n<\/div><div class=\"fusion-video fusion-youtube\" style=\"--awb-max-width:600px;--awb-max-height:360px;\"><div class=\"video-shortcode\"> <div class=\"brlbs-cmpnt-container brlbs-cmpnt-content-blocker brlbs-cmpnt-with-individual-styles\" data-borlabs-cookie-content-blocker-id=\"youtube-content-blocker\" data-borlabs-cookie-content=\"PGxpdGUteW91dHViZSB2aWRlb2lkPSJVMDFwWXFMSXd2TSIgY2xhc3M9ImxhbmRzY2FwZSBsdHktbG9hZCIgcGFyYW1zPSJ3bW9kZT10cmFuc3BhcmVudCZhdXRvcGxheT0xJmFtcDtlbmFibGVqc2FwaT0xIiB0aXRsZT0iWW91VHViZSB2aWRlbyBwbGF5ZXIgMSIgZGF0YS1idXR0b24tbGFiZWw9IlBsYXkgVmlkZW8iIHdpZHRoPSI2MDAiIGhlaWdodD0iMzYwIiBkYXRhLXRodW1ibmFpbC1zaXplPSJhdXRvIiBkYXRhLW5vLWNvb2tpZT0ib24iPjwvbGl0ZS15b3V0dWJlPjxzY3JpcHQgZGF0YS1ib3JsYWJzLWNvb2tpZS1zY3JpcHQtYmxvY2tlci1pZ25vcmU+CihmdW5jdGlvbigpIHsKICAgIGNvbnN0IGZ1c2lvblZpZGVvID0gZG9jdW1lbnQuY3VycmVudFNjcmlwdC5jbG9zZXN0KCcuZnVzaW9uLXZpZGVvJyk7CiAgICBpZiAoIWZ1c2lvblZpZGVvIHx8IHR5cGVvZiBqUXVlcnkgPT09ICd1bmRlZmluZWQnKSB7CiAgICAgICAgcmV0dXJuOwogICAgfQogICAgIWpRdWVyeShmdXNpb25WaWRlbykucGFyZW50cygiLmZ1c2lvbi1tb2RhbCIpLmxlbmd0aCAmJiAxID09IGpRdWVyeShmdXNpb25WaWRlbykuZGF0YSgiYXV0b3BsYXkiKSAmJiBqUXVlcnkoZnVzaW9uVmlkZW8pLmlzKCI6dmlzaWJsZSIpICYmIGpRdWVyeShmdXNpb25WaWRlbykuZmluZCgiaWZyYW1lIikuZWFjaCgoZnVuY3Rpb24gKCkgewogICAgICBqUXVlcnkodGhpcykuaGFzQ2xhc3MoImxhenlsb2FkIikgPyBqUXVlcnkodGhpcykub24oImxhenlsb2FkZWQiLCAoZnVuY3Rpb24gKCkgewogICAgICAgIHRoaXMuY29udGVudFdpbmRvdy5sb2NhdGlvbi5yZXBsYWNlKGpRdWVyeSh0aGlzKS5hdHRyKCJkYXRhLW9yaWctc3JjIikucmVwbGFjZSgiYXV0b3BsYXk9MCIsICJhdXRvcGxheT0xIikpCiAgICAgIH0pKSA6IGpRdWVyeSh0aGlzKS5hdHRyKCJzcmMiLCBqUXVlcnkodGhpcykuYXR0cigic3JjIikucmVwbGFjZSgiYXV0b3BsYXk9MCIsICJhdXRvcGxheT0xIikpCiAgICB9KSkKfSkoKTsKPC9zY3JpcHQ+\"><div class=\"brlbs-cmpnt-cb-preset-c brlbs-cmpnt-cb-youtube\"> <div class=\"brlbs-cmpnt-cb-thumbnail\" style=\"background-image: url('https:\/\/www.forschungsflughafen.de\/wp-content\/uploads\/borlabs-cookie\/1\/brlbs-cb-youtube-main.png')\"><\/div> <div class=\"brlbs-cmpnt-cb-main\"> <div class=\"brlbs-cmpnt-cb-play-button\"><\/div> <div class=\"brlbs-cmpnt-cb-content\"> <p class=\"brlbs-cmpnt-cb-description\">Sie sehen gerade einen Platzhalterinhalt von <strong>YouTube<\/strong>. Um auf den eigentlichen Inhalt zuzugreifen, klicken Sie auf die Schaltfl\u00e4che unten. Bitte beachten Sie, dass dabei Daten an Drittanbieter weitergegeben werden.<\/p> <a class=\"brlbs-cmpnt-cb-provider-toggle\" href=\"#\" data-borlabs-cookie-show-provider-information role=\"button\">Mehr Informationen<\/a> <\/div> <div class=\"brlbs-cmpnt-cb-buttons\"> <a class=\"brlbs-cmpnt-cb-btn\" href=\"#\" data-borlabs-cookie-unblock role=\"button\">Inhalt entsperren<\/a> <a class=\"brlbs-cmpnt-cb-btn\" href=\"#\" data-borlabs-cookie-accept-service role=\"button\" style=\"display: inherit\">Erforderlichen Service akzeptieren und Inhalte entsperren<\/a> <\/div> <\/div> <\/div><\/div><\/div><\/div><div class=\"fusion-text fusion-text-2\"><p>Die Besonderheit ist die international einmalige Infrastruktur mit Forschungsflugzeugen, Windkan\u00e4len, Simulatoren und Pr\u00fcfst\u00e4nden, die neben der Flughafeninfrastruktur konzentriert auf einem Ort vorhanden ist. Dazu eine Zulassungsbeh\u00f6rde, wie das LBA (Luftfahrt-Bundesamt) und die BFU (Bundesstelle f\u00fcr Flugunfalluntersuchung), die das Netzwerk erg\u00e4nzen.<\/p>\n<p>Zum Netzwerk geh\u00f6ren au\u00dferdem rund 40 klein- und mittelst\u00e4ndische Unternehmen aus den Bereichen Luft- und Raumfahrt und der Verkehrstechnik. Unter ihnen einige Weltmarktf\u00fchrer, wie beispielsweise die Aerodata AG im Bereich der Flight Inspection Systeme oder die Simtec simulation technology GmbH im Bereich der Systemanbieter f\u00fcr die realistische Simulation von komplexen Bewegungsvorg\u00e4ngen sowohl in Luft- und Raumfahrt als auch im Fahrzeugverkehr und in der Entertainmentindustrie.<\/p>\n<p>Das Leistungsspektrum reicht von der Grundlagenforschung bis zu anwendungsnahen Technologieentwicklungen und \u2013erprobungen.<\/p>\n<p>Der Forschungsflughafen sichert aktuell unmittelbar rund 3.700 hochqualifizierte Arbeitspl\u00e4tze direkt vor Ort und mehr als 4.000 in der Umgebung. In den Jahren 2004 bis heute hat sich die Zahl der Besch\u00e4ftigten am Forschungsflughafen von rund 1.600 mehr als verdoppelt und die Erfolgsstory setzt sich fort.<\/p>\n<p>Nach Einzug der ersten Mieter im Sommer 2017 im Lilienthalhaus, erfolgen bereits Planungen zur Entwicklung eines Lilienthalquartiers. Das Parkhaus mit Forschungsbereich wurde im Sp\u00e4tsommer 2018 er\u00f6ffnet und der Lilienthalplatz umgestaltet. Es ist ein st\u00e4dtebaulich attraktives Tor zur Stadt entstanden. F\u00fcr kurze Besuche bietet sich der kleine Parkplatz direkt zwischen Restaurant, Flughafengeb\u00e4ude und Lilienthalhaus an. Das Lilienthalhaus 2 befindet sich bereits in Planung.<\/p>\n<p>Das langj\u00e4hrige italienische Restaurant und Steakhouse &#8222;Il Terrazzo&#8220; l\u00e4dt mit seinem kulinarischen Angebot mit Blick auf Start- und Landebahn ein.<\/p>\n<p>Der Standort w\u00e4chst weiter.<\/p>\n<\/div><\/div><\/div><\/div><\/div><div class=\"fusion-fullwidth fullwidth-box fusion-builder-row-2 fusion-flex-container nonhundred-percent-fullwidth non-hundred-percent-height-scrolling\" style=\"--awb-border-radius-top-left:0px;--awb-border-radius-top-right:0px;--awb-border-radius-bottom-right:0px;--awb-border-radius-bottom-left:0px;--awb-flex-wrap:wrap;\" ><div class=\"fusion-builder-row fusion-row fusion-flex-align-items-flex-start fusion-flex-content-wrap\" style=\"max-width:832px;margin-left: calc(-4% \/ 2 );margin-right: calc(-4% \/ 2 );\"><div class=\"fusion-layout-column fusion_builder_column fusion-builder-column-1 fusion_builder_column_1_1 1_1 fusion-flex-column\" style=\"--awb-bg-size:cover;--awb-width-large:100%;--awb-margin-top-large:15px;--awb-spacing-right-large:1.92%;--awb-margin-bottom-large:15px;--awb-spacing-left-large:1.92%;--awb-width-medium:100%;--awb-order-medium:0;--awb-spacing-right-medium:1.92%;--awb-spacing-left-medium:1.92%;--awb-width-small:100%;--awb-order-small:0;--awb-spacing-right-small:1.92%;--awb-spacing-left-small:1.92%;\"><div class=\"fusion-column-wrapper fusion-column-has-shadow fusion-flex-justify-content-flex-start fusion-content-layout-column\"><div class=\"fusion-text fusion-text-3\" style=\"--awb-text-transform:none;\"><h2>NEUIGKEITEN<\/h2>\n<\/div><div class=\"fusion-separator fusion-full-width-sep\" style=\"align-self: center;margin-left: auto;margin-right: auto;width:100%;max-width:100%;\"><div class=\"fusion-separator-border sep-single sep-solid\" style=\"--awb-height:20px;--awb-amount:20px;border-color:#e0dede;border-top-width:1px;\"><\/div><\/div><div class=\"fusion-separator fusion-full-width-sep\" style=\"align-self: center;margin-left: auto;margin-right: auto;margin-top:15px;margin-bottom:15px;width:100%;\"><\/div><div class=\"fusion-text fusion-text-4\" style=\"--awb-text-transform:none;\"><h3 data-fontsize=\"16\" data-lineheight=\"20px\" class=\"fusion-responsive-typography-calculated\" style=\"--fontSize:16; line-height: 1.25; --minFontSize:16;\"><strong>+++ Besser Smart +++<\/strong><\/h3>\n<p>Wir m\u00f6chten an dieser Stelle auf Besser Smart aufmerksam machen. Dahinter verbirgt sich ein umfangreiches Informations- und Innovationsportal zu verschiedenen Themen auch rund um smarte Mobilit\u00e4t.<\/p>\n<p>Ein Klick auf https:\/\/www.braunschweig.de\/innovationsportal\/smarte-mobilitaet.php <span style=\"color: var(--awb-text-color); font-family: var(--awb-text-font-family); font-size: var(--awb-font-size); font-style: var(--awb-text-font-style); font-weight: var(--awb-text-font-weight); letter-spacing: var(--awb-letter-spacing); text-align: var(--awb-content-alignment); text-transform: var(--awb-text-transform); background-color: var(--awb-bg-color-hover);\">lo<\/span><span style=\"color: var(--awb-text-color); font-family: var(--awb-text-font-family); font-size: var(--awb-font-size); font-style: var(--awb-text-font-style); font-weight: var(--awb-text-font-weight); letter-spacing: var(--awb-letter-spacing); text-align: var(--awb-content-alignment); text-transform: var(--awb-text-transform); background-color: var(--awb-bg-color-hover);\">hnt sich.<\/span><\/p>\n<h3 data-fontsize=\"16\" data-lineheight=\"20px\" class=\"fusion-responsive-typography-calculated\" style=\"--fontSize:16; line-height: 1.25; --minFontSize:16;\"><strong>Luftfahrt der Zukunft<\/strong><\/h3>\n<p>Die Vortragsreihe &#8222;Luftfahrt der Zukunft&#8220; wird mit den Partnern DGLR (Deutsche Gesellschaft f\u00fcr Luft- und Raumfahrt), dem DLR (Deutsches Zentrum f\u00fcr Luft- und Raumfahrt e.V.), dem NFL (Nieders\u00e4chsisches Forschungszentrum f\u00fcr Luftfahrt), dem VDI (Verein Deutscher Ingenieure e.V.) und Unterst\u00fctzung des Forschungsflughafens sowie des Hauses der Wissenschaft fortgesetzt. Mit Vortr\u00e4gen und Exkursionen k\u00f6nnen Sie wieder einen Einblick in die Luftfahrt erhalten.<\/p>\n<p><b>30.03.2026 &#8211; 19:00 Uhr<\/b><\/p>\n<p><b>Vortrag: Schutz vor Kleindrohnen \u2013 Eine aktuelle und zuk\u00fcnftige Herausforderung<\/b><\/p>\n<p><b>Referent: Dr. Andreas Bierig, komm. Direktor des DLR-Instituts f\u00fcr Flugsystemtechnik<\/b><\/p>\n<p><span style=\"color: var(--body_typography-color); font-family: var(--body_typography-font-family); font-size: var(--body_typography-font-size); font-style: var(--body_typography-font-style,normal); font-weight: var(--body_typography-font-weight); letter-spacing: var(--body_typography-letter-spacing);\">Das Programm und weitere Informationen erhalten Sie \u00fcber folgenden Link:<\/span><\/p>\n<p><a href=\"http:\/\/www.luftfahrt-der-zukunft.de\">www.luftfahrt-der-zukunft.de<\/a><\/p>\n<\/p>\n<h3 data-fontsize=\"16\" data-lineheight=\"20px\" class=\"fusion-responsive-typography-calculated\" style=\"--fontSize:16; line-height: 1.25; --minFontSize:16;\"><strong>Lilienthalhaus am Forschungsflughafen Braunschweig<\/strong><\/h3>\n<\/p>\n<div id=\"attachment_2424\" style=\"width: 510px\" class=\"wp-caption alignleft\"><a href=\"https:\/\/www.forschungsflughafen.de\/standort\/lilienthalhaus\/\"><img decoding=\"async\" aria-describedby=\"caption-attachment-2424\" class=\"wp-image-2424 size-medium\" src=\"https:\/\/www.forschungsflughafen.de\/wp-content\/uploads\/2021\/06\/LTH_Bild-500x329.jpg\" alt=\"\" width=\"500\" height=\"329\" srcset=\"https:\/\/www.forschungsflughafen.de\/wp-content\/uploads\/2021\/06\/LTH_Bild-200x132.jpg 200w, https:\/\/www.forschungsflughafen.de\/wp-content\/uploads\/2021\/06\/LTH_Bild-400x263.jpg 400w, https:\/\/www.forschungsflughafen.de\/wp-content\/uploads\/2021\/06\/LTH_Bild-500x329.jpg 500w, https:\/\/www.forschungsflughafen.de\/wp-content\/uploads\/2021\/06\/LTH_Bild-600x395.jpg 600w, https:\/\/www.forschungsflughafen.de\/wp-content\/uploads\/2021\/06\/LTH_Bild-768x505.jpg 768w, https:\/\/www.forschungsflughafen.de\/wp-content\/uploads\/2021\/06\/LTH_Bild-800x526.jpg 800w, https:\/\/www.forschungsflughafen.de\/wp-content\/uploads\/2021\/06\/LTH_Bild-1024x674.jpg 1024w, https:\/\/www.forschungsflughafen.de\/wp-content\/uploads\/2021\/06\/LTH_Bild-1200x789.jpg 1200w, https:\/\/www.forschungsflughafen.de\/wp-content\/uploads\/2021\/06\/LTH_Bild.jpg 1210w\" sizes=\"(max-width: 500px) 100vw, 500px\" \/><\/a><p id=\"caption-attachment-2424\" class=\"wp-caption-text\">Lilienthalhaus<\/p><\/div>\n<\/div><\/div><\/div><\/div><\/div><\/p>\n","protected":false},"excerpt":{"rendered":"","protected":false},"author":6,"featured_media":0,"parent":0,"menu_order":0,"comment_status":"closed","ping_status":"closed","template":"","meta":{"footnotes":""},"class_list":["post-1240","page","type-page","status-publish","hentry"],"yoast_head":"<!-- This site is optimized with the Yoast SEO plugin v27.6 - https:\/\/yoast.com\/product\/yoast-seo-wordpress\/ -->\n<title>Forschungsflughafen Braunschweig GmbH<\/title>\n<meta name=\"description\" content=\"Der Forschungsflughafen Braunschweig ist eines der innovativsten Wirtschafts- und Wissenschaftscluster Europas.\" \/>\n<meta name=\"robots\" content=\"index, follow, max-snippet:-1, max-image-preview:large, max-video-preview:-1\" \/>\n<link rel=\"canonical\" href=\"https:\/\/www.forschungsflughafen.de\/de\/\" \/>\n<meta property=\"og:locale\" content=\"de_DE\" \/>\n<meta property=\"og:type\" content=\"article\" \/>\n<meta property=\"og:title\" content=\"Forschungsflughafen Braunschweig GmbH\" \/>\n<meta property=\"og:description\" content=\"Der Forschungsflughafen Braunschweig ist eines der innovativsten Wirtschafts- und Wissenschaftscluster Europas.\" \/>\n<meta property=\"og:url\" content=\"https:\/\/www.forschungsflughafen.de\/de\/\" \/>\n<meta property=\"og:site_name\" content=\"Forschungsflughafen Braunschweig GmbH\" \/>\n<meta property=\"article:modified_time\" content=\"2026-03-25T16:30:23+00:00\" \/>\n<meta property=\"og:image\" content=\"https:\/\/www.forschungsflughafen.de\/wp-content\/uploads\/2021\/06\/LTH_Bild.jpg\" \/>\n\t<meta property=\"og:image:width\" content=\"1210\" \/>\n\t<meta property=\"og:image:height\" content=\"796\" \/>\n\t<meta property=\"og:image:type\" content=\"image\/jpeg\" \/>\n<meta name=\"twitter:card\" content=\"summary_large_image\" \/>\n<meta name=\"twitter:label1\" content=\"Gesch\u00e4tzte Lesezeit\" \/>\n\t<meta name=\"twitter:data1\" content=\"7\u00a0Minuten\" \/>\n<script type=\"application\/ld+json\" class=\"yoast-schema-graph\">{\"@context\":\"https:\\\/\\\/schema.org\",\"@graph\":[{\"@type\":\"WebPage\",\"@id\":\"https:\\\/\\\/www.forschungsflughafen.de\\\/de\\\/\",\"url\":\"https:\\\/\\\/www.forschungsflughafen.de\\\/de\\\/\",\"name\":\"Forschungsflughafen Braunschweig GmbH\",\"isPartOf\":{\"@id\":\"https:\\\/\\\/www.forschungsflughafen.de\\\/de\\\/#website\"},\"primaryImageOfPage\":{\"@id\":\"https:\\\/\\\/www.forschungsflughafen.de\\\/de\\\/#primaryimage\"},\"image\":{\"@id\":\"https:\\\/\\\/www.forschungsflughafen.de\\\/de\\\/#primaryimage\"},\"thumbnailUrl\":\"https:\\\/\\\/www.forschungsflughafen.de\\\/wp-content\\\/uploads\\\/2021\\\/06\\\/LTH_Bild-500x329.jpg\",\"datePublished\":\"2015-10-28T22:02:07+00:00\",\"dateModified\":\"2026-03-25T16:30:23+00:00\",\"description\":\"Der Forschungsflughafen Braunschweig ist eines der innovativsten Wirtschafts- und Wissenschaftscluster Europas.\",\"breadcrumb\":{\"@id\":\"https:\\\/\\\/www.forschungsflughafen.de\\\/de\\\/#breadcrumb\"},\"inLanguage\":\"de\",\"potentialAction\":[{\"@type\":\"ReadAction\",\"target\":[\"https:\\\/\\\/www.forschungsflughafen.de\\\/de\\\/\"]}]},{\"@type\":\"ImageObject\",\"inLanguage\":\"de\",\"@id\":\"https:\\\/\\\/www.forschungsflughafen.de\\\/de\\\/#primaryimage\",\"url\":\"https:\\\/\\\/www.forschungsflughafen.de\\\/wp-content\\\/uploads\\\/2021\\\/06\\\/LTH_Bild-500x329.jpg\",\"contentUrl\":\"https:\\\/\\\/www.forschungsflughafen.de\\\/wp-content\\\/uploads\\\/2021\\\/06\\\/LTH_Bild-500x329.jpg\"},{\"@type\":\"BreadcrumbList\",\"@id\":\"https:\\\/\\\/www.forschungsflughafen.de\\\/de\\\/#breadcrumb\",\"itemListElement\":[{\"@type\":\"ListItem\",\"position\":1,\"name\":\"Startseite\",\"item\":\"https:\\\/\\\/www.forschungsflughafen.de\\\/de\\\/\"},{\"@type\":\"ListItem\",\"position\":2,\"name\":\"Forschungsflughafen Braunschweig GmbH &#8211; Home\"}]},{\"@type\":\"WebSite\",\"@id\":\"https:\\\/\\\/www.forschungsflughafen.de\\\/de\\\/#website\",\"url\":\"https:\\\/\\\/www.forschungsflughafen.de\\\/de\\\/\",\"name\":\"Forschungsflughafen Braunschweig GmbH\",\"description\":\"Eines der innovativsten Wirtschafts- und Wissenschaftscluster Europas\",\"publisher\":{\"@id\":\"https:\\\/\\\/www.forschungsflughafen.de\\\/de\\\/#organization\"},\"potentialAction\":[{\"@type\":\"SearchAction\",\"target\":{\"@type\":\"EntryPoint\",\"urlTemplate\":\"https:\\\/\\\/www.forschungsflughafen.de\\\/de\\\/?s={search_term_string}\"},\"query-input\":{\"@type\":\"PropertyValueSpecification\",\"valueRequired\":true,\"valueName\":\"search_term_string\"}}],\"inLanguage\":\"de\"},{\"@type\":\"Organization\",\"@id\":\"https:\\\/\\\/www.forschungsflughafen.de\\\/de\\\/#organization\",\"name\":\"Forschungsflughafen Braunschweig GmbH\",\"url\":\"https:\\\/\\\/www.forschungsflughafen.de\\\/de\\\/\",\"logo\":{\"@type\":\"ImageObject\",\"inLanguage\":\"de\",\"@id\":\"https:\\\/\\\/www.forschungsflughafen.de\\\/de\\\/#\\\/schema\\\/logo\\\/image\\\/\",\"url\":\"https:\\\/\\\/www.forschungsflughafen.de\\\/wp-content\\\/uploads\\\/2021\\\/09\\\/Rosette.png\",\"contentUrl\":\"https:\\\/\\\/www.forschungsflughafen.de\\\/wp-content\\\/uploads\\\/2021\\\/09\\\/Rosette.png\",\"width\":130,\"height\":129,\"caption\":\"Forschungsflughafen Braunschweig GmbH\"},\"image\":{\"@id\":\"https:\\\/\\\/www.forschungsflughafen.de\\\/de\\\/#\\\/schema\\\/logo\\\/image\\\/\"}}]}<\/script>\n<!-- \/ Yoast SEO plugin. -->","yoast_head_json":{"title":"Forschungsflughafen Braunschweig GmbH","description":"Der Forschungsflughafen Braunschweig ist eines der innovativsten Wirtschafts- und Wissenschaftscluster Europas.","robots":{"index":"index","follow":"follow","max-snippet":"max-snippet:-1","max-image-preview":"max-image-preview:large","max-video-preview":"max-video-preview:-1"},"canonical":"https:\/\/www.forschungsflughafen.de\/de\/","og_locale":"de_DE","og_type":"article","og_title":"Forschungsflughafen Braunschweig GmbH","og_description":"Der Forschungsflughafen Braunschweig ist eines der innovativsten Wirtschafts- und Wissenschaftscluster Europas.","og_url":"https:\/\/www.forschungsflughafen.de\/de\/","og_site_name":"Forschungsflughafen Braunschweig GmbH","article_modified_time":"2026-03-25T16:30:23+00:00","og_image":[{"width":1210,"height":796,"url":"https:\/\/www.forschungsflughafen.de\/wp-content\/uploads\/2021\/06\/LTH_Bild.jpg","type":"image\/jpeg"}],"twitter_card":"summary_large_image","twitter_misc":{"Gesch\u00e4tzte Lesezeit":"7\u00a0Minuten"},"schema":{"@context":"https:\/\/schema.org","@graph":[{"@type":"WebPage","@id":"https:\/\/www.forschungsflughafen.de\/de\/","url":"https:\/\/www.forschungsflughafen.de\/de\/","name":"Forschungsflughafen Braunschweig GmbH","isPartOf":{"@id":"https:\/\/www.forschungsflughafen.de\/de\/#website"},"primaryImageOfPage":{"@id":"https:\/\/www.forschungsflughafen.de\/de\/#primaryimage"},"image":{"@id":"https:\/\/www.forschungsflughafen.de\/de\/#primaryimage"},"thumbnailUrl":"https:\/\/www.forschungsflughafen.de\/wp-content\/uploads\/2021\/06\/LTH_Bild-500x329.jpg","datePublished":"2015-10-28T22:02:07+00:00","dateModified":"2026-03-25T16:30:23+00:00","description":"Der Forschungsflughafen Braunschweig ist eines der innovativsten Wirtschafts- und Wissenschaftscluster Europas.","breadcrumb":{"@id":"https:\/\/www.forschungsflughafen.de\/de\/#breadcrumb"},"inLanguage":"de","potentialAction":[{"@type":"ReadAction","target":["https:\/\/www.forschungsflughafen.de\/de\/"]}]},{"@type":"ImageObject","inLanguage":"de","@id":"https:\/\/www.forschungsflughafen.de\/de\/#primaryimage","url":"https:\/\/www.forschungsflughafen.de\/wp-content\/uploads\/2021\/06\/LTH_Bild-500x329.jpg","contentUrl":"https:\/\/www.forschungsflughafen.de\/wp-content\/uploads\/2021\/06\/LTH_Bild-500x329.jpg"},{"@type":"BreadcrumbList","@id":"https:\/\/www.forschungsflughafen.de\/de\/#breadcrumb","itemListElement":[{"@type":"ListItem","position":1,"name":"Startseite","item":"https:\/\/www.forschungsflughafen.de\/de\/"},{"@type":"ListItem","position":2,"name":"Forschungsflughafen Braunschweig GmbH &#8211; Home"}]},{"@type":"WebSite","@id":"https:\/\/www.forschungsflughafen.de\/de\/#website","url":"https:\/\/www.forschungsflughafen.de\/de\/","name":"Forschungsflughafen Braunschweig GmbH","description":"Eines der innovativsten Wirtschafts- und Wissenschaftscluster Europas","publisher":{"@id":"https:\/\/www.forschungsflughafen.de\/de\/#organization"},"potentialAction":[{"@type":"SearchAction","target":{"@type":"EntryPoint","urlTemplate":"https:\/\/www.forschungsflughafen.de\/de\/?s={search_term_string}"},"query-input":{"@type":"PropertyValueSpecification","valueRequired":true,"valueName":"search_term_string"}}],"inLanguage":"de"},{"@type":"Organization","@id":"https:\/\/www.forschungsflughafen.de\/de\/#organization","name":"Forschungsflughafen Braunschweig GmbH","url":"https:\/\/www.forschungsflughafen.de\/de\/","logo":{"@type":"ImageObject","inLanguage":"de","@id":"https:\/\/www.forschungsflughafen.de\/de\/#\/schema\/logo\/image\/","url":"https:\/\/www.forschungsflughafen.de\/wp-content\/uploads\/2021\/09\/Rosette.png","contentUrl":"https:\/\/www.forschungsflughafen.de\/wp-content\/uploads\/2021\/09\/Rosette.png","width":130,"height":129,"caption":"Forschungsflughafen Braunschweig GmbH"},"image":{"@id":"https:\/\/www.forschungsflughafen.de\/de\/#\/schema\/logo\/image\/"}}]}},"_links":{"self":[{"href":"https:\/\/www.forschungsflughafen.de\/de\/wp-json\/wp\/v2\/pages\/1240","targetHints":{"allow":["GET"]}}],"collection":[{"href":"https:\/\/www.forschungsflughafen.de\/de\/wp-json\/wp\/v2\/pages"}],"about":[{"href":"https:\/\/www.forschungsflughafen.de\/de\/wp-json\/wp\/v2\/types\/page"}],"author":[{"embeddable":true,"href":"https:\/\/www.forschungsflughafen.de\/de\/wp-json\/wp\/v2\/users\/6"}],"replies":[{"embeddable":true,"href":"https:\/\/www.forschungsflughafen.de\/de\/wp-json\/wp\/v2\/comments?post=1240"}],"version-history":[{"count":187,"href":"https:\/\/www.forschungsflughafen.de\/de\/wp-json\/wp\/v2\/pages\/1240\/revisions"}],"predecessor-version":[{"id":2963,"href":"https:\/\/www.forschungsflughafen.de\/de\/wp-json\/wp\/v2\/pages\/1240\/revisions\/2963"}],"wp:attachment":[{"href":"https:\/\/www.forschungsflughafen.de\/de\/wp-json\/wp\/v2\/media?parent=1240"}],"curies":[{"name":"wp","href":"https:\/\/api.w.org\/{rel}","templated":true}]}}